{"id":6826,"date":"2018-05-22T12:57:28","date_gmt":"2018-05-22T10:57:28","guid":{"rendered":"http:\/\/ksiegarnia-akademicka.pl\/index.php\/product\/model-odpowiedzialnosci-administracyjnej-w-prawie-zywnosciowym\/"},"modified":"2018-05-22T12:57:28","modified_gmt":"2018-05-22T10:57:28","slug":"model-odpowiedzialnosci-administracyjnej-w-prawie-zywnosciowym","status":"publish","type":"product","link":"https:\/\/ksiegarnia-akademicka.pl\/index.php\/product\/model-odpowiedzialnosci-administracyjnej-w-prawie-zywnosciowym\/","title":{"rendered":"Model odpowiedzialno\u015bci administracyjnej w prawie \u017cywno\u015bciowym"},"content":{"rendered":"","protected":false},"excerpt":{"rendered":"","protected":false},"featured_media":0,"template":"","meta":[],"product_brand":[],"product_cat":[16],"product_tag":[7209],"class_list":{"0":"post-6826","1":"product","2":"type-product","3":"status-publish","5":"product_cat-ksiegarnia-akademicka-radom","6":"product_tag-administracja-samorzad-terytorialny-ekologia-ochrona-srodowiska-komentarze-i-opracowania-prawne-prawo-rolne-prawo-o-ochronie-srodowiska","8":"first","9":"instock","10":"shipping-taxable","11":"purchasable","12":"product-type-simple"},"_links":{"self":[{"href":"https:\/\/ksiegarnia-akademicka.pl\/index.php\/wp-json\/wp\/v2\/product\/6826","targetHints":{"allow":["GET"]}}],"collection":[{"href":"https:\/\/ksiegarnia-akademicka.pl\/index.php\/wp-json\/wp\/v2\/product"}],"about":[{"href":"https:\/\/ksiegarnia-akademicka.pl\/index.php\/wp-json\/wp\/v2\/types\/product"}],"wp:attachment":[{"href":"https:\/\/ksiegarnia-akademicka.pl\/index.php\/wp-json\/wp\/v2\/media?parent=6826"}],"wp:term":[{"taxonomy":"product_brand","embeddable":true,"href":"https:\/\/ksiegarnia-akademicka.pl\/index.php\/wp-json\/wp\/v2\/product_brand?post=6826"},{"taxonomy":"product_cat","embeddable":true,"href":"https:\/\/ksiegarnia-akademicka.pl\/index.php\/wp-json\/wp\/v2\/product_cat?post=6826"},{"taxonomy":"product_tag","embeddable":true,"href":"https:\/\/ksiegarnia-akademicka.pl\/index.php\/wp-json\/wp\/v2\/product_tag?post=6826"}],"curies":[{"name":"wp","href":"https:\/\/api.w.org\/{rel}","templated":true}]}}