{"id":6807,"date":"2018-05-22T12:57:25","date_gmt":"2018-05-22T10:57:25","guid":{"rendered":"http:\/\/ksiegarnia-akademicka.pl\/index.php\/product\/tworcze-pisanie-w-teorii-i-praktyce\/"},"modified":"2019-11-28T09:35:22","modified_gmt":"2019-11-28T08:35:22","slug":"tworcze-pisanie-w-teorii-i-praktyce","status":"publish","type":"product","link":"https:\/\/ksiegarnia-akademicka.pl\/index.php\/product\/tworcze-pisanie-w-teorii-i-praktyce\/","title":{"rendered":"Tw\u00f3rcze pisanie w teorii i praktyce"},"content":{"rendered":"<p>Redakcja: Matuszek Gabriela, Sieja-Skrzypulec Hanna<br \/>\nWydawca: Ksi\u0119garnia Akademicka<br \/>\nOprawa: Twarda<br \/>\nFormat: 15.5&#215;22.0cm<br \/>\nLiczba stron: 296<br \/>\nRok wydania: 2015<\/p>\n<p>Tw\u00f3rczo\u015b\u0107, w tym literacka, rozgrywa si\u0119 w sferze tajemnicy. To przestrze\u0144 niepoznawalna, a proces tw\u00f3rczy jest nieprzenikniony i nieprzewidywalny, przebiega w przestrzeniach, do kt\u00f3rych intelekt ma wgl\u0105d ograniczony.<br \/>\nTw\u00f3rczo\u015bci nie mo\u017cna wi\u0119c &#8222;nauczy\u0107&#8221;. Czemu zatem s\u0142u\u017c\u0105 kursy tw\u00f3rczego pisania?<br \/>\nNiniejszy tom jest pierwszym polskim zbiorem studi\u00f3w, szkic\u00f3w i wyk\u0142ad\u00f3w z zakresu teorii, dydaktyki i praktyki tw\u00f3rczego pisania.<\/p>\n","protected":false},"excerpt":{"rendered":"<p>Redakcja: Matuszek Gabriela, Sieja-Skrzypulec Hanna Wydawca: Ksi\u0119garnia Akademicka Oprawa: Twarda [&hellip;]<\/p>\n","protected":false},"featured_media":8356,"template":"","meta":[],"product_brand":[],"product_cat":[7629],"product_tag":[6043,1257,6924],"class_list":{"0":"post-6807","1":"product","2":"type-product","3":"status-publish","4":"has-post-thumbnail","6":"product_cat-filologia-polska","7":"product_tag-literaturoznawstwo","8":"product_tag-poradniki","9":"product_tag-teoria-literatury","11":"first","12":"outofstock","13":"shipping-taxable","14":"purchasable","15":"product-type-simple"},"_links":{"self":[{"href":"https:\/\/ksiegarnia-akademicka.pl\/index.php\/wp-json\/wp\/v2\/product\/6807","targetHints":{"allow":["GET"]}}],"collection":[{"href":"https:\/\/ksiegarnia-akademicka.pl\/index.php\/wp-json\/wp\/v2\/product"}],"about":[{"href":"https:\/\/ksiegarnia-akademicka.pl\/index.php\/wp-json\/wp\/v2\/types\/product"}],"wp:featuredmedia":[{"embeddable":true,"href":"https:\/\/ksiegarnia-akademicka.pl\/index.php\/wp-json\/wp\/v2\/media\/8356"}],"wp:attachment":[{"href":"https:\/\/ksiegarnia-akademicka.pl\/index.php\/wp-json\/wp\/v2\/media?parent=6807"}],"wp:term":[{"taxonomy":"product_brand","embeddable":true,"href":"https:\/\/ksiegarnia-akademicka.pl\/index.php\/wp-json\/wp\/v2\/product_brand?post=6807"},{"taxonomy":"product_cat","embeddable":true,"href":"https:\/\/ksiegarnia-akademicka.pl\/index.php\/wp-json\/wp\/v2\/product_cat?post=6807"},{"taxonomy":"product_tag","embeddable":true,"href":"https:\/\/ksiegarnia-akademicka.pl\/index.php\/wp-json\/wp\/v2\/product_tag?post=6807"}],"curies":[{"name":"wp","href":"https:\/\/api.w.org\/{rel}","templated":true}]}}