{"id":6792,"date":"2018-05-22T12:57:22","date_gmt":"2018-05-22T10:57:22","guid":{"rendered":"http:\/\/ksiegarnia-akademicka.pl\/index.php\/product\/angielski-niezbednik-jezykowy-dla-opiekunow-osob-starszych-i-niepelnosprawnych\/"},"modified":"2018-05-22T12:57:22","modified_gmt":"2018-05-22T10:57:22","slug":"angielski-niezbednik-jezykowy-dla-opiekunow-osob-starszych-i-niepelnosprawnych","status":"publish","type":"product","link":"https:\/\/ksiegarnia-akademicka.pl\/index.php\/product\/angielski-niezbednik-jezykowy-dla-opiekunow-osob-starszych-i-niepelnosprawnych\/","title":{"rendered":"Angielski niezb\u0119dnik j\u0119zykowy dla opiekun\u00f3w os\u00f3b starszych i niepe\u0142nosprawnych"},"content":{"rendered":"","protected":false},"excerpt":{"rendered":"","protected":false},"featured_media":0,"template":"","meta":[],"product_brand":[],"product_cat":[16],"product_tag":[7294,3994],"class_list":{"0":"post-6792","1":"product","2":"type-product","3":"status-publish","5":"product_cat-ksiegarnia-akademicka-radom","6":"product_tag-j-obce","7":"product_tag-medycyna","9":"first","10":"instock","11":"shipping-taxable","12":"purchasable","13":"product-type-simple"},"_links":{"self":[{"href":"https:\/\/ksiegarnia-akademicka.pl\/index.php\/wp-json\/wp\/v2\/product\/6792","targetHints":{"allow":["GET"]}}],"collection":[{"href":"https:\/\/ksiegarnia-akademicka.pl\/index.php\/wp-json\/wp\/v2\/product"}],"about":[{"href":"https:\/\/ksiegarnia-akademicka.pl\/index.php\/wp-json\/wp\/v2\/types\/product"}],"wp:attachment":[{"href":"https:\/\/ksiegarnia-akademicka.pl\/index.php\/wp-json\/wp\/v2\/media?parent=6792"}],"wp:term":[{"taxonomy":"product_brand","embeddable":true,"href":"https:\/\/ksiegarnia-akademicka.pl\/index.php\/wp-json\/wp\/v2\/product_brand?post=6792"},{"taxonomy":"product_cat","embeddable":true,"href":"https:\/\/ksiegarnia-akademicka.pl\/index.php\/wp-json\/wp\/v2\/product_cat?post=6792"},{"taxonomy":"product_tag","embeddable":true,"href":"https:\/\/ksiegarnia-akademicka.pl\/index.php\/wp-json\/wp\/v2\/product_tag?post=6792"}],"curies":[{"name":"wp","href":"https:\/\/api.w.org\/{rel}","templated":true}]}}