{"id":6753,"date":"2018-05-22T12:57:15","date_gmt":"2018-05-22T10:57:15","guid":{"rendered":"http:\/\/ksiegarnia-akademicka.pl\/index.php\/product\/egzamin-na-tlumacza-przysieglego-w-praktyce-jezyk-angielski-analiza-jezykowa\/"},"modified":"2018-05-22T12:57:15","modified_gmt":"2018-05-22T10:57:15","slug":"egzamin-na-tlumacza-przysieglego-w-praktyce-jezyk-angielski-analiza-jezykowa","status":"publish","type":"product","link":"https:\/\/ksiegarnia-akademicka.pl\/index.php\/product\/egzamin-na-tlumacza-przysieglego-w-praktyce-jezyk-angielski-analiza-jezykowa\/","title":{"rendered":"Egzamin na t\u0142umacza przysi\u0119g\u0142ego w praktyce J\u0119zyk angielski. Analiza j\u0119zykowa"},"content":{"rendered":"","protected":false},"excerpt":{"rendered":"","protected":false},"featured_media":0,"template":"","meta":[],"product_brand":[],"product_cat":[16],"product_tag":[7294],"class_list":{"0":"post-6753","1":"product","2":"type-product","3":"status-publish","5":"product_cat-ksiegarnia-akademicka-radom","6":"product_tag-j-obce","8":"first","9":"instock","10":"shipping-taxable","11":"purchasable","12":"product-type-simple"},"_links":{"self":[{"href":"https:\/\/ksiegarnia-akademicka.pl\/index.php\/wp-json\/wp\/v2\/product\/6753","targetHints":{"allow":["GET"]}}],"collection":[{"href":"https:\/\/ksiegarnia-akademicka.pl\/index.php\/wp-json\/wp\/v2\/product"}],"about":[{"href":"https:\/\/ksiegarnia-akademicka.pl\/index.php\/wp-json\/wp\/v2\/types\/product"}],"wp:attachment":[{"href":"https:\/\/ksiegarnia-akademicka.pl\/index.php\/wp-json\/wp\/v2\/media?parent=6753"}],"wp:term":[{"taxonomy":"product_brand","embeddable":true,"href":"https:\/\/ksiegarnia-akademicka.pl\/index.php\/wp-json\/wp\/v2\/product_brand?post=6753"},{"taxonomy":"product_cat","embeddable":true,"href":"https:\/\/ksiegarnia-akademicka.pl\/index.php\/wp-json\/wp\/v2\/product_cat?post=6753"},{"taxonomy":"product_tag","embeddable":true,"href":"https:\/\/ksiegarnia-akademicka.pl\/index.php\/wp-json\/wp\/v2\/product_tag?post=6753"}],"curies":[{"name":"wp","href":"https:\/\/api.w.org\/{rel}","templated":true}]}}