{"id":6737,"date":"2018-05-22T12:57:12","date_gmt":"2018-05-22T10:57:12","guid":{"rendered":"http:\/\/ksiegarnia-akademicka.pl\/index.php\/product\/kinesio-taping\/"},"modified":"2019-07-12T09:51:01","modified_gmt":"2019-07-12T07:51:01","slug":"kinesio-taping","status":"publish","type":"product","link":"https:\/\/ksiegarnia-akademicka.pl\/index.php\/product\/kinesio-taping\/","title":{"rendered":"Kinesio taping"},"content":{"rendered":"<p>Autor:<br \/>\nAndrzej Markowski<br \/>\nWydawca: SBM<br \/>\nOprawa: Twarda<br \/>\nFormat: 16.5&#215;24.0cm<br \/>\nLiczba stron: 192<br \/>\nWydanie: 1<br \/>\nRok wydania: 2019<br \/>\nJ\u0119zyk wydania: polski<\/p>\n<p>Cia\u0142o cz\u0142owieka jest nieustannie nara\u017cone na liczne kontuzje. Wsp\u00f3\u0142czesna medycyna oferuje szeroki wachlarz metod leczenia b\u00f3lu i uszkodze\u0144 tkanek, a jedn\u0105 z nich jest plastrowanie. Ksi\u0105\u017cka Kinesio Taping to poradnik prezentuj\u0105cy podstawowe za\u0142o\u017cenia metody plastrowania terapeutycznego, jej histori\u0119, zastosowanie i wp\u0142yw na poszczeg\u00f3lne uk\u0142ady. W publikacji przedstawiono niezb\u0119dne podstawy oklejania plastrami poszczeg\u00f3lnych partii cia\u0142a, ze szczeg\u00f3\u0142owo zilustrowanymi przyk\u0142adami. Ksi\u0105\u017cka jest skierowana do student\u00f3w fizjoterapii i fizjoterapeut\u00f3w, kt\u00f3rzy rozpoczynaj\u0105 prac\u0119 z t\u0105 metod\u0105 i chc\u0105 poszerzy\u0107 swoj\u0105 wiedz\u0119 na temat plastrowania.<\/p>\n","protected":false},"excerpt":{"rendered":"<p>Autor: Andrzej Markowski Wydawca: SBM Oprawa: Twarda Format: 16.5&#215;24.0cm Liczba [&hellip;]<\/p>\n","protected":false},"featured_media":11442,"template":"","meta":[],"product_brand":[],"product_cat":[7625],"product_tag":[1498,7910,6070,4853,5853],"class_list":{"0":"post-6737","1":"product","2":"type-product","3":"status-publish","4":"has-post-thumbnail","6":"product_cat-nauki-o-zdrowiu","7":"product_tag-fizjoterapia","8":"product_tag-kinesiotaping","9":"product_tag-neurologia","10":"product_tag-ortopedia","11":"product_tag-rehabilitacja","13":"first","14":"instock","15":"sale","16":"shipping-taxable","17":"purchasable","18":"product-type-simple"},"_links":{"self":[{"href":"https:\/\/ksiegarnia-akademicka.pl\/index.php\/wp-json\/wp\/v2\/product\/6737","targetHints":{"allow":["GET"]}}],"collection":[{"href":"https:\/\/ksiegarnia-akademicka.pl\/index.php\/wp-json\/wp\/v2\/product"}],"about":[{"href":"https:\/\/ksiegarnia-akademicka.pl\/index.php\/wp-json\/wp\/v2\/types\/product"}],"wp:featuredmedia":[{"embeddable":true,"href":"https:\/\/ksiegarnia-akademicka.pl\/index.php\/wp-json\/wp\/v2\/media\/11442"}],"wp:attachment":[{"href":"https:\/\/ksiegarnia-akademicka.pl\/index.php\/wp-json\/wp\/v2\/media?parent=6737"}],"wp:term":[{"taxonomy":"product_brand","embeddable":true,"href":"https:\/\/ksiegarnia-akademicka.pl\/index.php\/wp-json\/wp\/v2\/product_brand?post=6737"},{"taxonomy":"product_cat","embeddable":true,"href":"https:\/\/ksiegarnia-akademicka.pl\/index.php\/wp-json\/wp\/v2\/product_cat?post=6737"},{"taxonomy":"product_tag","embeddable":true,"href":"https:\/\/ksiegarnia-akademicka.pl\/index.php\/wp-json\/wp\/v2\/product_tag?post=6737"}],"curies":[{"name":"wp","href":"https:\/\/api.w.org\/{rel}","templated":true}]}}