{"id":6695,"date":"2018-05-22T12:57:04","date_gmt":"2018-05-22T10:57:04","guid":{"rendered":"http:\/\/ksiegarnia-akademicka.pl\/index.php\/product\/przedsiebiorczosc-produktywnosc-i-konkurencyjnosc-regionow-polski\/"},"modified":"2018-05-22T12:57:04","modified_gmt":"2018-05-22T10:57:04","slug":"przedsiebiorczosc-produktywnosc-i-konkurencyjnosc-regionow-polski","status":"publish","type":"product","link":"https:\/\/ksiegarnia-akademicka.pl\/index.php\/product\/przedsiebiorczosc-produktywnosc-i-konkurencyjnosc-regionow-polski\/","title":{"rendered":"Przedsi\u0119biorczo\u015b\u0107, produktywno\u015b\u0107 i konkurencyjno\u015b\u0107 region\u00f3w Polski"},"content":{"rendered":"","protected":false},"excerpt":{"rendered":"","protected":false},"featured_media":0,"template":"","meta":[],"product_brand":[],"product_cat":[16],"product_tag":[377,7275],"class_list":{"0":"post-6695","1":"product","2":"type-product","3":"status-publish","5":"product_cat-ksiegarnia-akademicka-radom","6":"product_tag-gospodarka","7":"product_tag-historia-polski-1990-organizacja-i-zarzadzanie","9":"first","10":"instock","11":"shipping-taxable","12":"purchasable","13":"product-type-simple"},"_links":{"self":[{"href":"https:\/\/ksiegarnia-akademicka.pl\/index.php\/wp-json\/wp\/v2\/product\/6695","targetHints":{"allow":["GET"]}}],"collection":[{"href":"https:\/\/ksiegarnia-akademicka.pl\/index.php\/wp-json\/wp\/v2\/product"}],"about":[{"href":"https:\/\/ksiegarnia-akademicka.pl\/index.php\/wp-json\/wp\/v2\/types\/product"}],"wp:attachment":[{"href":"https:\/\/ksiegarnia-akademicka.pl\/index.php\/wp-json\/wp\/v2\/media?parent=6695"}],"wp:term":[{"taxonomy":"product_brand","embeddable":true,"href":"https:\/\/ksiegarnia-akademicka.pl\/index.php\/wp-json\/wp\/v2\/product_brand?post=6695"},{"taxonomy":"product_cat","embeddable":true,"href":"https:\/\/ksiegarnia-akademicka.pl\/index.php\/wp-json\/wp\/v2\/product_cat?post=6695"},{"taxonomy":"product_tag","embeddable":true,"href":"https:\/\/ksiegarnia-akademicka.pl\/index.php\/wp-json\/wp\/v2\/product_tag?post=6695"}],"curies":[{"name":"wp","href":"https:\/\/api.w.org\/{rel}","templated":true}]}}