{"id":6678,"date":"2018-05-22T12:57:01","date_gmt":"2018-05-22T10:57:01","guid":{"rendered":"http:\/\/ksiegarnia-akademicka.pl\/index.php\/product\/oplata-reklamowa-wzory-uchwal-postanowien-i-decyzji-z-komentarzem-z-suplementem-elektronicznym\/"},"modified":"2018-05-22T12:57:01","modified_gmt":"2018-05-22T10:57:01","slug":"oplata-reklamowa-wzory-uchwal-postanowien-i-decyzji-z-komentarzem-z-suplementem-elektronicznym","status":"publish","type":"product","link":"https:\/\/ksiegarnia-akademicka.pl\/index.php\/product\/oplata-reklamowa-wzory-uchwal-postanowien-i-decyzji-z-komentarzem-z-suplementem-elektronicznym\/","title":{"rendered":"Op\u0142ata reklamowa Wzory uchwa\u0142 postanowie\u0144 i decyzji z komentarzem (z suplementem elektronicznym)"},"content":{"rendered":"","protected":false},"excerpt":{"rendered":"","protected":false},"featured_media":0,"template":"","meta":[],"product_brand":[],"product_cat":[16],"product_tag":[485,1055,486],"class_list":{"0":"post-6678","1":"product","2":"type-product","3":"status-publish","5":"product_cat-ksiegarnia-akademicka-radom","6":"product_tag-prawo-administracyjne","7":"product_tag-prawo-podatkowe","8":"product_tag-samorzad-terytorialny","10":"first","11":"instock","12":"shipping-taxable","13":"purchasable","14":"product-type-simple"},"_links":{"self":[{"href":"https:\/\/ksiegarnia-akademicka.pl\/index.php\/wp-json\/wp\/v2\/product\/6678","targetHints":{"allow":["GET"]}}],"collection":[{"href":"https:\/\/ksiegarnia-akademicka.pl\/index.php\/wp-json\/wp\/v2\/product"}],"about":[{"href":"https:\/\/ksiegarnia-akademicka.pl\/index.php\/wp-json\/wp\/v2\/types\/product"}],"wp:attachment":[{"href":"https:\/\/ksiegarnia-akademicka.pl\/index.php\/wp-json\/wp\/v2\/media?parent=6678"}],"wp:term":[{"taxonomy":"product_brand","embeddable":true,"href":"https:\/\/ksiegarnia-akademicka.pl\/index.php\/wp-json\/wp\/v2\/product_brand?post=6678"},{"taxonomy":"product_cat","embeddable":true,"href":"https:\/\/ksiegarnia-akademicka.pl\/index.php\/wp-json\/wp\/v2\/product_cat?post=6678"},{"taxonomy":"product_tag","embeddable":true,"href":"https:\/\/ksiegarnia-akademicka.pl\/index.php\/wp-json\/wp\/v2\/product_tag?post=6678"}],"curies":[{"name":"wp","href":"https:\/\/api.w.org\/{rel}","templated":true}]}}