{"id":6629,"date":"2018-05-22T12:56:52","date_gmt":"2018-05-22T10:56:52","guid":{"rendered":"http:\/\/ksiegarnia-akademicka.pl\/index.php\/product\/w-kierunku-poprawy-jakosci-zeznan-swiadkopozytywne-i-negatywne-nastepstwa-ostrzegania-o-dezinformacji\/"},"modified":"2018-05-22T12:56:52","modified_gmt":"2018-05-22T10:56:52","slug":"w-kierunku-poprawy-jakosci-zeznan-swiadkopozytywne-i-negatywne-nastepstwa-ostrzegania-o-dezinformacji","status":"publish","type":"product","link":"https:\/\/ksiegarnia-akademicka.pl\/index.php\/product\/w-kierunku-poprawy-jakosci-zeznan-swiadkopozytywne-i-negatywne-nastepstwa-ostrzegania-o-dezinformacji\/","title":{"rendered":"W kierunku poprawy jako\u015bci zezna\u0144 \u015bwiadk\u00f3Pozytywne i negatywne nast\u0119pstwa ostrzegania o dezinformacji"},"content":{"rendered":"","protected":false},"excerpt":{"rendered":"","protected":false},"featured_media":0,"template":"","meta":[],"product_brand":[],"product_cat":[16],"product_tag":[296],"class_list":{"0":"post-6629","1":"product","2":"type-product","3":"status-publish","5":"product_cat-ksiegarnia-akademicka-radom","6":"product_tag-prawo-karne","8":"first","9":"instock","10":"shipping-taxable","11":"purchasable","12":"product-type-simple"},"_links":{"self":[{"href":"https:\/\/ksiegarnia-akademicka.pl\/index.php\/wp-json\/wp\/v2\/product\/6629","targetHints":{"allow":["GET"]}}],"collection":[{"href":"https:\/\/ksiegarnia-akademicka.pl\/index.php\/wp-json\/wp\/v2\/product"}],"about":[{"href":"https:\/\/ksiegarnia-akademicka.pl\/index.php\/wp-json\/wp\/v2\/types\/product"}],"wp:attachment":[{"href":"https:\/\/ksiegarnia-akademicka.pl\/index.php\/wp-json\/wp\/v2\/media?parent=6629"}],"wp:term":[{"taxonomy":"product_brand","embeddable":true,"href":"https:\/\/ksiegarnia-akademicka.pl\/index.php\/wp-json\/wp\/v2\/product_brand?post=6629"},{"taxonomy":"product_cat","embeddable":true,"href":"https:\/\/ksiegarnia-akademicka.pl\/index.php\/wp-json\/wp\/v2\/product_cat?post=6629"},{"taxonomy":"product_tag","embeddable":true,"href":"https:\/\/ksiegarnia-akademicka.pl\/index.php\/wp-json\/wp\/v2\/product_tag?post=6629"}],"curies":[{"name":"wp","href":"https:\/\/api.w.org\/{rel}","templated":true}]}}