{"id":6608,"date":"2018-05-22T12:56:48","date_gmt":"2018-05-22T10:56:48","guid":{"rendered":"http:\/\/ksiegarnia-akademicka.pl\/index.php\/product\/mlodziez-z-niepelnosprawnoscia-intelektualna-wobec-wlasnej-sytuacji-zyciowej\/"},"modified":"2018-05-22T12:56:48","modified_gmt":"2018-05-22T10:56:48","slug":"mlodziez-z-niepelnosprawnoscia-intelektualna-wobec-wlasnej-sytuacji-zyciowej","status":"publish","type":"product","link":"https:\/\/ksiegarnia-akademicka.pl\/index.php\/product\/mlodziez-z-niepelnosprawnoscia-intelektualna-wobec-wlasnej-sytuacji-zyciowej\/","title":{"rendered":"M\u0142odzie\u017c z niepe\u0142nosprawno\u015bci\u0105 intelektualn\u0105 wobec w\u0142asnej sytuacji \u017cyciowej"},"content":{"rendered":"","protected":false},"excerpt":{"rendered":"","protected":false},"featured_media":0,"template":"","meta":[],"product_brand":[],"product_cat":[16],"product_tag":[246],"class_list":{"0":"post-6608","1":"product","2":"type-product","3":"status-publish","5":"product_cat-ksiegarnia-akademicka-radom","6":"product_tag-socjologia","8":"first","9":"instock","10":"shipping-taxable","11":"purchasable","12":"product-type-simple"},"_links":{"self":[{"href":"https:\/\/ksiegarnia-akademicka.pl\/index.php\/wp-json\/wp\/v2\/product\/6608","targetHints":{"allow":["GET"]}}],"collection":[{"href":"https:\/\/ksiegarnia-akademicka.pl\/index.php\/wp-json\/wp\/v2\/product"}],"about":[{"href":"https:\/\/ksiegarnia-akademicka.pl\/index.php\/wp-json\/wp\/v2\/types\/product"}],"wp:attachment":[{"href":"https:\/\/ksiegarnia-akademicka.pl\/index.php\/wp-json\/wp\/v2\/media?parent=6608"}],"wp:term":[{"taxonomy":"product_brand","embeddable":true,"href":"https:\/\/ksiegarnia-akademicka.pl\/index.php\/wp-json\/wp\/v2\/product_brand?post=6608"},{"taxonomy":"product_cat","embeddable":true,"href":"https:\/\/ksiegarnia-akademicka.pl\/index.php\/wp-json\/wp\/v2\/product_cat?post=6608"},{"taxonomy":"product_tag","embeddable":true,"href":"https:\/\/ksiegarnia-akademicka.pl\/index.php\/wp-json\/wp\/v2\/product_tag?post=6608"}],"curies":[{"name":"wp","href":"https:\/\/api.w.org\/{rel}","templated":true}]}}