{"id":6601,"date":"2018-05-22T12:56:47","date_gmt":"2018-05-22T10:56:47","guid":{"rendered":"http:\/\/ksiegarnia-akademicka.pl\/index.php\/product\/pedagogika-wczesnoszkolna-tom-2-uczen-i-nauczyciel-w-zmieniajacej-sie-przestrzeni-spolecznej\/"},"modified":"2018-05-22T12:56:47","modified_gmt":"2018-05-22T10:56:47","slug":"pedagogika-wczesnoszkolna-tom-2-uczen-i-nauczyciel-w-zmieniajacej-sie-przestrzeni-spolecznej","status":"publish","type":"product","link":"https:\/\/ksiegarnia-akademicka.pl\/index.php\/product\/pedagogika-wczesnoszkolna-tom-2-uczen-i-nauczyciel-w-zmieniajacej-sie-przestrzeni-spolecznej\/","title":{"rendered":"Pedagogika wczesnoszkolna Tom 2 Ucze\u0144 i nauczyciel w zmieniaj\u0105cej si\u0119 przestrzeni spo\u0142ecznej"},"content":{"rendered":"","protected":false},"excerpt":{"rendered":"","protected":false},"featured_media":0,"template":"","meta":[],"product_brand":[],"product_cat":[16],"product_tag":[7252],"class_list":{"0":"post-6601","1":"product","2":"type-product","3":"status-publish","5":"product_cat-ksiegarnia-akademicka-radom","6":"product_tag-dydaktyka-nauczanie-edukacja-nauczanie-poczatkowe-gry-edukacyjne-ksztalcenie-zintegrowane-socjologia-spoleczenstwo-wydawnictwa-naukowe","8":"first","9":"instock","10":"shipping-taxable","11":"purchasable","12":"product-type-simple"},"_links":{"self":[{"href":"https:\/\/ksiegarnia-akademicka.pl\/index.php\/wp-json\/wp\/v2\/product\/6601","targetHints":{"allow":["GET"]}}],"collection":[{"href":"https:\/\/ksiegarnia-akademicka.pl\/index.php\/wp-json\/wp\/v2\/product"}],"about":[{"href":"https:\/\/ksiegarnia-akademicka.pl\/index.php\/wp-json\/wp\/v2\/types\/product"}],"wp:attachment":[{"href":"https:\/\/ksiegarnia-akademicka.pl\/index.php\/wp-json\/wp\/v2\/media?parent=6601"}],"wp:term":[{"taxonomy":"product_brand","embeddable":true,"href":"https:\/\/ksiegarnia-akademicka.pl\/index.php\/wp-json\/wp\/v2\/product_brand?post=6601"},{"taxonomy":"product_cat","embeddable":true,"href":"https:\/\/ksiegarnia-akademicka.pl\/index.php\/wp-json\/wp\/v2\/product_cat?post=6601"},{"taxonomy":"product_tag","embeddable":true,"href":"https:\/\/ksiegarnia-akademicka.pl\/index.php\/wp-json\/wp\/v2\/product_tag?post=6601"}],"curies":[{"name":"wp","href":"https:\/\/api.w.org\/{rel}","templated":true}]}}