{"id":6597,"date":"2018-05-22T12:56:47","date_gmt":"2018-05-22T10:56:47","guid":{"rendered":"http:\/\/ksiegarnia-akademicka.pl\/index.php\/product\/mikrobiologia-w-kosmetologii\/"},"modified":"2021-12-06T12:52:35","modified_gmt":"2021-12-06T11:52:35","slug":"mikrobiologia-w-kosmetologii","status":"publish","type":"product","link":"https:\/\/ksiegarnia-akademicka.pl\/index.php\/product\/mikrobiologia-w-kosmetologii\/","title":{"rendered":"Mikrobiologia w kosmetologii"},"content":{"rendered":"<p>Redakcja: Gospodarek Eugenia, Mikucka Agnieszka<br \/>\nWydawca: PZWL<br \/>\nOprawa: Mi\u0119kka<br \/>\nFormat: 16.5&#215;23.5cm<br \/>\nLiczba stron: 148<br \/>\nWydanie: 1<br \/>\nRok wydania: 2021<br \/>\nJ\u0119zyk wydania: polski<\/p>\n<p>Mikrobiologia w kosmetologii w zwi\u0119z\u0142y spos\u00f3b omawia praktyczne wskaz\u00f3wki dotycz\u0105ce zasad higienicznego post\u0119powania w salonach kosmetycznych oraz wiedz\u0119 teoretyczn\u0105 z zakresu mikrobiologii og\u00f3lnej i immunologii infekcyjnej.<br \/>\nKsi\u0105\u017cka przedstawia, m.in.:<br \/>\nrol\u0119 wirus\u00f3w, bakterii i grzyb\u00f3w w kosmetologii;<br \/>\nzaka\u017cenia sk\u00f3ry i jej przypadk\u00f3w;<br \/>\ndrobnoustroje wyst\u0119puj\u0105ce w kosmetykach.<\/p>\n<p>Publikacja skierowana jest do student\u00f3w kosmetologii, pracownik\u00f3w salon\u00f3w kosmetycznych, Wellness &amp; SPA oraz os\u00f3b, kt\u00f3re podnosz\u0105 swoje kwalifikacje zawodowe z zakresu kosmetologii.<\/p>\n","protected":false},"excerpt":{"rendered":"<p>Redakcja: Gospodarek Eugenia, Mikucka Agnieszka Wydawca: PZWL Oprawa: Mi\u0119kka Format: [&hellip;]<\/p>\n","protected":false},"featured_media":14947,"template":"","meta":[],"product_brand":[],"product_cat":[8138,7493,7625],"product_tag":[7668,6693,4934],"class_list":{"0":"post-6597","1":"product","2":"type-product","3":"status-publish","4":"has-post-thumbnail","6":"product_cat-dermatologia","7":"product_cat-medycyna","8":"product_cat-nauki-o-zdrowiu","9":"product_tag-alergologia","10":"product_tag-immunologia","11":"product_tag-kosmetologia","13":"first","14":"instock","15":"sale","16":"shipping-taxable","17":"purchasable","18":"product-type-simple"},"_links":{"self":[{"href":"https:\/\/ksiegarnia-akademicka.pl\/index.php\/wp-json\/wp\/v2\/product\/6597","targetHints":{"allow":["GET"]}}],"collection":[{"href":"https:\/\/ksiegarnia-akademicka.pl\/index.php\/wp-json\/wp\/v2\/product"}],"about":[{"href":"https:\/\/ksiegarnia-akademicka.pl\/index.php\/wp-json\/wp\/v2\/types\/product"}],"wp:featuredmedia":[{"embeddable":true,"href":"https:\/\/ksiegarnia-akademicka.pl\/index.php\/wp-json\/wp\/v2\/media\/14947"}],"wp:attachment":[{"href":"https:\/\/ksiegarnia-akademicka.pl\/index.php\/wp-json\/wp\/v2\/media?parent=6597"}],"wp:term":[{"taxonomy":"product_brand","embeddable":true,"href":"https:\/\/ksiegarnia-akademicka.pl\/index.php\/wp-json\/wp\/v2\/product_brand?post=6597"},{"taxonomy":"product_cat","embeddable":true,"href":"https:\/\/ksiegarnia-akademicka.pl\/index.php\/wp-json\/wp\/v2\/product_cat?post=6597"},{"taxonomy":"product_tag","embeddable":true,"href":"https:\/\/ksiegarnia-akademicka.pl\/index.php\/wp-json\/wp\/v2\/product_tag?post=6597"}],"curies":[{"name":"wp","href":"https:\/\/api.w.org\/{rel}","templated":true}]}}