{"id":6578,"date":"2018-05-22T12:56:43","date_gmt":"2018-05-22T10:56:43","guid":{"rendered":"http:\/\/ksiegarnia-akademicka.pl\/index.php\/product\/aspiracje-i-plany-zyciowe-mlodziezy-zagrozonej-marginalizacja-spoleczna\/"},"modified":"2018-07-20T13:31:14","modified_gmt":"2018-07-20T11:31:14","slug":"aspiracje-i-plany-zyciowe-mlodziezy-zagrozonej-marginalizacja-spoleczna","status":"publish","type":"product","link":"https:\/\/ksiegarnia-akademicka.pl\/index.php\/product\/aspiracje-i-plany-zyciowe-mlodziezy-zagrozonej-marginalizacja-spoleczna\/","title":{"rendered":"Aspiracje  i plany \u017cyciowe m\u0142odzie\u017cy zagro\u017conej marginalizacj\u0105 spo\u0142eczn\u0105"},"content":{"rendered":"<p>Dorota Zbroszczyk<br \/>\nwyd. I, 2014, B-5, stron 250 (monografia)<\/p>\n<p>Monografia jest uzupe\u0142nieniem przez autork\u0119 dotychczasowych bada\u0144 prowadzonych w Polsce, maj\u0105cych na celu ci\u0105g\u0142e pog\u0142\u0119bianie znajomo\u015bci z\u0142o\u017conych problem\u00f3w aspiracji i plan\u00f3w \u017cyciowych m\u0142odego pokolenia.  Zagadnienie plan\u00f3w \u017cyciowych nabiera r\u00f3wnie\u017c szczeg\u00f3lnego znaczenia przede wszystkim ze wzgl\u0119du na fakt, \u017ce s\u0105 one czynnikami ukierunkowuj\u0105cymi na aktywno\u015b\u0107 jednostki oraz nadaj\u0105 one sens \u017cyciu. W pedagogice pytania o plany \u017cyciowe m\u0142odzie\u017cy wynikaj\u0105 zar\u00f3wno z cel\u00f3w poznawczych, jak i praktycznych. S\u0105 one zwi\u0105zane z planowaniem i projektowaniem okre\u015blonych zamierze\u0144. Przeprowadzone przez autork\u0119 badania maj\u0105 nie tylko walor opisowy, ale r\u00f3wnie\u017c zawieraj\u0105 pewne wnioski, co do dalszych dzia\u0142a\u0144 wobec m\u0142odzie\u017cy zagro\u017conej marginalizacj\u0105 spo\u0142eczn\u0105<\/p>\n","protected":false},"excerpt":{"rendered":"<p>Dorota Zbroszczyk wyd. I, 2014, B-5, stron 250 (monografia) Monografia [&hellip;]<\/p>\n","protected":false},"featured_media":8149,"template":"","meta":[],"product_brand":[],"product_cat":[7594,43],"product_tag":[7596,6754,51],"class_list":{"0":"post-6578","1":"product","2":"type-product","3":"status-publish","4":"has-post-thumbnail","6":"product_cat-pedagogika-wydawnictwo-uth","7":"product_cat-wydawnictwo-uth","8":"product_tag-aspiracje-zyciowe","9":"product_tag-monografie-uth","10":"product_tag-pedagogika","12":"first","13":"instock","14":"shipping-taxable","15":"purchasable","16":"product-type-simple"},"_links":{"self":[{"href":"https:\/\/ksiegarnia-akademicka.pl\/index.php\/wp-json\/wp\/v2\/product\/6578","targetHints":{"allow":["GET"]}}],"collection":[{"href":"https:\/\/ksiegarnia-akademicka.pl\/index.php\/wp-json\/wp\/v2\/product"}],"about":[{"href":"https:\/\/ksiegarnia-akademicka.pl\/index.php\/wp-json\/wp\/v2\/types\/product"}],"wp:featuredmedia":[{"embeddable":true,"href":"https:\/\/ksiegarnia-akademicka.pl\/index.php\/wp-json\/wp\/v2\/media\/8149"}],"wp:attachment":[{"href":"https:\/\/ksiegarnia-akademicka.pl\/index.php\/wp-json\/wp\/v2\/media?parent=6578"}],"wp:term":[{"taxonomy":"product_brand","embeddable":true,"href":"https:\/\/ksiegarnia-akademicka.pl\/index.php\/wp-json\/wp\/v2\/product_brand?post=6578"},{"taxonomy":"product_cat","embeddable":true,"href":"https:\/\/ksiegarnia-akademicka.pl\/index.php\/wp-json\/wp\/v2\/product_cat?post=6578"},{"taxonomy":"product_tag","embeddable":true,"href":"https:\/\/ksiegarnia-akademicka.pl\/index.php\/wp-json\/wp\/v2\/product_tag?post=6578"}],"curies":[{"name":"wp","href":"https:\/\/api.w.org\/{rel}","templated":true}]}}