{"id":6546,"date":"2018-05-22T12:56:37","date_gmt":"2018-05-22T10:56:37","guid":{"rendered":"http:\/\/ksiegarnia-akademicka.pl\/index.php\/product\/prawo-karne-procesowe-kazusy-dla-aplikantow\/"},"modified":"2018-12-12T09:35:49","modified_gmt":"2018-12-12T08:35:49","slug":"prawo-karne-procesowe-kazusy-dla-aplikantow","status":"publish","type":"product","link":"https:\/\/ksiegarnia-akademicka.pl\/index.php\/product\/prawo-karne-procesowe-kazusy-dla-aplikantow\/","title":{"rendered":"Prawo karne procesowe Kazusy dla aplikant\u00f3w"},"content":{"rendered":"<p>Nale\u017cy do serii:<br \/>\nAPLIKACJE PRAWNICZE<br \/>\nAutor:<br \/>\nHanna Kuczy\u0144ska<br \/>\nJoanna Mierzwi\u0144ska-Lorencka<br \/>\nWydawca: Wolters Kluwer<br \/>\nOprawa: Mi\u0119kka<br \/>\nFormat: 16.5&#215;24.0cm<br \/>\nLiczba stron: 368<br \/>\nWydanie: 2<br \/>\nRok wydania: 2017<\/p>\n<p>Drugie wydanie zbioru kazus\u00f3w z prawa karnego procesowego zawiera stany faktyczne, przy ocenie kt\u00f3rych uwzgl\u0119dniono stan prawny obowi\u0105zuj\u0105cy od dnia 15 kwietnia 2016 r. Kazusy zosta\u0142y uaktualnione z uwzgl\u0119dnieniem pojawiaj\u0105cych si\u0119 w praktyce problem\u00f3w, najnowszych zmian w prawie oraz pogl\u0105d\u00f3w wyra\u017canych w orzecznictwie oraz literaturze. Dodano tak\u017ce kilkana\u015bcie zupe\u0142nie nowych kazus\u00f3w, odwo\u0142uj\u0105cych si\u0119 do przepis\u00f3w, kt\u00f3re wesz\u0142y w \u017cycie od czasu poprzedniego wydania.<\/p>\n<p>W kazusach &#8211; zar\u00f3wno tych stworzonych na przyk\u0142adach z rzeczywistych spraw, z kt\u00f3rymi Autorki spotka\u0142y si\u0119 w pracy zawodowej, jak i przygotowanych specjalnie na potrzeby publikacji &#8211; wykorzystano zagadnienia ze wszystkich dzia\u0142\u00f3w kodeksu post\u0119powania karnego, w tym rzadko spotykanych, np. dotycz\u0105cych przepis\u00f3w og\u00f3lnych, koszt\u00f3w procesu, czy problematyki wsp\u00f3\u0142pracy mi\u0119dzynarodowej. <\/p>\n<p>Przedstawione stany faktyczne, opisane przyst\u0119pnym i ciekawym j\u0119zykiem, zawieraj\u0105 rozwi\u0105zania, kt\u00f3re znajduj\u0105 oparcie w bogatym orzecznictwie S\u0105du Najwy\u017cszego, s\u0105d\u00f3w apelacyjnych oraz organ\u00f3w mi\u0119dzynarodowych, a tak\u017ce w opiniach doktryny.<\/p>\n","protected":false},"excerpt":{"rendered":"<p>Nale\u017cy do serii: APLIKACJE PRAWNICZE Autor: Hanna Kuczy\u0144ska Joanna Mierzwi\u0144ska-Lorencka [&hellip;]<\/p>\n","protected":false},"featured_media":9479,"template":"","meta":[],"product_brand":[],"product_cat":[7490,18],"product_tag":[296,5333,5120],"class_list":{"0":"post-6546","1":"product","2":"type-product","3":"status-publish","4":"has-post-thumbnail","6":"product_cat-karne","7":"product_cat-prawo","8":"product_tag-prawo-karne","9":"product_tag-prawo-karne-procesowe","10":"product_tag-seria-aplikacje-prawnicze","12":"first","13":"instock","14":"sale","15":"shipping-taxable","16":"purchasable","17":"product-type-simple"},"_links":{"self":[{"href":"https:\/\/ksiegarnia-akademicka.pl\/index.php\/wp-json\/wp\/v2\/product\/6546","targetHints":{"allow":["GET"]}}],"collection":[{"href":"https:\/\/ksiegarnia-akademicka.pl\/index.php\/wp-json\/wp\/v2\/product"}],"about":[{"href":"https:\/\/ksiegarnia-akademicka.pl\/index.php\/wp-json\/wp\/v2\/types\/product"}],"wp:featuredmedia":[{"embeddable":true,"href":"https:\/\/ksiegarnia-akademicka.pl\/index.php\/wp-json\/wp\/v2\/media\/9479"}],"wp:attachment":[{"href":"https:\/\/ksiegarnia-akademicka.pl\/index.php\/wp-json\/wp\/v2\/media?parent=6546"}],"wp:term":[{"taxonomy":"product_brand","embeddable":true,"href":"https:\/\/ksiegarnia-akademicka.pl\/index.php\/wp-json\/wp\/v2\/product_brand?post=6546"},{"taxonomy":"product_cat","embeddable":true,"href":"https:\/\/ksiegarnia-akademicka.pl\/index.php\/wp-json\/wp\/v2\/product_cat?post=6546"},{"taxonomy":"product_tag","embeddable":true,"href":"https:\/\/ksiegarnia-akademicka.pl\/index.php\/wp-json\/wp\/v2\/product_tag?post=6546"}],"curies":[{"name":"wp","href":"https:\/\/api.w.org\/{rel}","templated":true}]}}