{"id":6516,"date":"2018-05-22T12:56:32","date_gmt":"2018-05-22T10:56:32","guid":{"rendered":"http:\/\/ksiegarnia-akademicka.pl\/index.php\/product\/opieka-nad-osobami-przewlekle-chorymi-w-wieku-podeszlym-i-niesamodzielnymi\/"},"modified":"2019-05-18T10:57:44","modified_gmt":"2019-05-18T08:57:44","slug":"opieka-nad-osobami-przewlekle-chorymi-w-wieku-podeszlym-i-niesamodzielnymi","status":"publish","type":"product","link":"https:\/\/ksiegarnia-akademicka.pl\/index.php\/product\/opieka-nad-osobami-przewlekle-chorymi-w-wieku-podeszlym-i-niesamodzielnymi\/","title":{"rendered":"Opieka nad osobami starszymi Przewodnik dla zespo\u0142u terapeutycznego"},"content":{"rendered":"<p>Redakcja: Cybulski Mateusz, Krajewska-Ku\u0142ak El\u017cbieta<br \/>\nWydawca: PZWL<br \/>\nOprawa: Mi\u0119kka<br \/>\nFormat: 16.5&#215;23.5cm<br \/>\nLiczba stron: 258<br \/>\nWydanie: 1<br \/>\nRok wydania: 2019<br \/>\nJ\u0119zyk wydania: polski<\/p>\n<p>Publikacja stanowi kompendium wiedzy geriatryczno-gerontologicznej. Jest szczeg\u00f3\u0142owym i wielodziedzinowym opracowaniem zbiorowym, ujmuj\u0105cym w jedn\u0105 ca\u0142o\u015b\u0107 najwa\u017cniejsze problemy dotycz\u0105ce populacji os\u00f3b starszych. Uwzgl\u0119dnia interdyscyplinarn\u0105 analiz\u0119 starzenia si\u0119, tj. starzenie si\u0119 w aspekcie biologicznym, psychologicznym i spo\u0142ecznym, co wyr\u00f3\u017cnia podr\u0119cznik na tle innych, dost\u0119pnych na rynku. Charakteryzuje si\u0119 holistycznym uj\u0119ciem problemu starzenia si\u0119 spo\u0142ecze\u0144stwa.<\/p>\n<p>Autorami publikacji s\u0105 wybitni eksperci w swoich dziedzinach \u2013 autorytety naukowe zar\u00f3wno w Polsce, jak i poza granicami kraju.<br \/>\nKsi\u0105\u017cka adresowana jest do os\u00f3b, kt\u00f3re w swojej pracy maj\u0105 styczno\u015b\u0107 z osobami starszymi &#8211; do lekarzy, piel\u0119gniarek, fizjoterapeut\u00f3w, psycholog\u00f3w, specjalist\u00f3w zdrowia publicznego, opiekun\u00f3w os\u00f3b starszych. B\u0119dzie r\u00f3wnie\u017c przydatna dla student\u00f3w kierunk\u00f3w medycznych, psychologicznych i spo\u0142ecznych, a tak\u017ce dla s\u0142uchaczy studi\u00f3w podyplomowych czy uczestnik\u00f3w r\u00f3\u017cnego rodzaju kurs\u00f3w, szkole\u0144 oraz warsztat\u00f3w.<\/p>\n","protected":false},"excerpt":{"rendered":"<p>Redakcja: Cybulski Mateusz, Krajewska-Ku\u0142ak El\u017cbieta Wydawca: PZWL Oprawa: Mi\u0119kka Format: [&hellip;]<\/p>\n","protected":false},"featured_media":11226,"template":"","meta":[],"product_brand":[],"product_cat":[7493,44,7625],"product_tag":[1498,7215,4825,4645,5853],"class_list":{"0":"post-6516","1":"product","2":"type-product","3":"status-publish","4":"has-post-thumbnail","6":"product_cat-medycyna","7":"product_cat-nauki-medyczne","8":"product_cat-nauki-o-zdrowiu","9":"product_tag-fizjoterapia","10":"product_tag-geriatria","11":"product_tag-niepelnosprawni","12":"product_tag-pielegniarstwo","13":"product_tag-rehabilitacja","15":"first","16":"instock","17":"sale","18":"shipping-taxable","19":"purchasable","20":"product-type-simple"},"_links":{"self":[{"href":"https:\/\/ksiegarnia-akademicka.pl\/index.php\/wp-json\/wp\/v2\/product\/6516","targetHints":{"allow":["GET"]}}],"collection":[{"href":"https:\/\/ksiegarnia-akademicka.pl\/index.php\/wp-json\/wp\/v2\/product"}],"about":[{"href":"https:\/\/ksiegarnia-akademicka.pl\/index.php\/wp-json\/wp\/v2\/types\/product"}],"wp:featuredmedia":[{"embeddable":true,"href":"https:\/\/ksiegarnia-akademicka.pl\/index.php\/wp-json\/wp\/v2\/media\/11226"}],"wp:attachment":[{"href":"https:\/\/ksiegarnia-akademicka.pl\/index.php\/wp-json\/wp\/v2\/media?parent=6516"}],"wp:term":[{"taxonomy":"product_brand","embeddable":true,"href":"https:\/\/ksiegarnia-akademicka.pl\/index.php\/wp-json\/wp\/v2\/product_brand?post=6516"},{"taxonomy":"product_cat","embeddable":true,"href":"https:\/\/ksiegarnia-akademicka.pl\/index.php\/wp-json\/wp\/v2\/product_cat?post=6516"},{"taxonomy":"product_tag","embeddable":true,"href":"https:\/\/ksiegarnia-akademicka.pl\/index.php\/wp-json\/wp\/v2\/product_tag?post=6516"}],"curies":[{"name":"wp","href":"https:\/\/api.w.org\/{rel}","templated":true}]}}