{"id":6511,"date":"2018-05-22T12:56:31","date_gmt":"2018-05-22T10:56:31","guid":{"rendered":"http:\/\/ksiegarnia-akademicka.pl\/index.php\/product\/uchwaly-i-zarzadzenia-organow-samorzadu-terytorialnego-dotyczace-spraw-finansowych\/"},"modified":"2018-05-23T15:03:19","modified_gmt":"2018-05-23T13:03:19","slug":"uchwaly-i-zarzadzenia-organow-samorzadu-terytorialnego-dotyczace-spraw-finansowych","status":"publish","type":"product","link":"https:\/\/ksiegarnia-akademicka.pl\/index.php\/product\/uchwaly-i-zarzadzenia-organow-samorzadu-terytorialnego-dotyczace-spraw-finansowych\/","title":{"rendered":"Uchwa\u0142y i zarz\u0105dzenia organ\u00f3w samorz\u0105du terytorialnego dotycz\u0105ce spraw finansowych"},"content":{"rendered":"","protected":false},"excerpt":{"rendered":"","protected":false},"featured_media":0,"template":"","meta":[],"product_brand":[],"product_cat":[16,7494],"product_tag":[1802,337],"class_list":{"0":"post-6511","1":"product","2":"type-product","3":"status-publish","5":"product_cat-ksiegarnia-akademicka-radom","6":"product_cat-samorzad-terytorialny","7":"product_tag-biznes","8":"product_tag-ekonomia","10":"first","11":"instock","12":"shipping-taxable","13":"purchasable","14":"product-type-simple"},"_links":{"self":[{"href":"https:\/\/ksiegarnia-akademicka.pl\/index.php\/wp-json\/wp\/v2\/product\/6511","targetHints":{"allow":["GET"]}}],"collection":[{"href":"https:\/\/ksiegarnia-akademicka.pl\/index.php\/wp-json\/wp\/v2\/product"}],"about":[{"href":"https:\/\/ksiegarnia-akademicka.pl\/index.php\/wp-json\/wp\/v2\/types\/product"}],"wp:attachment":[{"href":"https:\/\/ksiegarnia-akademicka.pl\/index.php\/wp-json\/wp\/v2\/media?parent=6511"}],"wp:term":[{"taxonomy":"product_brand","embeddable":true,"href":"https:\/\/ksiegarnia-akademicka.pl\/index.php\/wp-json\/wp\/v2\/product_brand?post=6511"},{"taxonomy":"product_cat","embeddable":true,"href":"https:\/\/ksiegarnia-akademicka.pl\/index.php\/wp-json\/wp\/v2\/product_cat?post=6511"},{"taxonomy":"product_tag","embeddable":true,"href":"https:\/\/ksiegarnia-akademicka.pl\/index.php\/wp-json\/wp\/v2\/product_tag?post=6511"}],"curies":[{"name":"wp","href":"https:\/\/api.w.org\/{rel}","templated":true}]}}