{"id":6495,"date":"2018-05-22T12:56:29","date_gmt":"2018-05-22T10:56:29","guid":{"rendered":"http:\/\/ksiegarnia-akademicka.pl\/index.php\/product\/urlopy-i-zasilki-zwiazane-z-rodzicielstwem-po-zmianach-przepisowserwis-prawno-pracowniczy\/"},"modified":"2018-05-22T12:56:29","modified_gmt":"2018-05-22T10:56:29","slug":"urlopy-i-zasilki-zwiazane-z-rodzicielstwem-po-zmianach-przepisowserwis-prawno-pracowniczy","status":"publish","type":"product","link":"https:\/\/ksiegarnia-akademicka.pl\/index.php\/product\/urlopy-i-zasilki-zwiazane-z-rodzicielstwem-po-zmianach-przepisowserwis-prawno-pracowniczy\/","title":{"rendered":"URLOPY I ZASI\u0141KI ZWI\u0104ZANE Z RODZICIELSTWEM PO ZMIANACH PRZEPIS\u00d3WSerwis Prawno &#8211; Pracowniczy"},"content":{"rendered":"","protected":false},"excerpt":{"rendered":"","protected":false},"featured_media":0,"template":"","meta":[],"product_brand":[],"product_cat":[16],"product_tag":[793],"class_list":{"0":"post-6495","1":"product","2":"type-product","3":"status-publish","5":"product_cat-ksiegarnia-akademicka-radom","6":"product_tag-prawo-pracy","8":"first","9":"instock","10":"shipping-taxable","11":"purchasable","12":"product-type-simple"},"_links":{"self":[{"href":"https:\/\/ksiegarnia-akademicka.pl\/index.php\/wp-json\/wp\/v2\/product\/6495","targetHints":{"allow":["GET"]}}],"collection":[{"href":"https:\/\/ksiegarnia-akademicka.pl\/index.php\/wp-json\/wp\/v2\/product"}],"about":[{"href":"https:\/\/ksiegarnia-akademicka.pl\/index.php\/wp-json\/wp\/v2\/types\/product"}],"wp:attachment":[{"href":"https:\/\/ksiegarnia-akademicka.pl\/index.php\/wp-json\/wp\/v2\/media?parent=6495"}],"wp:term":[{"taxonomy":"product_brand","embeddable":true,"href":"https:\/\/ksiegarnia-akademicka.pl\/index.php\/wp-json\/wp\/v2\/product_brand?post=6495"},{"taxonomy":"product_cat","embeddable":true,"href":"https:\/\/ksiegarnia-akademicka.pl\/index.php\/wp-json\/wp\/v2\/product_cat?post=6495"},{"taxonomy":"product_tag","embeddable":true,"href":"https:\/\/ksiegarnia-akademicka.pl\/index.php\/wp-json\/wp\/v2\/product_tag?post=6495"}],"curies":[{"name":"wp","href":"https:\/\/api.w.org\/{rel}","templated":true}]}}