{"id":6476,"date":"2018-05-22T12:56:25","date_gmt":"2018-05-22T10:56:25","guid":{"rendered":"http:\/\/ksiegarnia-akademicka.pl\/index.php\/product\/ubezpieczenia-spoleczne-swiadczenia-zus-zasilki-emerytury-renty\/"},"modified":"2019-03-12T08:38:13","modified_gmt":"2019-03-12T07:38:13","slug":"ubezpieczenia-spoleczne-swiadczenia-zus-zasilki-emerytury-renty","status":"publish","type":"product","link":"https:\/\/ksiegarnia-akademicka.pl\/index.php\/product\/ubezpieczenia-spoleczne-swiadczenia-zus-zasilki-emerytury-renty\/","title":{"rendered":"Ubezpieczenia spo\u0142eczne \u015awiadczenia ZUS zasi\u0142ki, emerytury, renty"},"content":{"rendered":"<p>Wydawca: Od.Nowa<br \/>\nOprawa: Mi\u0119kka<br \/>\nFormat: 11.0&#215;18.0cm<br \/>\nLiczba stron: 520<br \/>\nWydanie: 6<br \/>\nRok wydania: 2019<br \/>\nJ\u0119zyk wydania: polski<\/p>\n<p>Stan prawny: 18 lutego 2019 r.<br \/>\nPublikacja jest zbiorem najistotniejszych przepis\u00f3w dotycz\u0105cych ubezpiecze\u0144 spo\u0142ecznych i \u015bwiadcze\u0144 wyp\u0142acanych przez ZUS tj. ustaw\u0119 o systemie ubezpiecze\u0144 spo\u0142ecznych, ustaw\u0119 o emeryturach i rentach z FUS, ustaw\u0119 o \u015bwiadczeniach przedemerytalnych, o rencie socjalnej, \u015bwiadczeniach pieni\u0119\u017cnych z ubezpieczenia spo\u0142ecznego w razie choroby i macierzy\u0144stwa, ustaw\u0119 o ubezpieczeniu spo\u0142ecznym z tytu\u0142u wypadk\u00f3w przy pracy i chor\u00f3b zawodowych oraz akty wykonawcze. Zalet\u0105 ksi\u0105\u017cki jest jej praktyczny, por\u0119czny format i przejrzysty uk\u0142ad graficzny. \u0141atw\u0105 orientacj\u0119 w materiale umo\u017cliwia obszerny skorowidz. Zmiany oczekuj\u0105ce na wej\u015bcie w \u017cycie umieszczono w ramkach.<\/p>\n","protected":false},"excerpt":{"rendered":"<p>Wydawca: Od.Nowa Oprawa: Mi\u0119kka Format: 11.0&#215;18.0cm Liczba stron: 520 Wydanie: [&hellip;]<\/p>\n","protected":false},"featured_media":9650,"template":"","meta":[],"product_brand":[],"product_cat":[18,7550,21],"product_tag":[793,649,6258],"class_list":{"0":"post-6476","1":"product","2":"type-product","3":"status-publish","4":"has-post-thumbnail","6":"product_cat-prawo","7":"product_cat-prawo-pracy","8":"product_cat-ubezpieczenia","9":"product_tag-prawo-pracy","10":"product_tag-prawo-ubezpieczen-spolecznych","11":"product_tag-ustawy-i-kodeksy","13":"first","14":"instock","15":"sale","16":"shipping-taxable","17":"purchasable","18":"product-type-simple"},"_links":{"self":[{"href":"https:\/\/ksiegarnia-akademicka.pl\/index.php\/wp-json\/wp\/v2\/product\/6476","targetHints":{"allow":["GET"]}}],"collection":[{"href":"https:\/\/ksiegarnia-akademicka.pl\/index.php\/wp-json\/wp\/v2\/product"}],"about":[{"href":"https:\/\/ksiegarnia-akademicka.pl\/index.php\/wp-json\/wp\/v2\/types\/product"}],"wp:featuredmedia":[{"embeddable":true,"href":"https:\/\/ksiegarnia-akademicka.pl\/index.php\/wp-json\/wp\/v2\/media\/9650"}],"wp:attachment":[{"href":"https:\/\/ksiegarnia-akademicka.pl\/index.php\/wp-json\/wp\/v2\/media?parent=6476"}],"wp:term":[{"taxonomy":"product_brand","embeddable":true,"href":"https:\/\/ksiegarnia-akademicka.pl\/index.php\/wp-json\/wp\/v2\/product_brand?post=6476"},{"taxonomy":"product_cat","embeddable":true,"href":"https:\/\/ksiegarnia-akademicka.pl\/index.php\/wp-json\/wp\/v2\/product_cat?post=6476"},{"taxonomy":"product_tag","embeddable":true,"href":"https:\/\/ksiegarnia-akademicka.pl\/index.php\/wp-json\/wp\/v2\/product_tag?post=6476"}],"curies":[{"name":"wp","href":"https:\/\/api.w.org\/{rel}","templated":true}]}}