{"id":6325,"date":"2018-05-22T12:55:59","date_gmt":"2018-05-22T10:55:59","guid":{"rendered":"http:\/\/ksiegarnia-akademicka.pl\/index.php\/product\/ryczalt-karta-podatkowa-podatkowa-ksiega-przychodow-i-rozchodow-cwiczenia\/"},"modified":"2019-01-28T15:01:49","modified_gmt":"2019-01-28T14:01:49","slug":"ryczalt-karta-podatkowa-podatkowa-ksiega-przychodow-i-rozchodow-cwiczenia","status":"publish","type":"product","link":"https:\/\/ksiegarnia-akademicka.pl\/index.php\/product\/ryczalt-karta-podatkowa-podatkowa-ksiega-przychodow-i-rozchodow-cwiczenia\/","title":{"rendered":"Rycza\u0142t ewidencjonowany Podatki 3\/2019"},"content":{"rendered":"<p>Autor:<br \/>\nPraca zbiorowa<br \/>\nWydawca: Infor<br \/>\nOprawa: Kartonowa<br \/>\nFormat: 19.0&#215;29.0cm<br \/>\nLiczba stron: 76<br \/>\nRok wydania: 2019<\/p>\n<p>Rycza\u0142t jest atrakcyjn\u0105 form\u0105 opodatkowania stosowan\u0105 przez podatnik\u00f3w prowadz\u0105cych dzia\u0142alno\u015b\u0107 (osi\u0105gaj\u0105cych dochody) w mniejszych rozmiarach. Poradnik w jasny i przejrzysty spos\u00f3b opisuje sytuacje oraz warunki, jakie trzeba spe\u0142ni\u0107, aby m\u00f3c wybra\u0107 opodatkowanie w tej formie. Wskazuje r\u00f3wnie\u017c, kto nie mo\u017ce z niego skorzysta\u0107, poniewa\u017c dla pewnych podmiot\u00f3w wyb\u00f3r opodatkowania w tej formie jest niedopuszczalny.<\/p>\n<p>Publikacja pomaga w podj\u0119ciu decyzji, czy rycza\u0142t ewidencjonowany jest w\u0142a\u015bciw\u0105 form\u0105 opodatkowania.<\/p>\n<p>W opracowaniu znalaz\u0142y si\u0119 r\u00f3wnie\u017c informacje dotycz\u0105ce wysoko\u015bci obci\u0105\u017ce\u0144 podatkowych, a wi\u0119c stawek, wed\u0142ug jakich opodatkowane s\u0105 poszczeg\u00f3lne rodzaje dzia\u0142alno\u015bci gospodarczej.<\/p>\n<p>Tekst poradnika zosta\u0142 uzupe\u0142niony przyk\u0142adami oraz aktualnym orzecznictwem i pismami.<\/p>\n<p>W publikacji zosta\u0142y uwzgl\u0119dnione zmiany prawne obowi\u0105zuj\u0105ce od 1 stycznia 2019 r<\/p>\n","protected":false},"excerpt":{"rendered":"<p>Autor: Praca zbiorowa Wydawca: Infor Oprawa: Kartonowa Format: 19.0&#215;29.0cm Liczba [&hellip;]<\/p>\n","protected":false},"featured_media":10254,"template":"","meta":[],"product_brand":[],"product_cat":[22,23],"product_tag":[7124,1055,1496,7123],"class_list":{"0":"post-6325","1":"product","2":"type-product","3":"status-publish","4":"has-post-thumbnail","6":"product_cat-podatki-i-prawo-podatkowe","7":"product_cat-rachunkowosc","8":"product_tag-karta-podatkowa","9":"product_tag-prawo-podatkowe","10":"product_tag-rachunkowosc","11":"product_tag-ryczalt","13":"first","14":"instock","15":"sale","16":"shipping-taxable","17":"purchasable","18":"product-type-simple"},"_links":{"self":[{"href":"https:\/\/ksiegarnia-akademicka.pl\/index.php\/wp-json\/wp\/v2\/product\/6325","targetHints":{"allow":["GET"]}}],"collection":[{"href":"https:\/\/ksiegarnia-akademicka.pl\/index.php\/wp-json\/wp\/v2\/product"}],"about":[{"href":"https:\/\/ksiegarnia-akademicka.pl\/index.php\/wp-json\/wp\/v2\/types\/product"}],"wp:featuredmedia":[{"embeddable":true,"href":"https:\/\/ksiegarnia-akademicka.pl\/index.php\/wp-json\/wp\/v2\/media\/10254"}],"wp:attachment":[{"href":"https:\/\/ksiegarnia-akademicka.pl\/index.php\/wp-json\/wp\/v2\/media?parent=6325"}],"wp:term":[{"taxonomy":"product_brand","embeddable":true,"href":"https:\/\/ksiegarnia-akademicka.pl\/index.php\/wp-json\/wp\/v2\/product_brand?post=6325"},{"taxonomy":"product_cat","embeddable":true,"href":"https:\/\/ksiegarnia-akademicka.pl\/index.php\/wp-json\/wp\/v2\/product_cat?post=6325"},{"taxonomy":"product_tag","embeddable":true,"href":"https:\/\/ksiegarnia-akademicka.pl\/index.php\/wp-json\/wp\/v2\/product_tag?post=6325"}],"curies":[{"name":"wp","href":"https:\/\/api.w.org\/{rel}","templated":true}]}}