{"id":63,"date":"2018-05-22T12:40:42","date_gmt":"2018-05-22T10:40:42","guid":{"rendered":"http:\/\/ksiegarnia-akademicka.pl\/index.php\/product\/laboratorium-komputerowej-symulacji-ukladow-automatyki\/"},"modified":"2019-10-22T09:10:30","modified_gmt":"2019-10-22T07:10:30","slug":"laboratorium-komputerowej-symulacji-ukladow-automatyki","status":"publish","type":"product","link":"https:\/\/ksiegarnia-akademicka.pl\/index.php\/product\/laboratorium-komputerowej-symulacji-ukladow-automatyki\/","title":{"rendered":"Laboratorium komputerowej symulacji uk\u0142ad\u00f3w automatyki"},"content":{"rendered":"<p>\u0141ukasik Zbigniew, Ku\u015bmi\u0144ska-Fija\u0142kowska Aldona Wydawnictwo Uniwersytetu Technologiczno-Humanistycznego 2013 Wyd.V <\/br><\/br><\/p>\n<p><span style=\"font-size: 11px\"><span style=\"font-size: small\">&nbsp;Zakres podr\u0119cznika obejmuje zagadnienia zwi\u0105zane z komputerow\u0105 symulacj\u0105 uk\u0142ad&oacute;w automatycznej regulacji. Metoda symulacji uk\u0142ad&oacute;w automatyki pozwala na szybsze zapoznanie si\u0119 z funkcjonowaniem obiekt&oacute;w bez ryzyka ich uszkodzenia jak r&oacute;wnie\u017c rozpoznanie symptom&oacute;w zak\u0142&oacute;ce\u0144, kt&oacute;re mo\u017cna generowa\u0107 wcze\u015bniej, ni\u017c wyst\u0119puj\u0105 one w rzeczywisto\u015bci. W pracy wykorzystano oprogramowanie Matlab (Simulink), kt&oacute;re zosta\u0142o opracowane przez firm\u0119 Math Works. Materia\u0142 zgromadzony w ksi\u0105\u017cce jest niezb\u0119dny do realizacji \u0107wicze\u0144 laboratoryjnych przez student&oacute;w oraz stanowi uzupe\u0142nienie zdobytej wiedzy na wyk\u0142adach prowadzonych z tego zakresu na<font size=\"3\"> Wydziale Transportu i Elektrotechniki UTH.<\/font> <\/span><\/span><\/p>\n<p><\/br><\/br>pozycja dost\u0119pna<\/p>\n","protected":false},"excerpt":{"rendered":"<p>\u0141ukasik Zbigniew, Ku\u015bmi\u0144ska-Fija\u0142kowska Aldona Wydawnictwo Uniwersytetu Technologiczno-Humanistycznego 2013 Wyd.V &nbsp;Zakres [&hellip;]<\/p>\n","protected":false},"featured_media":8400,"template":"","meta":[],"product_brand":[],"product_cat":[7526,43],"product_tag":[121,147,149,148],"class_list":{"0":"post-63","1":"product","2":"type-product","3":"status-publish","4":"has-post-thumbnail","6":"product_cat-automatyka-elektronika-telekomunikacja","7":"product_cat-wydawnictwo-uth","8":"product_tag-automatyka","9":"product_tag-grafika-w-matlabie","10":"product_tag-skrypty-uniwersytetu-technologiczno-humanistycznego","11":"product_tag-symulacja-komputerowa","13":"first","14":"outofstock","15":"shipping-taxable","16":"purchasable","17":"product-type-simple"},"_links":{"self":[{"href":"https:\/\/ksiegarnia-akademicka.pl\/index.php\/wp-json\/wp\/v2\/product\/63","targetHints":{"allow":["GET"]}}],"collection":[{"href":"https:\/\/ksiegarnia-akademicka.pl\/index.php\/wp-json\/wp\/v2\/product"}],"about":[{"href":"https:\/\/ksiegarnia-akademicka.pl\/index.php\/wp-json\/wp\/v2\/types\/product"}],"wp:featuredmedia":[{"embeddable":true,"href":"https:\/\/ksiegarnia-akademicka.pl\/index.php\/wp-json\/wp\/v2\/media\/8400"}],"wp:attachment":[{"href":"https:\/\/ksiegarnia-akademicka.pl\/index.php\/wp-json\/wp\/v2\/media?parent=63"}],"wp:term":[{"taxonomy":"product_brand","embeddable":true,"href":"https:\/\/ksiegarnia-akademicka.pl\/index.php\/wp-json\/wp\/v2\/product_brand?post=63"},{"taxonomy":"product_cat","embeddable":true,"href":"https:\/\/ksiegarnia-akademicka.pl\/index.php\/wp-json\/wp\/v2\/product_cat?post=63"},{"taxonomy":"product_tag","embeddable":true,"href":"https:\/\/ksiegarnia-akademicka.pl\/index.php\/wp-json\/wp\/v2\/product_tag?post=63"}],"curies":[{"name":"wp","href":"https:\/\/api.w.org\/{rel}","templated":true}]}}