{"id":6278,"date":"2018-05-22T12:55:50","date_gmt":"2018-05-22T10:55:50","guid":{"rendered":"http:\/\/ksiegarnia-akademicka.pl\/index.php\/product\/finanse-przedsiebiorstw-systemu-bankowego-budzetowego-ubezpieczen-podrecznik-2\/"},"modified":"2018-12-18T09:12:02","modified_gmt":"2018-12-18T08:12:02","slug":"finanse-przedsiebiorstw-systemu-bankowego-budzetowego-ubezpieczen-podrecznik-2","status":"publish","type":"product","link":"https:\/\/ksiegarnia-akademicka.pl\/index.php\/product\/finanse-przedsiebiorstw-systemu-bankowego-budzetowego-ubezpieczen-podrecznik-2\/","title":{"rendered":"Finanse przedsi\u0119biorstw systemu bankowego bud\u017cetowego ubezpiecze\u0144 Podr\u0119cznik"},"content":{"rendered":"<p>Autor:<br \/>\nEwa Jarocka<br \/>\nWydawca: Difin<br \/>\nOprawa: Mi\u0119kka<br \/>\nFormat: 15.8&#215;23.0cm<br \/>\nLiczba stron: 295<br \/>\nWydanie: 2<br \/>\nRok wydania: 2017<\/p>\n<p>Wydanie II podr\u0119cznika Finanse jest pozycj\u0105 rozszerzon\u0105 i zaktualizowan\u0105, zawieraj\u0105c\u0105 wiele \u0107wicze\u0144 i zada\u0144. Podr\u0119cznik ten adresowany jest do nauczycieli, uczni\u00f3w, s\u0142uchaczy Policealnych Studi\u00f3w Zawodowych, student\u00f3w studi\u00f3w licencjackich oraz szerokiego grona odbiorc\u00f3w zainteresowanych tematyk\u0105 szeroko poj\u0119tych finans\u00f3w.<\/p>\n<p>45\/03<\/p>\n","protected":false},"excerpt":{"rendered":"<p>Autor: Ewa Jarocka Wydawca: Difin Oprawa: Mi\u0119kka Format: 15.8&#215;23.0cm Liczba [&hellip;]<\/p>\n","protected":false},"featured_media":9804,"template":"","meta":[],"product_brand":[],"product_cat":[20,7503,7516,31,21],"product_tag":[411,1258,2526],"class_list":{"0":"post-6278","1":"product","2":"type-product","3":"status-publish","4":"has-post-thumbnail","6":"product_cat-bankowosc","7":"product_cat-bankowosc-i-prawo-bankowe","8":"product_cat-finanse-przedsiebiorstwa","9":"product_cat-przedsiebiorstwo","10":"product_cat-ubezpieczenia","11":"product_tag-bankowosc","12":"product_tag-finanse-przedsiebiorstw","13":"product_tag-rynek-ubezpieczen","15":"first","16":"instock","17":"sale","18":"shipping-taxable","19":"purchasable","20":"product-type-simple"},"_links":{"self":[{"href":"https:\/\/ksiegarnia-akademicka.pl\/index.php\/wp-json\/wp\/v2\/product\/6278","targetHints":{"allow":["GET"]}}],"collection":[{"href":"https:\/\/ksiegarnia-akademicka.pl\/index.php\/wp-json\/wp\/v2\/product"}],"about":[{"href":"https:\/\/ksiegarnia-akademicka.pl\/index.php\/wp-json\/wp\/v2\/types\/product"}],"wp:featuredmedia":[{"embeddable":true,"href":"https:\/\/ksiegarnia-akademicka.pl\/index.php\/wp-json\/wp\/v2\/media\/9804"}],"wp:attachment":[{"href":"https:\/\/ksiegarnia-akademicka.pl\/index.php\/wp-json\/wp\/v2\/media?parent=6278"}],"wp:term":[{"taxonomy":"product_brand","embeddable":true,"href":"https:\/\/ksiegarnia-akademicka.pl\/index.php\/wp-json\/wp\/v2\/product_brand?post=6278"},{"taxonomy":"product_cat","embeddable":true,"href":"https:\/\/ksiegarnia-akademicka.pl\/index.php\/wp-json\/wp\/v2\/product_cat?post=6278"},{"taxonomy":"product_tag","embeddable":true,"href":"https:\/\/ksiegarnia-akademicka.pl\/index.php\/wp-json\/wp\/v2\/product_tag?post=6278"}],"curies":[{"name":"wp","href":"https:\/\/api.w.org\/{rel}","templated":true}]}}