{"id":6222,"date":"2018-05-22T12:55:41","date_gmt":"2018-05-22T10:55:41","guid":{"rendered":"http:\/\/ksiegarnia-akademicka.pl\/index.php\/product\/informatyka-europejczyka-zeszyt-cwiczen-o-obnizonym-poziomie-trudnosci-gimnazjum\/"},"modified":"2018-05-22T12:55:41","modified_gmt":"2018-05-22T10:55:41","slug":"informatyka-europejczyka-zeszyt-cwiczen-o-obnizonym-poziomie-trudnosci-gimnazjum","status":"publish","type":"product","link":"https:\/\/ksiegarnia-akademicka.pl\/index.php\/product\/informatyka-europejczyka-zeszyt-cwiczen-o-obnizonym-poziomie-trudnosci-gimnazjum\/","title":{"rendered":"Informatyka Europejczyka Zeszyt \u0107wicze\u0144 o obni\u017conym poziomie trudno\u015bci. Gimnazjum"},"content":{"rendered":"","protected":false},"excerpt":{"rendered":"","protected":false},"featured_media":0,"template":"","meta":[],"product_brand":[],"product_cat":[16],"product_tag":[103],"class_list":{"0":"post-6222","1":"product","2":"type-product","3":"status-publish","5":"product_cat-ksiegarnia-akademicka-radom","6":"product_tag-informatyka","8":"first","9":"instock","10":"shipping-taxable","11":"purchasable","12":"product-type-simple"},"_links":{"self":[{"href":"https:\/\/ksiegarnia-akademicka.pl\/index.php\/wp-json\/wp\/v2\/product\/6222","targetHints":{"allow":["GET"]}}],"collection":[{"href":"https:\/\/ksiegarnia-akademicka.pl\/index.php\/wp-json\/wp\/v2\/product"}],"about":[{"href":"https:\/\/ksiegarnia-akademicka.pl\/index.php\/wp-json\/wp\/v2\/types\/product"}],"wp:attachment":[{"href":"https:\/\/ksiegarnia-akademicka.pl\/index.php\/wp-json\/wp\/v2\/media?parent=6222"}],"wp:term":[{"taxonomy":"product_brand","embeddable":true,"href":"https:\/\/ksiegarnia-akademicka.pl\/index.php\/wp-json\/wp\/v2\/product_brand?post=6222"},{"taxonomy":"product_cat","embeddable":true,"href":"https:\/\/ksiegarnia-akademicka.pl\/index.php\/wp-json\/wp\/v2\/product_cat?post=6222"},{"taxonomy":"product_tag","embeddable":true,"href":"https:\/\/ksiegarnia-akademicka.pl\/index.php\/wp-json\/wp\/v2\/product_tag?post=6222"}],"curies":[{"name":"wp","href":"https:\/\/api.w.org\/{rel}","templated":true}]}}