{"id":62,"date":"2018-05-22T12:40:42","date_gmt":"2018-05-22T10:40:42","guid":{"rendered":"http:\/\/ksiegarnia-akademicka.pl\/index.php\/product\/laboratorium-komputerowych-systemow-sterowania\/"},"modified":"2021-04-16T08:56:03","modified_gmt":"2021-04-16T06:56:03","slug":"laboratorium-komputerowych-systemow-sterowania","status":"publish","type":"product","link":"https:\/\/ksiegarnia-akademicka.pl\/index.php\/product\/laboratorium-komputerowych-systemow-sterowania\/","title":{"rendered":"Laboratorium komputerowych system\u00f3w sterowania"},"content":{"rendered":"<p>\u0141ukasik Z., Pniewska B., Pniewski R.<br \/>\nWydawnictwo Politechniki Radomskiej<br \/>\nRok wydania: 2004  Wyd.1<br \/>\nStron: 186<\/p>\n<p>Ksi\u0105\u017cka adresowana jest do student\u00f3w kierunku elektrotechnika. B\u0119dzie ona r\u00f3wnie\u017c bardzo cenn\u0105 pozycj\u0105 dla student\u00f3w innych kierunk\u00f3w technicznych, jak: automatyka i robotyka, elektronika i telekomunikacja, mechanika i budowa maszyn, transport.<\/p>\n","protected":false},"excerpt":{"rendered":"<p>\u0141ukasik Z., Pniewska B., Pniewski R. Wydawnictwo Politechniki Radomskiej Rok [&hellip;]<\/p>\n","protected":false},"featured_media":14397,"template":"","meta":[],"product_brand":[],"product_cat":[7526,43],"product_tag":[8124,79],"class_list":{"0":"post-62","1":"product","2":"type-product","3":"status-publish","4":"has-post-thumbnail","6":"product_cat-automatyka-elektronika-telekomunikacja","7":"product_cat-wydawnictwo-uth","8":"product_tag-komputerowe-systemy-sterowania","9":"product_tag-skrypty-uth","11":"first","12":"instock","13":"shipping-taxable","14":"purchasable","15":"product-type-simple"},"_links":{"self":[{"href":"https:\/\/ksiegarnia-akademicka.pl\/index.php\/wp-json\/wp\/v2\/product\/62","targetHints":{"allow":["GET"]}}],"collection":[{"href":"https:\/\/ksiegarnia-akademicka.pl\/index.php\/wp-json\/wp\/v2\/product"}],"about":[{"href":"https:\/\/ksiegarnia-akademicka.pl\/index.php\/wp-json\/wp\/v2\/types\/product"}],"wp:featuredmedia":[{"embeddable":true,"href":"https:\/\/ksiegarnia-akademicka.pl\/index.php\/wp-json\/wp\/v2\/media\/14397"}],"wp:attachment":[{"href":"https:\/\/ksiegarnia-akademicka.pl\/index.php\/wp-json\/wp\/v2\/media?parent=62"}],"wp:term":[{"taxonomy":"product_brand","embeddable":true,"href":"https:\/\/ksiegarnia-akademicka.pl\/index.php\/wp-json\/wp\/v2\/product_brand?post=62"},{"taxonomy":"product_cat","embeddable":true,"href":"https:\/\/ksiegarnia-akademicka.pl\/index.php\/wp-json\/wp\/v2\/product_cat?post=62"},{"taxonomy":"product_tag","embeddable":true,"href":"https:\/\/ksiegarnia-akademicka.pl\/index.php\/wp-json\/wp\/v2\/product_tag?post=62"}],"curies":[{"name":"wp","href":"https:\/\/api.w.org\/{rel}","templated":true}]}}