{"id":6151,"date":"2018-05-22T12:55:28","date_gmt":"2018-05-22T10:55:28","guid":{"rendered":"http:\/\/ksiegarnia-akademicka.pl\/index.php\/product\/pielegniarstwo-kardiologiczne\/"},"modified":"2020-01-24T16:22:47","modified_gmt":"2020-01-24T15:22:47","slug":"pielegniarstwo-kardiologiczne","status":"publish","type":"product","link":"https:\/\/ksiegarnia-akademicka.pl\/index.php\/product\/pielegniarstwo-kardiologiczne\/","title":{"rendered":"Piel\u0119gniarstwo kardiologiczne"},"content":{"rendered":"<p>Redakcja: Kaszuba Dorota, Nowicka Anna<br \/>\nWydawca: PZWL<br \/>\nOprawa: Mi\u0119kka<br \/>\nFormat: 16.5&#215;23.5cm<br \/>\nLiczba stron: 306<br \/>\nWydanie: 1<br \/>\nRok wydania: 2019<br \/>\nJ\u0119zyk wydania: polski<\/p>\n<p>Nowoczesny podr\u0119cznik dotycz\u0105cy zagadnie\u0144 piel\u0119gniarstwa kardiologicznego. Zawiera praktyczn\u0105 wiedz\u0119 z zakresu zapobiegania, rozpoznawania, opieki piel\u0119gniarskiej, udzia\u0142u piel\u0119gniarki w post\u0119powaniu terapeutycznym oraz rehabilitacji w schorzeniach uk\u0142adu sercowo-naczyniowego.<br \/>\nZe wzgl\u0119du na dynamiczny rozw\u00f3j kardiologii interwencyjnej i elektroterapii, opisano przebieg wybranych procedur specjalistycznych, m.in. koronarografii, cewnikowania serca, stymulacji elektrycznej serca, zabieg\u00f3w kardiochirurgicznych.<br \/>\nPowszechno\u015b\u0107 schorze\u0144 uk\u0142adu kr\u0105\u017cenia oraz ich przewlek\u0142y charakter uzasadniaj\u0105 umieszczenie w publikacji informacji istotnych dla samoopieki i samokontroli pacjenta po zako\u0144czeniu hospitalizacji.<br \/>\nKsi\u0105\u017cka adresowana jest do student\u00f3w piel\u0119gniarstwa oraz praktykuj\u0105cych piel\u0119gniarek.<\/p>\n","protected":false},"excerpt":{"rendered":"<p>Redakcja: Kaszuba Dorota, Nowicka Anna Wydawca: PZWL Oprawa: Mi\u0119kka Format: [&hellip;]<\/p>\n","protected":false},"featured_media":12154,"template":"","meta":[],"product_brand":[],"product_cat":[7493,7965],"product_tag":[7057,4645],"class_list":{"0":"post-6151","1":"product","2":"type-product","3":"status-publish","4":"has-post-thumbnail","6":"product_cat-medycyna","7":"product_cat-pielegniarstwo","8":"product_tag-kardiologia","9":"product_tag-pielegniarstwo","11":"first","12":"instock","13":"sale","14":"shipping-taxable","15":"purchasable","16":"product-type-simple"},"_links":{"self":[{"href":"https:\/\/ksiegarnia-akademicka.pl\/index.php\/wp-json\/wp\/v2\/product\/6151","targetHints":{"allow":["GET"]}}],"collection":[{"href":"https:\/\/ksiegarnia-akademicka.pl\/index.php\/wp-json\/wp\/v2\/product"}],"about":[{"href":"https:\/\/ksiegarnia-akademicka.pl\/index.php\/wp-json\/wp\/v2\/types\/product"}],"wp:featuredmedia":[{"embeddable":true,"href":"https:\/\/ksiegarnia-akademicka.pl\/index.php\/wp-json\/wp\/v2\/media\/12154"}],"wp:attachment":[{"href":"https:\/\/ksiegarnia-akademicka.pl\/index.php\/wp-json\/wp\/v2\/media?parent=6151"}],"wp:term":[{"taxonomy":"product_brand","embeddable":true,"href":"https:\/\/ksiegarnia-akademicka.pl\/index.php\/wp-json\/wp\/v2\/product_brand?post=6151"},{"taxonomy":"product_cat","embeddable":true,"href":"https:\/\/ksiegarnia-akademicka.pl\/index.php\/wp-json\/wp\/v2\/product_cat?post=6151"},{"taxonomy":"product_tag","embeddable":true,"href":"https:\/\/ksiegarnia-akademicka.pl\/index.php\/wp-json\/wp\/v2\/product_tag?post=6151"}],"curies":[{"name":"wp","href":"https:\/\/api.w.org\/{rel}","templated":true}]}}