{"id":6139,"date":"2018-05-22T12:55:27","date_gmt":"2018-05-22T10:55:27","guid":{"rendered":"http:\/\/ksiegarnia-akademicka.pl\/index.php\/product\/biofizyka-2\/"},"modified":"2023-04-24T10:17:02","modified_gmt":"2023-04-24T08:17:02","slug":"biofizyka-2","status":"publish","type":"product","link":"https:\/\/ksiegarnia-akademicka.pl\/index.php\/product\/biofizyka-2\/","title":{"rendered":"Biofizyka"},"content":{"rendered":"<p>Autor:<br \/>\nFeliks (red.) Jaroszyk<br \/>\nRedakcja: Jaroszyk Feliks<br \/>\nWydawca: PZWL<br \/>\nOprawa: Mi\u0119kka<br \/>\nFormat: 16.5&#215;23.5cm<br \/>\nLiczba stron: 912<br \/>\nWydanie: 2<br \/>\nRok wydania: 2019<br \/>\nJ\u0119zyk wydania: polski<\/p>\n<p>Nowe rozdzia\u0142y dotycz\u0105 polimer\u00f3w i materia\u0142oznawstwa stomatologicznego, biomechaniki narz\u0105du \u017cucia, diagnostycznego zastosowania potencja\u0142\u00f3w wywo\u0142anych. Bardzo szeroko om\u00f3wiono wady wzroku i ich korekcj\u0119 oraz przedstawiono problematyk\u0119 wsp\u00f3\u0142czesnej fotometrii. Zmieniono i uzupe\u0142niono tak\u017ce rozdzia\u0142y dotycz\u0105ce ultrasonografii i dopplerowskiej metody badania biologicznych struktur ruchomych.<\/p>\n","protected":false},"excerpt":{"rendered":"<p>Autor: Feliks (red.) Jaroszyk Redakcja: Jaroszyk Feliks Wydawca: PZWL Oprawa: [&hellip;]<\/p>\n","protected":false},"featured_media":11760,"template":"","meta":[],"product_brand":[],"product_cat":[7493,44,7625],"product_tag":[4806,4665,6220,5722,3994,259],"class_list":{"0":"post-6139","1":"product","2":"type-product","3":"status-publish","4":"has-post-thumbnail","6":"product_cat-medycyna","7":"product_cat-nauki-medyczne","8":"product_cat-nauki-o-zdrowiu","9":"product_tag-biochemia","10":"product_tag-biofizyka","11":"product_tag-biologia-molekularna","12":"product_tag-genetyka","13":"product_tag-medycyna","14":"product_tag-podreczniki-akademickie","16":"first","17":"instock","18":"sale","19":"shipping-taxable","20":"purchasable","21":"product-type-simple"},"_links":{"self":[{"href":"https:\/\/ksiegarnia-akademicka.pl\/index.php\/wp-json\/wp\/v2\/product\/6139","targetHints":{"allow":["GET"]}}],"collection":[{"href":"https:\/\/ksiegarnia-akademicka.pl\/index.php\/wp-json\/wp\/v2\/product"}],"about":[{"href":"https:\/\/ksiegarnia-akademicka.pl\/index.php\/wp-json\/wp\/v2\/types\/product"}],"wp:featuredmedia":[{"embeddable":true,"href":"https:\/\/ksiegarnia-akademicka.pl\/index.php\/wp-json\/wp\/v2\/media\/11760"}],"wp:attachment":[{"href":"https:\/\/ksiegarnia-akademicka.pl\/index.php\/wp-json\/wp\/v2\/media?parent=6139"}],"wp:term":[{"taxonomy":"product_brand","embeddable":true,"href":"https:\/\/ksiegarnia-akademicka.pl\/index.php\/wp-json\/wp\/v2\/product_brand?post=6139"},{"taxonomy":"product_cat","embeddable":true,"href":"https:\/\/ksiegarnia-akademicka.pl\/index.php\/wp-json\/wp\/v2\/product_cat?post=6139"},{"taxonomy":"product_tag","embeddable":true,"href":"https:\/\/ksiegarnia-akademicka.pl\/index.php\/wp-json\/wp\/v2\/product_tag?post=6139"}],"curies":[{"name":"wp","href":"https:\/\/api.w.org\/{rel}","templated":true}]}}