{"id":6096,"date":"2018-05-22T12:55:19","date_gmt":"2018-05-22T10:55:19","guid":{"rendered":"http:\/\/ksiegarnia-akademicka.pl\/index.php\/product\/austriacka-szkola-ekonomii-rozszerzone-wprowadzenie\/"},"modified":"2019-01-05T11:08:43","modified_gmt":"2019-01-05T10:08:43","slug":"austriacka-szkola-ekonomii-rozszerzone-wprowadzenie","status":"publish","type":"product","link":"https:\/\/ksiegarnia-akademicka.pl\/index.php\/product\/austriacka-szkola-ekonomii-rozszerzone-wprowadzenie\/","title":{"rendered":"Austriacka szko\u0142a ekonomii.Rozszerzone wprowadzenie"},"content":{"rendered":"<p>Autor:<br \/>\nRandall G. Holcombe<br \/>\nT\u0142umacze: Pawi\u0144ski Bogusz<br \/>\nWydawca: Fijorr Publishing<br \/>\nOprawa: Mi\u0119kka<br \/>\nFormat: 15.0&#215;21.0cm<br \/>\nLiczba stron: 208<br \/>\nWydanie: 1<br \/>\nRok wydania: 2015<\/p>\n<p>Ksi\u0105\u017cka skierowana do os\u00f3b, kt\u00f3re nie dysponuj\u0105 g\u0142\u0119bok\u0105 wiedz\u0105 na temat szko\u0142y, ale chc\u0105 zrozumie\u0107. Czym charakteryzuj\u0105 si\u0119 jej metody i idee. Wprowadzenie jest &#8222;rozszerzone&#8221;, poniewa\u017c zak\u0142ada, \u017ce czytelnicy maj\u0105 ju\u017c jakie\u015b do\u015bwiadczenie w dziedzinie ekonomii, ale wci\u0105\u017c pozostaje &#8222;wprowadzeniem&#8221;, poniewa\u017c nie wymaga \u017cadnej wiedzy o szkole austriackiej.<\/p>\n","protected":false},"excerpt":{"rendered":"<p>Autor: Randall G. Holcombe T\u0142umacze: Pawi\u0144ski Bogusz Wydawca: Fijorr Publishing [&hellip;]<\/p>\n","protected":false},"featured_media":10084,"template":"","meta":[],"product_brand":[],"product_cat":[17,7498],"product_tag":[7767,1802,337],"class_list":{"0":"post-6096","1":"product","2":"type-product","3":"status-publish","4":"has-post-thumbnail","6":"product_cat-ekonomia","7":"product_cat-teoria-ekonomii","8":"product_tag-austriacka-szkola-ekonomii","9":"product_tag-biznes","10":"product_tag-ekonomia","12":"first","13":"instock","14":"sale","15":"shipping-taxable","16":"purchasable","17":"product-type-simple"},"_links":{"self":[{"href":"https:\/\/ksiegarnia-akademicka.pl\/index.php\/wp-json\/wp\/v2\/product\/6096","targetHints":{"allow":["GET"]}}],"collection":[{"href":"https:\/\/ksiegarnia-akademicka.pl\/index.php\/wp-json\/wp\/v2\/product"}],"about":[{"href":"https:\/\/ksiegarnia-akademicka.pl\/index.php\/wp-json\/wp\/v2\/types\/product"}],"wp:featuredmedia":[{"embeddable":true,"href":"https:\/\/ksiegarnia-akademicka.pl\/index.php\/wp-json\/wp\/v2\/media\/10084"}],"wp:attachment":[{"href":"https:\/\/ksiegarnia-akademicka.pl\/index.php\/wp-json\/wp\/v2\/media?parent=6096"}],"wp:term":[{"taxonomy":"product_brand","embeddable":true,"href":"https:\/\/ksiegarnia-akademicka.pl\/index.php\/wp-json\/wp\/v2\/product_brand?post=6096"},{"taxonomy":"product_cat","embeddable":true,"href":"https:\/\/ksiegarnia-akademicka.pl\/index.php\/wp-json\/wp\/v2\/product_cat?post=6096"},{"taxonomy":"product_tag","embeddable":true,"href":"https:\/\/ksiegarnia-akademicka.pl\/index.php\/wp-json\/wp\/v2\/product_tag?post=6096"}],"curies":[{"name":"wp","href":"https:\/\/api.w.org\/{rel}","templated":true}]}}