{"id":6042,"date":"2018-05-22T12:55:10","date_gmt":"2018-05-22T10:55:10","guid":{"rendered":"http:\/\/ksiegarnia-akademicka.pl\/index.php\/product\/sprawozdania-budzetowe-jednostek-panstwowych-2015-nalezy-do-serii-beck-info-biznes\/"},"modified":"2018-05-22T12:55:10","modified_gmt":"2018-05-22T10:55:10","slug":"sprawozdania-budzetowe-jednostek-panstwowych-2015-nalezy-do-serii-beck-info-biznes","status":"publish","type":"product","link":"https:\/\/ksiegarnia-akademicka.pl\/index.php\/product\/sprawozdania-budzetowe-jednostek-panstwowych-2015-nalezy-do-serii-beck-info-biznes\/","title":{"rendered":"Sprawozdania bud\u017cetowe jednostek pa\u0144stwowych 2015. Nale\u017cy do serii BECK INFO BIZNES."},"content":{"rendered":"","protected":false},"excerpt":{"rendered":"","protected":false},"featured_media":0,"template":"","meta":[],"product_brand":[],"product_cat":[16],"product_tag":[472,1358,1496],"class_list":{"0":"post-6042","1":"product","2":"type-product","3":"status-publish","5":"product_cat-ksiegarnia-akademicka-radom","6":"product_tag-finanse-publiczne","7":"product_tag-ksiegowosc","8":"product_tag-rachunkowosc","10":"first","11":"instock","12":"shipping-taxable","13":"purchasable","14":"product-type-simple"},"_links":{"self":[{"href":"https:\/\/ksiegarnia-akademicka.pl\/index.php\/wp-json\/wp\/v2\/product\/6042","targetHints":{"allow":["GET"]}}],"collection":[{"href":"https:\/\/ksiegarnia-akademicka.pl\/index.php\/wp-json\/wp\/v2\/product"}],"about":[{"href":"https:\/\/ksiegarnia-akademicka.pl\/index.php\/wp-json\/wp\/v2\/types\/product"}],"wp:attachment":[{"href":"https:\/\/ksiegarnia-akademicka.pl\/index.php\/wp-json\/wp\/v2\/media?parent=6042"}],"wp:term":[{"taxonomy":"product_brand","embeddable":true,"href":"https:\/\/ksiegarnia-akademicka.pl\/index.php\/wp-json\/wp\/v2\/product_brand?post=6042"},{"taxonomy":"product_cat","embeddable":true,"href":"https:\/\/ksiegarnia-akademicka.pl\/index.php\/wp-json\/wp\/v2\/product_cat?post=6042"},{"taxonomy":"product_tag","embeddable":true,"href":"https:\/\/ksiegarnia-akademicka.pl\/index.php\/wp-json\/wp\/v2\/product_tag?post=6042"}],"curies":[{"name":"wp","href":"https:\/\/api.w.org\/{rel}","templated":true}]}}