{"id":6014,"date":"2018-05-22T12:55:05","date_gmt":"2018-05-22T10:55:05","guid":{"rendered":"http:\/\/ksiegarnia-akademicka.pl\/index.php\/product\/neuroimmunologia-kliniczna\/"},"modified":"2026-03-21T09:08:30","modified_gmt":"2026-03-21T08:08:30","slug":"neuroimmunologia-kliniczna","status":"publish","type":"product","link":"https:\/\/ksiegarnia-akademicka.pl\/index.php\/product\/neuroimmunologia-kliniczna\/","title":{"rendered":"Immunologia kliniczna"},"content":{"rendered":"<p>Autor: H. Chapel, M. Haeney, S. Misbah, N. Snowden \/\/ Redakcja naukowa wydania polskiego: Grzegorz Senatorski<br \/>\nISBN: 978-83-60608-37-1<br \/>\nFormat: A4<br \/>\nObj\u0119to\u015b\u0107: 412 stron<br \/>\nOprawa: Twarda<\/p>\n<p>Swobodne poruszanie si\u0119 w zagadnieniach immunologii staj\u0119 si\u0119 obecnie niezb\u0119dne dla zrozumienia nie tylko chor\u00f3b uk\u0142adowych, ale r\u00f3wnie\u017c szeregu innych, jak mia\u017cd\u017cyca, amyloidowa, marsko\u015b\u0107 w\u0105troby, szkliwienie nerek, cukrzyca typu I i wielu innych. Immunologia jest bowiem dziedzin\u0105, kt\u00f3ra integruje r\u00f3\u017cne specjalno\u015bci medyczne, a jednocze\u015bnie jest podstaw\u0105 do ich zrozumienia.<\/p>\n<p>Napisana przez wytrawnych znawc\u00f3w przedmiotu, bogato ilustrowana ksi\u0105\u017cka prezentuje bardzo praktyczne podej\u015bcie do problem\u00f3w immunologii. Jest to pierwsze polskie t\u0142umaczenie najnowszego, V wydania \u201eEssentials of Clinical Immunology\u201d. Przes\u0142aniem autor\u00f3w jest, aby traktowa\u0107 uk\u0142ad immunologiczny cz\u0142owieka jako integraln\u0105 cz\u0119\u015b\u0107 ka\u017cdego narz\u0105du, a tak\u017ce by pami\u0119ta\u0107, \u017ce mechanizmy uk\u0142adu immunologicznego nie s\u0105 zarezerwowane tylko dla kom\u00f3rek immunologicznych.<\/p>\n<p>Uk\u0142ad ksi\u0105\u017cki jest bardzo przejrzysty \u2013 rozpoczyna si\u0119 wiadomo\u015bciami og\u00f3lnymi nt. struktury i funkcji sk\u0142adnik\u00f3w uk\u0142adu odporno\u015bciowego, nast\u0119pnie przedstawione s\u0105 zjawiska dotycz\u0105ce wielu narz\u0105d\u00f3w i manipulacje immunologiczne (zaka\u017cenia, anafilaksje i alergie, choroby autoimmunizacyjne, zespo\u0142y limfoproliferacyjne, immunomodulacja i przeszczepianie narz\u0105d\u00f3w).<\/p>\n<p>Kolejne rozdzia\u0142y po\u015bwi\u0119cono patologii narz\u0105d\u00f3w i uk\u0142ad\u00f3w organizmu, w kt\u00f3rej zasadnicz\u0105 rol\u0119 odgrywa uk\u0142ad odporno\u015bciowy. Na zako\u0144czenie opisano techniki immunologii klinicznej.<\/p>\n<p>Opr\u00f3cz wielu ciekawych przypadk\u00f3w klinicznych, zilustrowanych licznymi zdj\u0119ciami i diagramami, autorzy zamie\u015bcili pytania testowe z odpowiedziami oraz bardzo przydatn\u0105 list\u0119 stron internetowych o tematyce immunologicznej.<\/p>\n<p>Spis tre\u015bci:<br \/>\nT\u0142umaczenie<br \/>\nPrzedmowa do wydania V<br \/>\nPrzedmowa do wydania I<br \/>\nPodzi\u0119kowania do wydania I<br \/>\nPrzedmowa do wydania polskiego<br \/>\nWst\u0119p do wydania polskiego<br \/>\nLegenda dla czytelnika<\/p>\n<p>Rozdzia\u0142 1. Podstawowe elementy: struktura i czynno\u015b\u0107<br \/>\nRozdzia\u0142 2. Zaka\u017cenia i zara\u017cenia<br \/>\nRozdzia\u0142 3. Niedobory odporno\u015bci<br \/>\nRozdzia\u0142 4. Anafilaksja i alergia<br \/>\nRozdzia\u0142 5. Choroby autoimmunizacyjne<br \/>\nRozdzia\u0142 6. Choroby rozrostowe uk\u0142adu ch\u0142onnego<br \/>\nRozdzia\u0142 7. Immunoterapia<br \/>\nRozdzia\u0142 8. Przeszczepianie<br \/>\nRozdzia\u0142 9. Choroby nerek<br \/>\nRozdzia\u0142 10. Stawy i mi\u0119\u015bnie<br \/>\nRozdzia\u0142 11. Choroby sk\u00f3ry<br \/>\nRozdzia\u0142 12. Choroby oczu<br \/>\nRozdzia\u0142 13. Choroby klatki piersiowej<br \/>\nRozdzia\u0142 14. Choroby przewodu pokarmowego i w\u0105troby<br \/>\nRozdzia\u0142 15. Endokrynologia i cukrzyca<br \/>\nRozdzia\u0142 16. Choroby krwi<br \/>\nRozdzia\u0142 17. Immunologiczne aspekty chor\u00f3b uk\u0142adu nerwowego<br \/>\nRozdzia\u0142 18. Ci\u0105\u017ca<br \/>\nRozdzia\u0142 19. Techniki w immunologii klinicznej<br \/>\nDodatek Immunologia kliniczna i alergia w Internecie<br \/>\nTesty wielokrotnego wyboru<br \/>\nOdpowiedzi<br \/>\nIndeks<\/p>\n","protected":false},"excerpt":{"rendered":"<p>Autor: H. Chapel, M. Haeney, S. Misbah, N. Snowden \/\/ [&hellip;]<\/p>\n","protected":false},"featured_media":13885,"template":"","meta":[],"product_brand":[],"product_cat":[8069,7493],"product_tag":[8095,3994,347],"class_list":{"0":"post-6014","1":"product","2":"type-product","3":"status-publish","4":"has-post-thumbnail","6":"product_cat-fizjologia","7":"product_cat-medycyna","8":"product_tag-immunologia-kliniczna","9":"product_tag-medycyna","10":"product_tag-podrecznik","12":"first","13":"instock","14":"sale","15":"shipping-taxable","16":"purchasable","17":"product-type-simple"},"_links":{"self":[{"href":"https:\/\/ksiegarnia-akademicka.pl\/index.php\/wp-json\/wp\/v2\/product\/6014","targetHints":{"allow":["GET"]}}],"collection":[{"href":"https:\/\/ksiegarnia-akademicka.pl\/index.php\/wp-json\/wp\/v2\/product"}],"about":[{"href":"https:\/\/ksiegarnia-akademicka.pl\/index.php\/wp-json\/wp\/v2\/types\/product"}],"wp:featuredmedia":[{"embeddable":true,"href":"https:\/\/ksiegarnia-akademicka.pl\/index.php\/wp-json\/wp\/v2\/media\/13885"}],"wp:attachment":[{"href":"https:\/\/ksiegarnia-akademicka.pl\/index.php\/wp-json\/wp\/v2\/media?parent=6014"}],"wp:term":[{"taxonomy":"product_brand","embeddable":true,"href":"https:\/\/ksiegarnia-akademicka.pl\/index.php\/wp-json\/wp\/v2\/product_brand?post=6014"},{"taxonomy":"product_cat","embeddable":true,"href":"https:\/\/ksiegarnia-akademicka.pl\/index.php\/wp-json\/wp\/v2\/product_cat?post=6014"},{"taxonomy":"product_tag","embeddable":true,"href":"https:\/\/ksiegarnia-akademicka.pl\/index.php\/wp-json\/wp\/v2\/product_tag?post=6014"}],"curies":[{"name":"wp","href":"https:\/\/api.w.org\/{rel}","templated":true}]}}