{"id":5992,"date":"2018-05-22T12:55:00","date_gmt":"2018-05-22T10:55:00","guid":{"rendered":"http:\/\/ksiegarnia-akademicka.pl\/index.php\/product\/agora-interesow-g20-i-wylanianie-sie-globalnego-zarzadzania\/"},"modified":"2018-05-22T12:55:00","modified_gmt":"2018-05-22T10:55:00","slug":"agora-interesow-g20-i-wylanianie-sie-globalnego-zarzadzania","status":"publish","type":"product","link":"https:\/\/ksiegarnia-akademicka.pl\/index.php\/product\/agora-interesow-g20-i-wylanianie-sie-globalnego-zarzadzania\/","title":{"rendered":"Agora interes\u00f3w G20 i wy\u0142anianie si\u0119 globalnego zarz\u0105dzania"},"content":{"rendered":"","protected":false},"excerpt":{"rendered":"","protected":false},"featured_media":0,"template":"","meta":[],"product_brand":[],"product_cat":[16],"product_tag":[337,6992,551,377],"class_list":{"0":"post-5992","1":"product","2":"type-product","3":"status-publish","5":"product_cat-ksiegarnia-akademicka-radom","6":"product_tag-ekonomia","7":"product_tag-g20","8":"product_tag-globalizacja","9":"product_tag-gospodarka","11":"first","12":"instock","13":"shipping-taxable","14":"purchasable","15":"product-type-simple"},"_links":{"self":[{"href":"https:\/\/ksiegarnia-akademicka.pl\/index.php\/wp-json\/wp\/v2\/product\/5992","targetHints":{"allow":["GET"]}}],"collection":[{"href":"https:\/\/ksiegarnia-akademicka.pl\/index.php\/wp-json\/wp\/v2\/product"}],"about":[{"href":"https:\/\/ksiegarnia-akademicka.pl\/index.php\/wp-json\/wp\/v2\/types\/product"}],"wp:attachment":[{"href":"https:\/\/ksiegarnia-akademicka.pl\/index.php\/wp-json\/wp\/v2\/media?parent=5992"}],"wp:term":[{"taxonomy":"product_brand","embeddable":true,"href":"https:\/\/ksiegarnia-akademicka.pl\/index.php\/wp-json\/wp\/v2\/product_brand?post=5992"},{"taxonomy":"product_cat","embeddable":true,"href":"https:\/\/ksiegarnia-akademicka.pl\/index.php\/wp-json\/wp\/v2\/product_cat?post=5992"},{"taxonomy":"product_tag","embeddable":true,"href":"https:\/\/ksiegarnia-akademicka.pl\/index.php\/wp-json\/wp\/v2\/product_tag?post=5992"}],"curies":[{"name":"wp","href":"https:\/\/api.w.org\/{rel}","templated":true}]}}