{"id":5976,"date":"2018-05-22T12:54:57","date_gmt":"2018-05-22T10:54:57","guid":{"rendered":"http:\/\/ksiegarnia-akademicka.pl\/index.php\/product\/instalacje-elektryczne-we-wspolczesnych-domach-jednorodzinnych\/"},"modified":"2022-11-08T09:18:28","modified_gmt":"2022-11-08T08:18:28","slug":"instalacje-elektryczne-we-wspolczesnych-domach-jednorodzinnych","status":"publish","type":"product","link":"https:\/\/ksiegarnia-akademicka.pl\/index.php\/product\/instalacje-elektryczne-we-wspolczesnych-domach-jednorodzinnych\/","title":{"rendered":"Instalacje elektryczne Podr\u0119cznik do kszta\u0142cenia w zawodach technik elektryk, elektryk"},"content":{"rendered":"<p>Autor:<br \/>\nS\u0142awomir Ko\u0142odziejczyk<br \/>\nWydawca: Wydawnictwa Komunikacji i \u0141\u0105czno\u015bci WK\u0141<br \/>\nOprawa: Mi\u0119kka<br \/>\nFormat: 16.5&#215;24.0cm<br \/>\nLiczba stron: 380<br \/>\nWydanie: 2<br \/>\nRok wydania: 2021<\/p>\n<p>Bogato ilustrowany podr\u0119cznik po\u015bwi\u0119cony instalacjom elektrycznym. Opisano w nim rodzaje przewod\u00f3w elektrycznych (ich budow\u0119, parametry, oznaczanie i sposoby \u0142\u0105czenia), sprz\u0119t i osprz\u0119t w instalacjach elektrycznych (w tym m.in. \u0142\u0105czniki, gniazda i wtyczki, wy\u0142\u0105czniki, styczniki, bezpieczniki, z\u0142\u0105czki i puszki instalacyjne oraz korytka i rury ochronne), o\u015bwietlenie elektryczne (z uwzgl\u0119dnieniem m.in. parametr\u00f3w \u015bwietlnych, rodzaj\u00f3w lamp, klas i rodzaj\u00f3w o\u015bwietlenia, r\u00f3\u017cnych rodzaj\u00f3w opraw o\u015bwietleniowych oraz zasad o\u015bwietlania i metod obliczania nat\u0119\u017cenia o\u015bwietlenia), budow\u0119 i rodzaje instalacji elektrycznych (w tym m.in. parametry techniczne, cz\u0119\u015bci sk\u0142adowe, sie\u0107 rozdzielcz\u0105, instalacje odbiorcze, uk\u0142ady sieci i instalacji elektrycznych) oraz eksploatacj\u0119 instalacji elektrycznych (z uwzgl\u0119dnieniem m.in. \u015brodk\u00f3w ochrony przeciwpora\u017ceniowej, odgromowej i przepi\u0119ciowej, zasad eksploatacji instalacji, zak\u0142\u00f3ce\u0144 w dzia\u0142aniu instalacji i zasad ochrony przeciwpo\u017carowej). Na ko\u0144cu ka\u017cdego rozdzia\u0142u zamieszczono pytania i testy kontrolne oraz tabel\u0119 uszczeg\u00f3\u0142owionych efekt\u00f3w kszta\u0142cenia, kt\u00f3re umo\u017cliwiaj\u0105 uczniowi samoocen\u0119 stopnia opanowania materia\u0142u.<br \/>\nKsi\u0105\u017cka jest przeznaczona dla uczni\u00f3w kszta\u0142c\u0105cych si\u0119 w zawodach technika elektryka i elektryka oraz uczestnik\u00f3w kurs\u00f3w zawodowych w zakresie cz\u0119\u015bci 1 kwalifikacji E.8 Monta\u017c i konserwacja instalacji elektrycznych.<br \/>\nNr ewidencyjny w wykazie podr\u0119cznik\u00f3w MEN: 10 \/2016.<br \/>\nPodr\u0119cznik mo\u017ce by\u0107 wykorzystywany do kszta\u0142cenia w zawodach szkolnictwa bran\u017cowego zgodnie z podstaw\u0105 programow\u0105 2019 w zakresie kwalifikacji ELE.02.<\/p>\n","protected":false},"excerpt":{"rendered":"<p>Autor: S\u0142awomir Ko\u0142odziejczyk Wydawca: Wydawnictwa Komunikacji i \u0141\u0105czno\u015bci WK\u0141 Oprawa: [&hellip;]<\/p>\n","protected":false},"featured_media":12604,"template":"","meta":[],"product_brand":[],"product_cat":[7722,41],"product_tag":[1453,4247,4218],"class_list":{"0":"post-5976","1":"product","2":"type-product","3":"status-publish","4":"has-post-thumbnail","6":"product_cat-energetyka","7":"product_cat-nauki-techniczne","8":"product_tag-budownictwo","9":"product_tag-energetyka","10":"product_tag-instalacje-elektryczne","12":"first","13":"instock","14":"sale","15":"shipping-taxable","16":"purchasable","17":"product-type-simple"},"_links":{"self":[{"href":"https:\/\/ksiegarnia-akademicka.pl\/index.php\/wp-json\/wp\/v2\/product\/5976","targetHints":{"allow":["GET"]}}],"collection":[{"href":"https:\/\/ksiegarnia-akademicka.pl\/index.php\/wp-json\/wp\/v2\/product"}],"about":[{"href":"https:\/\/ksiegarnia-akademicka.pl\/index.php\/wp-json\/wp\/v2\/types\/product"}],"wp:featuredmedia":[{"embeddable":true,"href":"https:\/\/ksiegarnia-akademicka.pl\/index.php\/wp-json\/wp\/v2\/media\/12604"}],"wp:attachment":[{"href":"https:\/\/ksiegarnia-akademicka.pl\/index.php\/wp-json\/wp\/v2\/media?parent=5976"}],"wp:term":[{"taxonomy":"product_brand","embeddable":true,"href":"https:\/\/ksiegarnia-akademicka.pl\/index.php\/wp-json\/wp\/v2\/product_brand?post=5976"},{"taxonomy":"product_cat","embeddable":true,"href":"https:\/\/ksiegarnia-akademicka.pl\/index.php\/wp-json\/wp\/v2\/product_cat?post=5976"},{"taxonomy":"product_tag","embeddable":true,"href":"https:\/\/ksiegarnia-akademicka.pl\/index.php\/wp-json\/wp\/v2\/product_tag?post=5976"}],"curies":[{"name":"wp","href":"https:\/\/api.w.org\/{rel}","templated":true}]}}