{"id":5960,"date":"2018-05-22T12:54:54","date_gmt":"2018-05-22T10:54:54","guid":{"rendered":"http:\/\/ksiegarnia-akademicka.pl\/index.php\/product\/zabiegi-pielegnacyjne-i-upiekszajace-dloni-i-stop-podrecznik-do-nauki-zawodu-technik-uslug-kosmetycznych-kwalifikacja-a-62-2\/"},"modified":"2018-05-22T12:54:54","modified_gmt":"2018-05-22T10:54:54","slug":"zabiegi-pielegnacyjne-i-upiekszajace-dloni-i-stop-podrecznik-do-nauki-zawodu-technik-uslug-kosmetycznych-kwalifikacja-a-62-2","status":"publish","type":"product","link":"https:\/\/ksiegarnia-akademicka.pl\/index.php\/product\/zabiegi-pielegnacyjne-i-upiekszajace-dloni-i-stop-podrecznik-do-nauki-zawodu-technik-uslug-kosmetycznych-kwalifikacja-a-62-2\/","title":{"rendered":"Zabiegi piel\u0119gnacyjne i upi\u0119kszaj\u0105ce d\u0142oni i st\u00f3p Podr\u0119cznik do nauki zawodu Technik us\u0142ug kosmetycznych. Kwalifikacja A.62.2"},"content":{"rendered":"","protected":false},"excerpt":{"rendered":"","protected":false},"featured_media":0,"template":"","meta":[],"product_brand":[],"product_cat":[16],"product_tag":[4934,6490,3994,5163,347],"class_list":{"0":"post-5960","1":"product","2":"type-product","3":"status-publish","5":"product_cat-ksiegarnia-akademicka-radom","6":"product_tag-kosmetologia","7":"product_tag-kosmetyka","8":"product_tag-medycyna","9":"product_tag-medycyna-estetyczna","10":"product_tag-podrecznik","12":"first","13":"instock","14":"shipping-taxable","15":"purchasable","16":"product-type-simple"},"_links":{"self":[{"href":"https:\/\/ksiegarnia-akademicka.pl\/index.php\/wp-json\/wp\/v2\/product\/5960","targetHints":{"allow":["GET"]}}],"collection":[{"href":"https:\/\/ksiegarnia-akademicka.pl\/index.php\/wp-json\/wp\/v2\/product"}],"about":[{"href":"https:\/\/ksiegarnia-akademicka.pl\/index.php\/wp-json\/wp\/v2\/types\/product"}],"wp:attachment":[{"href":"https:\/\/ksiegarnia-akademicka.pl\/index.php\/wp-json\/wp\/v2\/media?parent=5960"}],"wp:term":[{"taxonomy":"product_brand","embeddable":true,"href":"https:\/\/ksiegarnia-akademicka.pl\/index.php\/wp-json\/wp\/v2\/product_brand?post=5960"},{"taxonomy":"product_cat","embeddable":true,"href":"https:\/\/ksiegarnia-akademicka.pl\/index.php\/wp-json\/wp\/v2\/product_cat?post=5960"},{"taxonomy":"product_tag","embeddable":true,"href":"https:\/\/ksiegarnia-akademicka.pl\/index.php\/wp-json\/wp\/v2\/product_tag?post=5960"}],"curies":[{"name":"wp","href":"https:\/\/api.w.org\/{rel}","templated":true}]}}