{"id":5954,"date":"2018-05-22T12:54:53","date_gmt":"2018-05-22T10:54:53","guid":{"rendered":"http:\/\/ksiegarnia-akademicka.pl\/index.php\/product\/6-etapow-sprawnego-przejscia-z-uor-na-mssf-praktyczne-wskazowki-jak-przejsc-na-mssf-i-bezpiecznie-je-stosowac\/"},"modified":"2018-05-22T12:54:53","modified_gmt":"2018-05-22T10:54:53","slug":"6-etapow-sprawnego-przejscia-z-uor-na-mssf-praktyczne-wskazowki-jak-przejsc-na-mssf-i-bezpiecznie-je-stosowac","status":"publish","type":"product","link":"https:\/\/ksiegarnia-akademicka.pl\/index.php\/product\/6-etapow-sprawnego-przejscia-z-uor-na-mssf-praktyczne-wskazowki-jak-przejsc-na-mssf-i-bezpiecznie-je-stosowac\/","title":{"rendered":"6 etap\u00f3w sprawnego przej\u015bcia z UOR na MSSF Praktyczne wskaz\u00f3wki jak przej\u015b\u0107 na MSSF i bezpiecznie je stosowa\u0107"},"content":{"rendered":"","protected":false},"excerpt":{"rendered":"","protected":false},"featured_media":0,"template":"","meta":[],"product_brand":[],"product_cat":[16],"product_tag":[4875,1370,1136,1496],"class_list":{"0":"post-5954","1":"product","2":"type-product","3":"status-publish","5":"product_cat-ksiegarnia-akademicka-radom","6":"product_tag-komentarze-praktyczne","7":"product_tag-mssf","8":"product_tag-prawo-finansowe","9":"product_tag-rachunkowosc","11":"first","12":"instock","13":"shipping-taxable","14":"purchasable","15":"product-type-simple"},"_links":{"self":[{"href":"https:\/\/ksiegarnia-akademicka.pl\/index.php\/wp-json\/wp\/v2\/product\/5954","targetHints":{"allow":["GET"]}}],"collection":[{"href":"https:\/\/ksiegarnia-akademicka.pl\/index.php\/wp-json\/wp\/v2\/product"}],"about":[{"href":"https:\/\/ksiegarnia-akademicka.pl\/index.php\/wp-json\/wp\/v2\/types\/product"}],"wp:attachment":[{"href":"https:\/\/ksiegarnia-akademicka.pl\/index.php\/wp-json\/wp\/v2\/media?parent=5954"}],"wp:term":[{"taxonomy":"product_brand","embeddable":true,"href":"https:\/\/ksiegarnia-akademicka.pl\/index.php\/wp-json\/wp\/v2\/product_brand?post=5954"},{"taxonomy":"product_cat","embeddable":true,"href":"https:\/\/ksiegarnia-akademicka.pl\/index.php\/wp-json\/wp\/v2\/product_cat?post=5954"},{"taxonomy":"product_tag","embeddable":true,"href":"https:\/\/ksiegarnia-akademicka.pl\/index.php\/wp-json\/wp\/v2\/product_tag?post=5954"}],"curies":[{"name":"wp","href":"https:\/\/api.w.org\/{rel}","templated":true}]}}