{"id":5938,"date":"2018-05-22T12:54:50","date_gmt":"2018-05-22T10:54:50","guid":{"rendered":"http:\/\/ksiegarnia-akademicka.pl\/index.php\/product\/prawne-aspekty-gospodarowania-nieruchomosciami-w-ujeciu-praktycznym\/"},"modified":"2018-12-14T16:01:10","modified_gmt":"2018-12-14T15:01:10","slug":"prawne-aspekty-gospodarowania-nieruchomosciami-w-ujeciu-praktycznym","status":"publish","type":"product","link":"https:\/\/ksiegarnia-akademicka.pl\/index.php\/product\/prawne-aspekty-gospodarowania-nieruchomosciami-w-ujeciu-praktycznym\/","title":{"rendered":"Prawne aspekty gospodarowania nieruchomo\u015bciami w uj\u0119ciu praktycznym"},"content":{"rendered":"<p>Autor:<br \/>\nPiotr Wancke<br \/>\nWydawca: Poltext<br \/>\nOprawa: Mi\u0119kka<br \/>\nFormat: 16.5&#215;23.0cm<br \/>\nLiczba stron: 272<br \/>\nRok wydania: 2015<\/p>\n<p>Autor wychodzi naprzeciw potrzebom os\u00f3b, kt\u00f3re w swojej pracy zawodowej napotykaj\u0105 problemy w tym zakresie. Skupia si\u0119 wi\u0119c na om\u00f3wieniu tych aspekt\u00f3w prawa, kt\u00f3re w praktyce okazuj\u0105 si\u0119 trudne, ciekawe lub stwarzaj\u0105 w\u0105tpliwo\u015bci. Analizuj\u0105c regulacje prawne, Autor zwraca uwag\u0119 na interpretacje zawarte w literaturze przedmiotu oraz orzeczeniach s\u0105d\u00f3w, kt\u00f3re kszta\u0142tuj\u0105 praktyk\u0119 post\u0119powania nie tylko organ\u00f3w administracji, ale tak\u017ce reprezentant\u00f3w wielu zawod\u00f3w zwi\u0105zanych z rynkiem nieruchomo\u015bci.<\/p>\n<p>W ksi\u0105\u017cce om\u00f3wione zosta\u0142o poj\u0119cie nieruchomo\u015bci jako rzeczy z uwagi na spos\u00f3b wykorzystania lub przedmiot w\u0142asno\u015bci. Skupiono si\u0119 na przepisach oraz szczeg\u00f3lnych sytuacjach, kt\u00f3re mog\u0105 ogranicza\u0107 prawo w\u0142asno\u015bci. Istotnym zagadnieniem jest uw\u0142aszczanie zar\u00f3wno os\u00f3b fizycznych, prawnych, jak i jednostek samorz\u0105du terytorialnego. Wiele zagadnie\u0144 Autor przedstawia na przyk\u0142adach zaczerpni\u0119tych z praktyki gospodarowania nieruchomo\u015bciami, udzielaj\u0105c zwi\u0119z\u0142ych odpowiedzi, kt\u00f3rych szersze rozwini\u0119cie znajduje si\u0119 w om\u00f3wieniu problemu.<\/p>\n","protected":false},"excerpt":{"rendered":"<p>Autor: Piotr Wancke Wydawca: Poltext Oprawa: Mi\u0119kka Format: 16.5&#215;23.0cm Liczba [&hellip;]<\/p>\n","protected":false},"featured_media":8163,"template":"","meta":[],"product_brand":[],"product_cat":[34],"product_tag":[4266,705,5866],"class_list":{"0":"post-5938","1":"product","2":"type-product","3":"status-publish","4":"has-post-thumbnail","6":"product_cat-nieruchomosci","7":"product_tag-gospodarowanie-nieruchomosciami","8":"product_tag-nieruchomosci","9":"product_tag-seria-ksiazki-dla-praktykow","11":"first","12":"instock","13":"sale","14":"shipping-taxable","15":"purchasable","16":"product-type-simple"},"_links":{"self":[{"href":"https:\/\/ksiegarnia-akademicka.pl\/index.php\/wp-json\/wp\/v2\/product\/5938","targetHints":{"allow":["GET"]}}],"collection":[{"href":"https:\/\/ksiegarnia-akademicka.pl\/index.php\/wp-json\/wp\/v2\/product"}],"about":[{"href":"https:\/\/ksiegarnia-akademicka.pl\/index.php\/wp-json\/wp\/v2\/types\/product"}],"wp:featuredmedia":[{"embeddable":true,"href":"https:\/\/ksiegarnia-akademicka.pl\/index.php\/wp-json\/wp\/v2\/media\/8163"}],"wp:attachment":[{"href":"https:\/\/ksiegarnia-akademicka.pl\/index.php\/wp-json\/wp\/v2\/media?parent=5938"}],"wp:term":[{"taxonomy":"product_brand","embeddable":true,"href":"https:\/\/ksiegarnia-akademicka.pl\/index.php\/wp-json\/wp\/v2\/product_brand?post=5938"},{"taxonomy":"product_cat","embeddable":true,"href":"https:\/\/ksiegarnia-akademicka.pl\/index.php\/wp-json\/wp\/v2\/product_cat?post=5938"},{"taxonomy":"product_tag","embeddable":true,"href":"https:\/\/ksiegarnia-akademicka.pl\/index.php\/wp-json\/wp\/v2\/product_tag?post=5938"}],"curies":[{"name":"wp","href":"https:\/\/api.w.org\/{rel}","templated":true}]}}