{"id":5934,"date":"2018-05-22T12:54:50","date_gmt":"2018-05-22T10:54:50","guid":{"rendered":"http:\/\/ksiegarnia-akademicka.pl\/index.php\/product\/mysl-jak-freak-autorzy-freakonomii-proponuja-przeprogramuj-swoj-mozg\/"},"modified":"2018-05-22T12:54:50","modified_gmt":"2018-05-22T10:54:50","slug":"mysl-jak-freak-autorzy-freakonomii-proponuja-przeprogramuj-swoj-mozg","status":"publish","type":"product","link":"https:\/\/ksiegarnia-akademicka.pl\/index.php\/product\/mysl-jak-freak-autorzy-freakonomii-proponuja-przeprogramuj-swoj-mozg\/","title":{"rendered":"My\u015bl jak FREAK! Autorzy Freakonomii proponuj\u0105: przeprogramuj sw\u00f3j m\u00f3zg"},"content":{"rendered":"","protected":false},"excerpt":{"rendered":"","protected":false},"featured_media":0,"template":"","meta":[],"product_brand":[],"product_cat":[16],"product_tag":[337,246,1095],"class_list":{"0":"post-5934","1":"product","2":"type-product","3":"status-publish","5":"product_cat-ksiegarnia-akademicka-radom","6":"product_tag-ekonomia","7":"product_tag-socjologia","8":"product_tag-spoleczenstwo","10":"first","11":"instock","12":"shipping-taxable","13":"purchasable","14":"product-type-simple"},"_links":{"self":[{"href":"https:\/\/ksiegarnia-akademicka.pl\/index.php\/wp-json\/wp\/v2\/product\/5934","targetHints":{"allow":["GET"]}}],"collection":[{"href":"https:\/\/ksiegarnia-akademicka.pl\/index.php\/wp-json\/wp\/v2\/product"}],"about":[{"href":"https:\/\/ksiegarnia-akademicka.pl\/index.php\/wp-json\/wp\/v2\/types\/product"}],"wp:attachment":[{"href":"https:\/\/ksiegarnia-akademicka.pl\/index.php\/wp-json\/wp\/v2\/media?parent=5934"}],"wp:term":[{"taxonomy":"product_brand","embeddable":true,"href":"https:\/\/ksiegarnia-akademicka.pl\/index.php\/wp-json\/wp\/v2\/product_brand?post=5934"},{"taxonomy":"product_cat","embeddable":true,"href":"https:\/\/ksiegarnia-akademicka.pl\/index.php\/wp-json\/wp\/v2\/product_cat?post=5934"},{"taxonomy":"product_tag","embeddable":true,"href":"https:\/\/ksiegarnia-akademicka.pl\/index.php\/wp-json\/wp\/v2\/product_tag?post=5934"}],"curies":[{"name":"wp","href":"https:\/\/api.w.org\/{rel}","templated":true}]}}