{"id":5903,"date":"2018-05-22T12:54:44","date_gmt":"2018-05-22T10:54:44","guid":{"rendered":"http:\/\/ksiegarnia-akademicka.pl\/index.php\/product\/makroekonomia-6\/"},"modified":"2024-04-23T13:26:16","modified_gmt":"2024-04-23T11:26:16","slug":"makroekonomia-6","status":"publish","type":"product","link":"https:\/\/ksiegarnia-akademicka.pl\/index.php\/product\/makroekonomia-6\/","title":{"rendered":"Makroekonomia"},"content":{"rendered":"<p>Redakcja: Nowak Alojzy Z., Zalega Tomasz<br \/>\nWydawca: PWE<br \/>\nOprawa: Mi\u0119kka<br \/>\nFormat: 16.0&#215;24.0cm<br \/>\nLiczba stron: 612<br \/>\nWydanie: 2<br \/>\nRok wydania: 2019<br \/>\nJ\u0119zyk wydania: polski<\/p>\n<p>Makroekonomia, zajmuj\u0105ca si\u0119 badaniem ca\u0142ej gospodarki narodowej i jej najwa\u017cniejszych cz\u0119\u015bci, prezentuj\u0105c przy tym szerok\u0105 panoram\u0119 aktywno\u015bci gospodarczej, jest dynamicznie rozwijaj\u0105cym si\u0119 dzia\u0142em ekonomii. Ksi\u0105\u017cka, kt\u00f3ry oddajemy do r\u0105k Czytelnik\u00f3w, jest nowoczesnym podr\u0119cznikiem zawieraj\u0105cym wywa\u017con\u0105 prezentacj\u0119 najistotniejszych zagadnie\u0144 wsp\u00f3\u0142czesnej makroekonomii. Autorzy omawiaj\u0105 w nim dorobek teorii ekonomii, wzbogacaj\u0105c rozwa\u017cania o liczne odwo\u0142ania do reali\u00f3w gospodarki polskiej. Zakres wiedzy przedstawiony w podr\u0119czniku pokrywa si\u0119 z programem nauczania makroekonomii realizowanym w wi\u0119kszo\u015bci uczelni ekonomicznych w kraju. W gronie autor\u00f3w ksi\u0105\u017cki s\u0105 pracownicy naukowi z du\u017cym do\u015bwiadczeniem dydaktycznym, reprezentuj\u0105cy najznamienitsze o\u015brodki naukowe z ca\u0142ej Polski: Uniwersytet Warszawski, Szko\u0142\u0119 G\u0142\u00f3wn\u0105 Handlow\u0105 w Warszawie, Uniwersytet Ekonomiczny w Krakowie, Uniwersytet Ekonomiczny w Poznaniu i Uniwersytet \u0141\u00f3dzki.<\/p>\n<p>Ksi\u0105\u017cka jest adresowana g\u0142\u00f3wnie do student\u00f3w wy\u017cszych uczelni na kierunkach ekonomicznych, ale mo\u017ce r\u00f3wnie\u017c stanowi\u0107 cenne \u017ar\u00f3d\u0142o wiedzy dla student\u00f3w informatyki, prawa i administracji, socjologii, politologii, europeistyki, polityki spo\u0142ecznej czy dziennikarstwa i komunikacji spo\u0142ecznej. Zainteresuje te\u017c s\u0142uchaczy studi\u00f3w podyplomowych, doktorant\u00f3w, pracownik\u00f3w naukowych oraz praktyk\u00f3w gospodarczych.<\/p>\n","protected":false},"excerpt":{"rendered":"<p>Redakcja: Nowak Alojzy Z., Zalega Tomasz Wydawca: PWE Oprawa: Mi\u0119kka [&hellip;]<\/p>\n","protected":false},"featured_media":18046,"template":"","meta":[],"product_brand":[],"product_cat":[17,7499],"product_tag":[337,342,269],"class_list":{"0":"post-5903","1":"product","2":"type-product","3":"status-publish","4":"has-post-thumbnail","6":"product_cat-ekonomia","7":"product_cat-makro-i-mikroekonomia","8":"product_tag-ekonomia","9":"product_tag-makroekonomia","10":"product_tag-podrecznik-akademicki","12":"first","13":"instock","14":"sale","15":"shipping-taxable","16":"purchasable","17":"product-type-simple"},"_links":{"self":[{"href":"https:\/\/ksiegarnia-akademicka.pl\/index.php\/wp-json\/wp\/v2\/product\/5903","targetHints":{"allow":["GET"]}}],"collection":[{"href":"https:\/\/ksiegarnia-akademicka.pl\/index.php\/wp-json\/wp\/v2\/product"}],"about":[{"href":"https:\/\/ksiegarnia-akademicka.pl\/index.php\/wp-json\/wp\/v2\/types\/product"}],"wp:featuredmedia":[{"embeddable":true,"href":"https:\/\/ksiegarnia-akademicka.pl\/index.php\/wp-json\/wp\/v2\/media\/18046"}],"wp:attachment":[{"href":"https:\/\/ksiegarnia-akademicka.pl\/index.php\/wp-json\/wp\/v2\/media?parent=5903"}],"wp:term":[{"taxonomy":"product_brand","embeddable":true,"href":"https:\/\/ksiegarnia-akademicka.pl\/index.php\/wp-json\/wp\/v2\/product_brand?post=5903"},{"taxonomy":"product_cat","embeddable":true,"href":"https:\/\/ksiegarnia-akademicka.pl\/index.php\/wp-json\/wp\/v2\/product_cat?post=5903"},{"taxonomy":"product_tag","embeddable":true,"href":"https:\/\/ksiegarnia-akademicka.pl\/index.php\/wp-json\/wp\/v2\/product_tag?post=5903"}],"curies":[{"name":"wp","href":"https:\/\/api.w.org\/{rel}","templated":true}]}}