{"id":5898,"date":"2018-05-22T12:54:43","date_gmt":"2018-05-22T10:54:43","guid":{"rendered":"http:\/\/ksiegarnia-akademicka.pl\/index.php\/product\/chemia-nowoczesnych-kosmetykow-substancje-aktywne-w-preparatach-i-zabiegach-kosmetycznych\/"},"modified":"2024-01-05T12:58:46","modified_gmt":"2024-01-05T11:58:46","slug":"chemia-nowoczesnych-kosmetykow-substancje-aktywne-w-preparatach-i-zabiegach-kosmetycznych","status":"publish","type":"product","link":"https:\/\/ksiegarnia-akademicka.pl\/index.php\/product\/chemia-nowoczesnych-kosmetykow-substancje-aktywne-w-preparatach-i-zabiegach-kosmetycznych\/","title":{"rendered":"Chemia nowoczesnych kosmetyk\u00f3w Substancje aktywne w preparatach i zabiegach kosmetycznych"},"content":{"rendered":"<p>Jedn\u0105 z dynamiczniej rozwijaj\u0105cych si\u0119 dziedzin z otoczenia medycyny jest szeroko poj\u0119ta kosmetologia \u2013 pocz\u0105wszy od prostych kosmetyk\u00f3w przez dermo &#8211; kosmetyki po specjalistyczne zabiegi kosmetyczne i medyczne. W podr\u0119czniku znajdziemy opisy aktywnych sk\u0142adnik\u00f3w kosmetyk\u00f3w i mo\u017cliwo\u015bci ich wykorzystania. Autorka umie\u015bci\u0142a przyk\u0142ady linii kosmetycznych, w kt\u00f3rych te sk\u0142adniki zosta\u0142y u\u017cyte, a tak\u017ce opisy zabieg\u00f3w wykonywanych w oparciu o opisane substancje. Dobrym pomys\u0142em jest opisanie problemu estetycznego np. cellulitu z proponowanymi zabiegami profilaktyczno-leczniczymi, kosmetycznymi i medycznymi.<br \/>\nZamieszczony na ko\u0144cu ksi\u0105\u017cki s\u0142ownik wybranych aktywnych substancji i sk\u0142adnik\u00f3w u\u0142atwi wyb\u00f3r w\u0142a\u015bciwego preparatu, mo\u017ce te\u017c s\u0142u\u017cy\u0107 do podnoszenia wiedzy w trakcie kszta\u0142cenia i pracy zawodowej.<br \/>\nKsi\u0105\u017cka jest kontynuacj\u0105 podr\u0119cznika szkolnego pt. Chemia kosmetyk\u00f3w \u2013 surowce, p\u00f3\u0142produkty, preparatyka wyrob\u00f3w.<\/p>\n<p>Rozdzia\u0142 I. CO TRAPI WSP\u00d3\u0141CZESNE SPO\u0141ECZE\u0143STWO?<br \/>\n1. Metabolizm a oty\u0142o\u015b\u0107<br \/>\n2. Cellulit &#8211; defekt estetyczny<br \/>\n3. Rozsta\u0144 si\u0119 z rozst\u0119pami<br \/>\n4. Zabiegi fizykalne w leczeniu cellulitu i miejscowej oty\u0142o\u015bci<br \/>\n5. Wybrane substancje pochodzenia naturalnego w kuracjach odchudzaj\u0105cych<br \/>\nRozdzia\u0142 II. CO PROPONUJ\u0104 NAM GABINETY KOSMETYCZNE I MEDYCYNA ESTETYCZNA?<br \/>\n1. Odchudzi Ci\u0119&#8230; komputer<br \/>\n2. Najcz\u0119\u015bciej stosowane w gabinetach kosmetycznych zabiegi i aparaty wspomagaj\u0105ce odchudzanie i walk\u0119 z cellulitem<br \/>\nRozdzia\u0142 III. SK\u00d3RA &#8211; NASZ NAJWI\u0118KSZY ORGAN<br \/>\n1. Co sprawia, \u017ce sk\u00f3ra starzeje si\u0119?<br \/>\n2. Kr\u00f3tka charakterystyka sk\u00f3ry w kolejnych dekadach \u017cycia<br \/>\n3. Sk\u00f3ra t\u0142usta i tr\u0105dzikowa<br \/>\n4. Sk\u00f3ra dojrza\u0142a<br \/>\n5. Piel\u0119gnacja cery suchej i wra\u017cliwej<br \/>\n6. Cera naczynkowa<br \/>\nRozdzia\u0142 IV. O CZYM POWINNA WIEDZIE\u0106 KA\u017bDA KOBIETA?<br \/>\n1. Kobieta naturalnie pi\u0119kna<br \/>\n2. Prawda, ale nie do ko\u0144ca rzetelna<br \/>\n3. Pi\u0119kno bez chemii<br \/>\n4. B\u0105d\u017a promienna!<br \/>\n5. Nowe produkty do demakija\u017cu<br \/>\n6. Tr\u0105dzik do menopauzy?!<br \/>\n7. Czy aktywne nawil\u017canie sk\u00f3ry mo\u017ce jej szkodzi\u0107?<br \/>\n8. Poczuj si\u0119 zdrowo i komfortowo we w\u0142asnej sk\u00f3rze<br \/>\n9. Szyja bez metryki<br \/>\n10. Przyci\u0105ganie ziemskie &#8211; wr\u00f3g naszej twarzy<br \/>\n11. Piersi, atut ka\u017cdej kobiety<br \/>\n12. Jak dobrze wygl\u0105da\u0107 nago?<br \/>\n13. Jak zatrzyma\u0107 pi\u0119kno po pi\u0119\u0107dziesi\u0105tce?<br \/>\n14. Randka sk\u00f3ry ze s\u0142o\u0144cem<br \/>\n15. Pi\u0119kna kobieta w pi\u0119knym stanie<br \/>\nRozdzia\u0142 V. M\u0118SKI PUNKT WIDZENIA, CZYLI W JEGO STYLU<br \/>\nRozdzia\u0142 VI. CZY NOBEL-2009 W DZIEDZINIE MEDYCYNY I FIZJOLOGII STWARZA STWARZA SZANS\u0118 NA D\u0141UG\u0104 M\u0141ODO\u015a\u0106?<br \/>\nS\u0142ownik wybranych substancji i sk\u0142adnik\u00f3w aktywnych<br \/>\nLiteratura i \u017ar\u00f3d\u0142a<\/p>\n","protected":false},"excerpt":{"rendered":"<p>Jedn\u0105 z dynamiczniej rozwijaj\u0105cych si\u0119 dziedzin z otoczenia medycyny jest [&hellip;]<\/p>\n","protected":false},"featured_media":10946,"template":"","meta":[],"product_brand":[],"product_cat":[42,7625],"product_tag":[6954,4934,347],"class_list":{"0":"post-5898","1":"product","2":"type-product","3":"status-publish","4":"has-post-thumbnail","6":"product_cat-chemia","7":"product_cat-nauki-o-zdrowiu","8":"product_tag-chemia-kosmetykow","9":"product_tag-kosmetologia","10":"product_tag-podrecznik","12":"first","13":"outofstock","14":"sale","15":"shipping-taxable","16":"purchasable","17":"product-type-simple"},"_links":{"self":[{"href":"https:\/\/ksiegarnia-akademicka.pl\/index.php\/wp-json\/wp\/v2\/product\/5898","targetHints":{"allow":["GET"]}}],"collection":[{"href":"https:\/\/ksiegarnia-akademicka.pl\/index.php\/wp-json\/wp\/v2\/product"}],"about":[{"href":"https:\/\/ksiegarnia-akademicka.pl\/index.php\/wp-json\/wp\/v2\/types\/product"}],"wp:featuredmedia":[{"embeddable":true,"href":"https:\/\/ksiegarnia-akademicka.pl\/index.php\/wp-json\/wp\/v2\/media\/10946"}],"wp:attachment":[{"href":"https:\/\/ksiegarnia-akademicka.pl\/index.php\/wp-json\/wp\/v2\/media?parent=5898"}],"wp:term":[{"taxonomy":"product_brand","embeddable":true,"href":"https:\/\/ksiegarnia-akademicka.pl\/index.php\/wp-json\/wp\/v2\/product_brand?post=5898"},{"taxonomy":"product_cat","embeddable":true,"href":"https:\/\/ksiegarnia-akademicka.pl\/index.php\/wp-json\/wp\/v2\/product_cat?post=5898"},{"taxonomy":"product_tag","embeddable":true,"href":"https:\/\/ksiegarnia-akademicka.pl\/index.php\/wp-json\/wp\/v2\/product_tag?post=5898"}],"curies":[{"name":"wp","href":"https:\/\/api.w.org\/{rel}","templated":true}]}}