{"id":574,"date":"2018-05-22T12:41:43","date_gmt":"2018-05-22T10:41:43","guid":{"rendered":"http:\/\/ksiegarnia-akademicka.pl\/index.php\/product\/metody-aktuarialne-zastosowanie-matematyki-w-ubezpieczeniach\/"},"modified":"2018-12-03T14:26:34","modified_gmt":"2018-12-03T13:26:34","slug":"metody-aktuarialne-zastosowanie-matematyki-w-ubezpieczeniach","status":"publish","type":"product","link":"https:\/\/ksiegarnia-akademicka.pl\/index.php\/product\/metody-aktuarialne-zastosowanie-matematyki-w-ubezpieczeniach\/","title":{"rendered":"Metody aktuarialne Zastosowanie matematyki w ubezpieczeniach"},"content":{"rendered":"<p>Autor:<br \/>\nWanda Ronka-Chmielowiec<br \/>\nPatrycja Kowalczyk<br \/>\nEwa Poprawska<br \/>\nWydawca: Wydawnictwo Naukowe PWN<br \/>\nOprawa: Mi\u0119kka<br \/>\nFormat: 17.0&#215;23.5cm<br \/>\nLiczba stron: 234<br \/>\nWydanie: 1<br \/>\nRok wydania: 2018<\/p>\n<p>Oddawana w r\u0119ce Czytelnik\u00f3w publikacja to przyst\u0119pny wyk\u0142ad obejmuj\u0105cy kompletny zestaw podstawowych zagadnie\u0144 dotycz\u0105cych zastosowania matematyki w ubezpieczeniach. Autorki wprowadzaj\u0105 w trudn\u0105 tematyk\u0119 zwi\u0105zan\u0105 z ryzykiem ubezpieczeniowym, kalkulacj\u0105 sk\u0142adek ubezpieczeniowych, metodami tworzenia rezerw techniczno-ubezpieczeniowych czy reasekuracj\u0105. Spos\u00f3b prezentacji jest czytelny i logicznie powi\u0105zany z podstawow\u0105 wiedz\u0105 z matematyki wy\u017cszej wyk\u0142adanej na wy\u017cszych uczelniach. Na ko\u0144cu ka\u017cdego rozdzia\u0142u znajduj\u0105 si\u0119 pytania kontrolne i zadania do samodzielnego rozwi\u0105zania. Ca\u0142o\u015b\u0107 uzupe\u0142niaj\u0105 aneksy matematyczne, wykaz oznacze\u0144 aktuarialnych, tablice trwania \u017cycia oraz tablice liczb komutacyjnych.<\/p>\n","protected":false},"excerpt":{"rendered":"<p>Autor: Wanda Ronka-Chmielowiec Patrycja Kowalczyk Ewa Poprawska Wydawca: Wydawnictwo Naukowe [&hellip;]<\/p>\n","protected":false},"featured_media":8883,"template":"","meta":[],"product_brand":[],"product_cat":[21],"product_tag":[1552,1551,269,249],"class_list":{"0":"post-574","1":"product","2":"type-product","3":"status-publish","4":"has-post-thumbnail","6":"product_cat-ubezpieczenia","7":"product_tag-matematyka-finansowa-i-ubezpieczeniowa","8":"product_tag-metody-aktuarialne","9":"product_tag-podrecznik-akademicki","10":"product_tag-ubezpieczenia","12":"first","13":"instock","14":"sale","15":"shipping-taxable","16":"purchasable","17":"product-type-simple"},"_links":{"self":[{"href":"https:\/\/ksiegarnia-akademicka.pl\/index.php\/wp-json\/wp\/v2\/product\/574","targetHints":{"allow":["GET"]}}],"collection":[{"href":"https:\/\/ksiegarnia-akademicka.pl\/index.php\/wp-json\/wp\/v2\/product"}],"about":[{"href":"https:\/\/ksiegarnia-akademicka.pl\/index.php\/wp-json\/wp\/v2\/types\/product"}],"wp:featuredmedia":[{"embeddable":true,"href":"https:\/\/ksiegarnia-akademicka.pl\/index.php\/wp-json\/wp\/v2\/media\/8883"}],"wp:attachment":[{"href":"https:\/\/ksiegarnia-akademicka.pl\/index.php\/wp-json\/wp\/v2\/media?parent=574"}],"wp:term":[{"taxonomy":"product_brand","embeddable":true,"href":"https:\/\/ksiegarnia-akademicka.pl\/index.php\/wp-json\/wp\/v2\/product_brand?post=574"},{"taxonomy":"product_cat","embeddable":true,"href":"https:\/\/ksiegarnia-akademicka.pl\/index.php\/wp-json\/wp\/v2\/product_cat?post=574"},{"taxonomy":"product_tag","embeddable":true,"href":"https:\/\/ksiegarnia-akademicka.pl\/index.php\/wp-json\/wp\/v2\/product_tag?post=574"}],"curies":[{"name":"wp","href":"https:\/\/api.w.org\/{rel}","templated":true}]}}