{"id":5674,"date":"2018-05-22T12:54:03","date_gmt":"2018-05-22T10:54:03","guid":{"rendered":"http:\/\/ksiegarnia-akademicka.pl\/index.php\/product\/elementy-metodyki-rozprawy-doktorskiej\/"},"modified":"2018-07-13T15:00:57","modified_gmt":"2018-07-13T13:00:57","slug":"elementy-metodyki-rozprawy-doktorskiej","status":"publish","type":"product","link":"https:\/\/ksiegarnia-akademicka.pl\/index.php\/product\/elementy-metodyki-rozprawy-doktorskiej\/","title":{"rendered":"Elementy metodyki rozprawy doktorskiej"},"content":{"rendered":"<p>Redakcja: Kuci\u0144ski Kazimierz<br \/>\nWydawca: Difin<br \/>\nOprawa: Mi\u0119kka<br \/>\nFormat: 15.9&#215;23.6<br \/>\nLiczba stron: 210<br \/>\nWydanie: 1<br \/>\nRok wydania: 2015<\/p>\n<p>Ka\u017cde ludzkie dzia\u0142anie ma swoj\u0105 metodyk\u0119 m\u00f3wi\u0105c\u0105, jak je efektywnie, a zarazem skutecznie przeprowadzi\u0107, pozostaj\u0105c w zgodzie z jego powszechnie przyj\u0119tymi procedurami. Znajomo\u015b\u0107 metodyki jest szczeg\u00f3lnie wa\u017cna, gdy zmierza si\u0119 do przygotowania dzie\u0142a podlegaj\u0105cego formalnej ocenie wed\u0142ug \u015bci\u015ble ustalonych kryteri\u00f3w i maj\u0105cego \u015bwiadczy\u0107 o okre\u015blonych kompetencjach jego autora, jak to ma miejsce w przypadku rozpraw doktorskich traktowanych jako narz\u0119dzie intelektualnej formacji doktora nauk. Metodyka ma wiele r\u00f3\u017cnych w\u0105tk\u00f3w, z kt\u00f3rych najwa\u017cniejsze przedstawia ta ksi\u0105\u017cka. Om\u00f3wiono w niej te, kt\u00f3re:<br \/>\n\u2013 pomagaj\u0105 doktorantowi w okre\u015bleniu jego to\u017csamo\u015bci naukowej, co jest szczeg\u00f3lnie wa\u017cne, a zarazem trudne, dla os\u00f3b o wielorakiej proweniencji akademickiej, nie zawsze zgodnej ze specjalizacj\u0105 nabywan\u0105 dzi\u0119ki przygotowywanej pracy doktorskiej,<br \/>\n\u2013 s\u0105 pomocne przy wyborze i werbalizacji rozwi\u0105zywanego w tej dysertacji problemu badawczego, formu\u0142owaniu tezy doktorskiej i s\u0142u\u017c\u0105cych jej udowodnieniu hipotez badawczych,<br \/>\n\u2013 pokazuj\u0105, w jaki spos\u00f3b podczas rozwi\u0105zywania podj\u0119tego problemu badawczego oraz dowodzenia s\u0142uszno\u015bci postawionej tezy korzysta\u0107 z istniej\u0105cej teorii, jak j\u0105 rozwija\u0107 b\u0105d\u017a testowa\u0107 jej prawdziwo\u015b\u0107,<br \/>\n\u2013 pozwalaj\u0105 w\u0142a\u015bciwie korzysta\u0107 z rekomendacji metodologicznych uzyskiwanych od do\u015bwiadczonych badaczy,<br \/>\n\u2013 uczulaj\u0105 na skutki indoktrynacji i archetyp\u00f3w oraz stereotyp\u00f3w my\u015blowych, radz\u0105c, jak ich unika\u0107,<br \/>\n\u2013 zapewniaj\u0105 obiektywizm i replikatywno\u015b\u0107 prowadzonego badania,<br \/>\n\u2013 m\u00f3wi\u0105, jak umiej\u0119tnie komunikowa\u0107 jego przebieg oraz wyniki w trakcie przygotowywania tekstu samej rozprawy i zwi\u0105zanych z ni\u0105 publikacji naukowych.<\/p>\n","protected":false},"excerpt":{"rendered":"<p>Redakcja: Kuci\u0144ski Kazimierz Wydawca: Difin Oprawa: Mi\u0119kka Format: 15.9&#215;23.6 Liczba [&hellip;]<\/p>\n","protected":false},"featured_media":7896,"template":"","meta":[],"product_brand":[],"product_cat":[28],"product_tag":[6861,6862],"class_list":{"0":"post-5674","1":"product","2":"type-product","3":"status-publish","4":"has-post-thumbnail","6":"product_cat-pedagogika","7":"product_tag-metodyka-pracy-naukowej","8":"product_tag-rozprawa-doktorska","10":"first","11":"instock","12":"sale","13":"shipping-taxable","14":"purchasable","15":"product-type-simple"},"_links":{"self":[{"href":"https:\/\/ksiegarnia-akademicka.pl\/index.php\/wp-json\/wp\/v2\/product\/5674","targetHints":{"allow":["GET"]}}],"collection":[{"href":"https:\/\/ksiegarnia-akademicka.pl\/index.php\/wp-json\/wp\/v2\/product"}],"about":[{"href":"https:\/\/ksiegarnia-akademicka.pl\/index.php\/wp-json\/wp\/v2\/types\/product"}],"wp:featuredmedia":[{"embeddable":true,"href":"https:\/\/ksiegarnia-akademicka.pl\/index.php\/wp-json\/wp\/v2\/media\/7896"}],"wp:attachment":[{"href":"https:\/\/ksiegarnia-akademicka.pl\/index.php\/wp-json\/wp\/v2\/media?parent=5674"}],"wp:term":[{"taxonomy":"product_brand","embeddable":true,"href":"https:\/\/ksiegarnia-akademicka.pl\/index.php\/wp-json\/wp\/v2\/product_brand?post=5674"},{"taxonomy":"product_cat","embeddable":true,"href":"https:\/\/ksiegarnia-akademicka.pl\/index.php\/wp-json\/wp\/v2\/product_cat?post=5674"},{"taxonomy":"product_tag","embeddable":true,"href":"https:\/\/ksiegarnia-akademicka.pl\/index.php\/wp-json\/wp\/v2\/product_tag?post=5674"}],"curies":[{"name":"wp","href":"https:\/\/api.w.org\/{rel}","templated":true}]}}