{"id":565,"date":"2018-05-22T12:41:42","date_gmt":"2018-05-22T10:41:42","guid":{"rendered":"http:\/\/ksiegarnia-akademicka.pl\/index.php\/product\/uspolecznienie-gospodarki-rynkowej-wybrane-zagadnienia-do-studiowania\/"},"modified":"2024-12-05T14:36:25","modified_gmt":"2024-12-05T13:36:25","slug":"uspolecznienie-gospodarki-rynkowej-wybrane-zagadnienia-do-studiowania","status":"publish","type":"product","link":"https:\/\/ksiegarnia-akademicka.pl\/index.php\/product\/uspolecznienie-gospodarki-rynkowej-wybrane-zagadnienia-do-studiowania\/","title":{"rendered":"Uspo\u0142ecznienie gospodarki rynkowej. Wybrane zagadnienia do studiowania"},"content":{"rendered":"<p>G\u0142\u0105bicka Katarzyna (red.) Wydawnictwo Politechniki Radomskiej 2007 <\/br><\/br><\/p>\n<p><span style=\"font-size: small\">W ksi\u0105\u017cce zosta\u0142y zamieszczone wybrane zagadnienia zwi\u0105zane z uspo\u0142ecznieniem gospodarki rynkowej. W cz\u0119\u015bci pierwszej pracy zamieszczono artyku\u0142y ukazuj\u0105ce dotychczasowe do\u015bwiadczenia w realizacji socjalnej gospodarki rynkowej w wybranych krajach oraz w Polsce. Natomiast druga cz\u0119\u015b\u0107 pracy zawiera artyku\u0142y omawiaj\u0105ce nauki szczeg&oacute;\u0142owe maj\u0105ce bezpo\u015bredni zwi\u0105zek z rozwojem gospodarki spo\u0142ecznej tj. polityk\u0119 spo\u0142eczn\u0105, polityk\u0119 regionalna i lokaln\u0105, zagadnienia zwi\u0105zane z partycypacj\u0105 spo\u0142eczn\u0105, wykluczeniem spo\u0142ecznym oraz rynkiem ubezpieczeniowym. Publikacja przeznaczona jest zar&oacute;wno dla student&oacute;w kierunk&oacute;w ekonomicznych, jak i spo\u0142ecznych, ale r&oacute;wnie\u017c dla pracownik&oacute;w organizacji pozarz\u0105dowych, organ&oacute;w administracji publicznej, samorz\u0105d&oacute;w lokalnych, instytucji pomocy spo\u0142ecznej, instytucji rynku pracy, instytucji o\u015bwiatowych i edukacyjnych oraz przedsi\u0119biorstw, w kt&oacute;rych zarz\u0105dza si\u0119 kapita\u0142em ludzkim. <br \/><\/span><\/p>\n<p><\/br><\/br>pozycja dost\u0119pna<\/p>\n","protected":false},"excerpt":{"rendered":"<p>G\u0142\u0105bicka Katarzyna (red.) Wydawnictwo Politechniki Radomskiej 2007 W ksi\u0105\u017cce zosta\u0142y [&hellip;]<\/p>\n","protected":false},"featured_media":11177,"template":"","meta":[],"product_brand":[],"product_cat":[7523,43],"product_tag":[1524,225,149],"class_list":{"0":"post-565","1":"product","2":"type-product","3":"status-publish","4":"has-post-thumbnail","6":"product_cat-nauki-ekonomiczne","7":"product_cat-wydawnictwo-uth","8":"product_tag-gospodarka-spoleczna","9":"product_tag-polityka-spoleczna","10":"product_tag-skrypty-uniwersytetu-technologiczno-humanistycznego","12":"first","13":"instock","14":"shipping-taxable","15":"purchasable","16":"product-type-simple"},"_links":{"self":[{"href":"https:\/\/ksiegarnia-akademicka.pl\/index.php\/wp-json\/wp\/v2\/product\/565","targetHints":{"allow":["GET"]}}],"collection":[{"href":"https:\/\/ksiegarnia-akademicka.pl\/index.php\/wp-json\/wp\/v2\/product"}],"about":[{"href":"https:\/\/ksiegarnia-akademicka.pl\/index.php\/wp-json\/wp\/v2\/types\/product"}],"wp:featuredmedia":[{"embeddable":true,"href":"https:\/\/ksiegarnia-akademicka.pl\/index.php\/wp-json\/wp\/v2\/media\/11177"}],"wp:attachment":[{"href":"https:\/\/ksiegarnia-akademicka.pl\/index.php\/wp-json\/wp\/v2\/media?parent=565"}],"wp:term":[{"taxonomy":"product_brand","embeddable":true,"href":"https:\/\/ksiegarnia-akademicka.pl\/index.php\/wp-json\/wp\/v2\/product_brand?post=565"},{"taxonomy":"product_cat","embeddable":true,"href":"https:\/\/ksiegarnia-akademicka.pl\/index.php\/wp-json\/wp\/v2\/product_cat?post=565"},{"taxonomy":"product_tag","embeddable":true,"href":"https:\/\/ksiegarnia-akademicka.pl\/index.php\/wp-json\/wp\/v2\/product_tag?post=565"}],"curies":[{"name":"wp","href":"https:\/\/api.w.org\/{rel}","templated":true}]}}