{"id":5621,"date":"2018-05-22T12:53:53","date_gmt":"2018-05-22T10:53:53","guid":{"rendered":"http:\/\/ksiegarnia-akademicka.pl\/index.php\/product\/rachunek-ekonomiczny-w-energetyce\/"},"modified":"2019-03-28T13:43:28","modified_gmt":"2019-03-28T12:43:28","slug":"rachunek-ekonomiczny-w-energetyce","status":"publish","type":"product","link":"https:\/\/ksiegarnia-akademicka.pl\/index.php\/product\/rachunek-ekonomiczny-w-energetyce\/","title":{"rendered":"Rachunek ekonomiczny w energetyce"},"content":{"rendered":"<p>Autor:<br \/>\nRyszard Bartnik<br \/>\nWydawca: WNT<br \/>\nOprawa: Mi\u0119kka<br \/>\nFormat: 16.5&#215;24.0cm<br \/>\nLiczba stron: 284<br \/>\nRok wydania: 2014<br \/>\nJ\u0119zyk wydania: polski<\/p>\n<p>W gospodarce rynkowej aspekty ekonomiczne s\u0105 wa\u017cnym elementem ka\u017cdej dzia\u0142alno\u015bci cz\u0142owieka. Wszystkie decyzje podejmowane czy to w przedsi\u0119biorstwach, czy w instytucjach pa\u0144stwowych musz\u0105 by\u0107 poddane ocenie pod k\u0105tem efektywno\u015bci ekonomicznej, szczeg\u00f3lnie decyzje inwestycyjne. Ze wzgl\u0119du na strategiczne znaczenie wymagaj\u0105 odpowiedzialnego zaplanowania z uwzgl\u0119dnieniem zar\u00f3wno mo\u017cliwo\u015bci technicznych, jak i finansowych. Autorzy niniejszej publikacji u\u015bwiadamiaj\u0105 t\u0119 konieczno\u015b\u0107 in\u017cynierom energetykom oraz studentom kierunk\u00f3w energetycznych, a tak\u017ce analitykom, menad\u017cerom i inwestorom dzia\u0142aj\u0105cym na rynku energetycznym. <\/p>\n<p>W ksi\u0105\u017cce prezentuj\u0105, jak stosowa\u0107 zasady rachunku ekonomicznego w energetyce, omawiaj\u0105 m.in.:<br \/>\n&#8211; podstawy analizy efektywno\u015bci ekonomicznej inwestycji;<br \/>\n&#8211; wp\u0142yw sposob\u00f3w finansowania inwestycji na ich warto\u015b\u0107;<br \/>\n&#8211; metodyk\u0119 wyceny warto\u015bci rynku na przyk\u0142adzie rynku ciep\u0142a i energii elektrycznej;<br \/>\n&#8211; zasdy wyceny rynkowej warto\u015bci przedsi\u0119biorstwa;<br \/>\n&#8211; wp\u0142yw koszt\u00f3w eksploatacji i cen no\u015bnik\u00f3w energii na warto\u015b\u0107 rynkow\u0105 ciep\u0142a i energii elektrycznej;<br \/>\n&#8211; efektywno\u015b\u0107 energetyczn\u0105 oraz ekonomiczn\u0105 modernizacji elektrowni i elektrociep\u0142owni w\u0119glowych;<br \/>\n&#8211; op\u0142acalno\u015b\u0107 i celowo\u015b\u0107 stosowania akumulator\u00f3w oraz sr\u0119\u017carkowych pomp ciep\u0142a w systemach grzewczych.<\/p>\n","protected":false},"excerpt":{"rendered":"<p>Autor: Ryszard Bartnik Wydawca: WNT Oprawa: Mi\u0119kka Format: 16.5&#215;24.0cm Liczba [&hellip;]<\/p>\n","protected":false},"featured_media":10654,"template":"","meta":[],"product_brand":[],"product_cat":[7722,41],"product_tag":[5546,4247,6840],"class_list":{"0":"post-5621","1":"product","2":"type-product","3":"status-publish","4":"has-post-thumbnail","6":"product_cat-energetyka","7":"product_cat-nauki-techniczne","8":"product_tag-analiza-ekonomiczna","9":"product_tag-energetyka","10":"product_tag-rachunek-ekonomiczny","12":"first","13":"instock","14":"sale","15":"shipping-taxable","16":"purchasable","17":"product-type-simple"},"_links":{"self":[{"href":"https:\/\/ksiegarnia-akademicka.pl\/index.php\/wp-json\/wp\/v2\/product\/5621","targetHints":{"allow":["GET"]}}],"collection":[{"href":"https:\/\/ksiegarnia-akademicka.pl\/index.php\/wp-json\/wp\/v2\/product"}],"about":[{"href":"https:\/\/ksiegarnia-akademicka.pl\/index.php\/wp-json\/wp\/v2\/types\/product"}],"wp:featuredmedia":[{"embeddable":true,"href":"https:\/\/ksiegarnia-akademicka.pl\/index.php\/wp-json\/wp\/v2\/media\/10654"}],"wp:attachment":[{"href":"https:\/\/ksiegarnia-akademicka.pl\/index.php\/wp-json\/wp\/v2\/media?parent=5621"}],"wp:term":[{"taxonomy":"product_brand","embeddable":true,"href":"https:\/\/ksiegarnia-akademicka.pl\/index.php\/wp-json\/wp\/v2\/product_brand?post=5621"},{"taxonomy":"product_cat","embeddable":true,"href":"https:\/\/ksiegarnia-akademicka.pl\/index.php\/wp-json\/wp\/v2\/product_cat?post=5621"},{"taxonomy":"product_tag","embeddable":true,"href":"https:\/\/ksiegarnia-akademicka.pl\/index.php\/wp-json\/wp\/v2\/product_tag?post=5621"}],"curies":[{"name":"wp","href":"https:\/\/api.w.org\/{rel}","templated":true}]}}