{"id":5603,"date":"2018-05-22T12:53:50","date_gmt":"2018-05-22T10:53:50","guid":{"rendered":"http:\/\/ksiegarnia-akademicka.pl\/index.php\/product\/standardy-anestezjologicznej-opieki-pielegniarskiej\/"},"modified":"2020-01-24T16:36:49","modified_gmt":"2020-01-24T15:36:49","slug":"standardy-anestezjologicznej-opieki-pielegniarskiej","status":"publish","type":"product","link":"https:\/\/ksiegarnia-akademicka.pl\/index.php\/product\/standardy-anestezjologicznej-opieki-pielegniarskiej\/","title":{"rendered":"Standardy anestezjologicznej opieki piel\u0119gniarskiej"},"content":{"rendered":"<p>Autor:<br \/>\nBaranowska Anna, Baranowska Katarzyna, Bielak Anna<br \/>\nRedakcja: Krajewska-Ku\u0142ak El\u017cbieta, Rolka Hanna, Jankowiak Barbara<br \/>\nWydawca: PZWL<br \/>\nOprawa: Mi\u0119kka<br \/>\nFormat: 16.5&#215;23.5cm<br \/>\nLiczba stron: 570<br \/>\nWydanie: 1<br \/>\nRok wydania: 2020<br \/>\nJ\u0119zyk wydania: polski<\/p>\n<p>Nowoczesna publikacja z zakresu anestezjologii oraz opieki nad chorymi poddawanymi r\u00f3\u017cnym typom znieczulenia. Zawiera praktyczn\u0105 i wsp\u00f3\u0142czesn\u0105 wiedz\u0119 z zakresu piel\u0119gnowania chorych z uwzgl\u0119dnieniem najnowszych standard\u00f3w piel\u0119gniarskiej opieki anestezjologicznej.<br \/>\nKsi\u0105\u017cka niezb\u0119dna do doskonalenia umiej\u0119tno\u015bci praktycznych w anestezjologicznej opiece piel\u0119gniarskiej na r\u00f3\u017cnych etapach kszta\u0142cenia &#8211; w codziennej praktyce na oddzia\u0142ach intensywnej terapii, blokach operacyjnych oraz oddzia\u0142ach chirurgii jednego dnia, a tak\u017ce podczas studi\u00f3w piel\u0119gniarskich.<\/p>\n","protected":false},"excerpt":{"rendered":"<p>Autor: Baranowska Anna, Baranowska Katarzyna, Bielak Anna Redakcja: Krajewska-Ku\u0142ak El\u017cbieta, [&hellip;]<\/p>\n","protected":false},"featured_media":12160,"template":"","meta":[],"product_brand":[],"product_cat":[7493,7965],"product_tag":[6565,3994,6832,4645],"class_list":{"0":"post-5603","1":"product","2":"type-product","3":"status-publish","4":"has-post-thumbnail","6":"product_cat-medycyna","7":"product_cat-pielegniarstwo","8":"product_tag-anestezjologia","9":"product_tag-medycyna","10":"product_tag-opieka-pielegniarska","11":"product_tag-pielegniarstwo","13":"first","14":"instock","15":"sale","16":"shipping-taxable","17":"purchasable","18":"product-type-simple"},"_links":{"self":[{"href":"https:\/\/ksiegarnia-akademicka.pl\/index.php\/wp-json\/wp\/v2\/product\/5603","targetHints":{"allow":["GET"]}}],"collection":[{"href":"https:\/\/ksiegarnia-akademicka.pl\/index.php\/wp-json\/wp\/v2\/product"}],"about":[{"href":"https:\/\/ksiegarnia-akademicka.pl\/index.php\/wp-json\/wp\/v2\/types\/product"}],"wp:featuredmedia":[{"embeddable":true,"href":"https:\/\/ksiegarnia-akademicka.pl\/index.php\/wp-json\/wp\/v2\/media\/12160"}],"wp:attachment":[{"href":"https:\/\/ksiegarnia-akademicka.pl\/index.php\/wp-json\/wp\/v2\/media?parent=5603"}],"wp:term":[{"taxonomy":"product_brand","embeddable":true,"href":"https:\/\/ksiegarnia-akademicka.pl\/index.php\/wp-json\/wp\/v2\/product_brand?post=5603"},{"taxonomy":"product_cat","embeddable":true,"href":"https:\/\/ksiegarnia-akademicka.pl\/index.php\/wp-json\/wp\/v2\/product_cat?post=5603"},{"taxonomy":"product_tag","embeddable":true,"href":"https:\/\/ksiegarnia-akademicka.pl\/index.php\/wp-json\/wp\/v2\/product_tag?post=5603"}],"curies":[{"name":"wp","href":"https:\/\/api.w.org\/{rel}","templated":true}]}}