{"id":5579,"date":"2018-05-22T12:53:46","date_gmt":"2018-05-22T10:53:46","guid":{"rendered":"http:\/\/ksiegarnia-akademicka.pl\/index.php\/product\/tworzenie-kultury-kaizen-jak-zharmonizowac-organizacje-osiagac-przelomowe-wyniki-i-utrzymac-jej-zdobycze\/"},"modified":"2023-07-27T12:34:16","modified_gmt":"2023-07-27T10:34:16","slug":"tworzenie-kultury-kaizen-jak-zharmonizowac-organizacje-osiagac-przelomowe-wyniki-i-utrzymac-jej-zdobycze","status":"publish","type":"product","link":"https:\/\/ksiegarnia-akademicka.pl\/index.php\/product\/tworzenie-kultury-kaizen-jak-zharmonizowac-organizacje-osiagac-przelomowe-wyniki-i-utrzymac-jej-zdobycze\/","title":{"rendered":"Filozofia Kaizen Ma\u0142ymi krokami ku doskona\u0142o\u015bci Tytu\u0142 oryginalny: The spirit of Kaizen"},"content":{"rendered":"<p>Autor:<br \/>\nRobert Maurer<br \/>\nT\u0142umacze: Kowalczyk Marcin<br \/>\nWydawca: Helion<br \/>\nOprawa: Mi\u0119kka<br \/>\nFormat: 12.0&#215;19.0cm<br \/>\nLiczba stron: 184<br \/>\nRok wydania: 2023<\/p>\n<p>Kaizen jest japo\u0144sk\u0105, wyj\u0105tkow\u0105 filozofi\u0105. Jest znana g\u0142\u00f3wnie jako koncepcja zarz\u0105dzania, ale przede wszystkim jest wa\u017cn\u0105 cz\u0119\u015bci\u0105 kultury japo\u0144skiej. Kaizen polega na ci\u0105g\u0142ym doskonaleniu: doskona\u0142o\u015b\u0107 mo\u017ce by\u0107 osi\u0105gni\u0119ta dzi\u0119ki konsekwentnie wprowadzanym niewielkim zmianom. W organizacji ka\u017cdy powinien by\u0107 zaanga\u017cowany w ten proces. Metodyka ta charakteryzuje si\u0119 du\u017c\u0105 skuteczno\u015bci\u0105, jest przy tym doskona\u0142ym wyj\u015bciem dla os\u00f3b, kt\u00f3re nie lubi\u0105 rewolucyjnych zmian wok\u00f3\u0142 siebie. Umo\u017cliwia rozwijanie si\u0119 i osi\u0105ganie cel\u00f3w bez du\u017cego wysi\u0142ku i bez l\u0119ku, \u017ce co\u015b mo\u017ce p\u00f3j\u015b\u0107 nie tak.<\/p>\n<p>Ksi\u0105\u017cka, kt\u00f3r\u0105 trzymasz w d\u0142oni, w przyst\u0119pny spos\u00f3b wyja\u015bnia, jak wykorzysta\u0107 filozofi\u0119 kaizen w codziennym \u017cyciu i osi\u0105ga\u0107 imponuj\u0105ce cele metod\u0105 ma\u0142ych krok\u00f3w. Dzi\u0119ki jej lekturze dowiesz si\u0119, jak stymulowa\u0107 kreatywno\u015b\u0107 swoj\u0105 i swojego zespo\u0142u, jak zacz\u0105\u0107 nieszablonowo my\u015ble\u0107, a tak\u017ce jak radzi\u0107 sobie z trudnymi sprawami. Nauczysz si\u0119 prostych, ale bardzo skutecznych metod, kt\u00f3re z powodzeniem b\u0119dziesz stosowa\u0142 na co dzie\u0144. Przekonasz si\u0119, dlaczego filozofia kaizen jest wysoko ceniona przez kierownictwo takich organizacji, jak Boeing, Toyota, Honda czy US Navy!<\/p>\n<p>Dowiedz si\u0119, jak:<\/p>\n<p>poprawia\u0107 morale pracownik\u00f3w,<br \/>\nogranicza\u0107 koszty funkcjonowania organizacji i r\u00f3wnocze\u015bnie poprawia\u0107 jako\u015b\u0107 pracy w firmie,<br \/>\nskutecznie rozwija\u0107 nowe produkty i us\u0142ugi,<br \/>\nzwi\u0119ksza\u0107 sprzeda\u017c firmy,<br \/>\nogranicza\u0107 koszty opieki zdrowotnej.<\/p>\n<p>Kaizen \u2014 pod\u0105\u017caj ma\u0142ymi krokami ku doskona\u0142o\u015bci!<\/p>\n","protected":false},"excerpt":{"rendered":"<p>Autor: Robert Maurer T\u0142umacze: Kowalczyk Marcin Wydawca: Helion Oprawa: Mi\u0119kka [&hellip;]<\/p>\n","protected":false},"featured_media":10104,"template":"","meta":[],"product_brand":[],"product_cat":[30,7512],"product_tag":[751,100],"class_list":{"0":"post-5579","1":"product","2":"type-product","3":"status-publish","4":"has-post-thumbnail","6":"product_cat-zarzadzanie","7":"product_cat-zarzadzanie-jakoscia","8":"product_tag-kaizen","9":"product_tag-zarzadzanie-jakoscia","11":"first","12":"instock","13":"sale","14":"shipping-taxable","15":"purchasable","16":"product-type-simple"},"_links":{"self":[{"href":"https:\/\/ksiegarnia-akademicka.pl\/index.php\/wp-json\/wp\/v2\/product\/5579","targetHints":{"allow":["GET"]}}],"collection":[{"href":"https:\/\/ksiegarnia-akademicka.pl\/index.php\/wp-json\/wp\/v2\/product"}],"about":[{"href":"https:\/\/ksiegarnia-akademicka.pl\/index.php\/wp-json\/wp\/v2\/types\/product"}],"wp:featuredmedia":[{"embeddable":true,"href":"https:\/\/ksiegarnia-akademicka.pl\/index.php\/wp-json\/wp\/v2\/media\/10104"}],"wp:attachment":[{"href":"https:\/\/ksiegarnia-akademicka.pl\/index.php\/wp-json\/wp\/v2\/media?parent=5579"}],"wp:term":[{"taxonomy":"product_brand","embeddable":true,"href":"https:\/\/ksiegarnia-akademicka.pl\/index.php\/wp-json\/wp\/v2\/product_brand?post=5579"},{"taxonomy":"product_cat","embeddable":true,"href":"https:\/\/ksiegarnia-akademicka.pl\/index.php\/wp-json\/wp\/v2\/product_cat?post=5579"},{"taxonomy":"product_tag","embeddable":true,"href":"https:\/\/ksiegarnia-akademicka.pl\/index.php\/wp-json\/wp\/v2\/product_tag?post=5579"}],"curies":[{"name":"wp","href":"https:\/\/api.w.org\/{rel}","templated":true}]}}