{"id":5547,"date":"2018-05-22T12:53:40","date_gmt":"2018-05-22T10:53:40","guid":{"rendered":"http:\/\/ksiegarnia-akademicka.pl\/index.php\/product\/podstawy-mikroekonomii-podrecznik-z-zadaniami\/"},"modified":"2026-03-26T14:41:49","modified_gmt":"2026-03-26T13:41:49","slug":"podstawy-mikroekonomii-podrecznik-z-zadaniami","status":"publish","type":"product","link":"https:\/\/ksiegarnia-akademicka.pl\/index.php\/product\/podstawy-mikroekonomii-podrecznik-z-zadaniami\/","title":{"rendered":"Podstawy mikroekonomii Podr\u0119cznik z zadaniami"},"content":{"rendered":"<p>Katarzyna Sieradzka<br \/>\nISBN: 978-83-62805-17-4<br \/>\nLiczba stron: 222<br \/>\nFormat: B5<br \/>\nOprawa: mi\u0119kka<br \/>\nRok wydania: 2022<\/p>\n<p>Parafrazuj\u0105c znane powiedzenie: Nieznajomo\u015b\u0107 ekonomii szkodzi. Nie tylko studentom, kt\u00f3rzy musz\u0105 zaliczy\u0107 przedmiot, ale r\u00f3wnie\u017c wszystkim pozosta\u0142ym osobom. Ekonomia jest we wszystkich czynno\u015bciach, kt\u00f3re wykonujemy i decyzjach, kt\u00f3re podejmujemy. Uczy rozumie\u0107 \u015bwiat nas otaczaj\u0105cy. Dzi\u0119ki ekonomii stajemy si\u0119 \u015bwiadomymi uczestnikami \u017cycia spo\u0142eczno- gospodarczego.<\/p>\n<p>Podr\u0119cznik pt. \u201ePodstawy mikroekonomii. Podr\u0119cznik z zadaniami\u201d zawiera podstawowe zagadnienia dotycz\u0105ce mikroekonomii, poparte bogat\u0105 ilustracj\u0105 graficzn\u0105. Zakres tematyczny publikacji powi\u0105zany jest z programem przedmiotu mikroekonomia, realizowanym w wi\u0119kszo\u015bci uczelni ekonomicznych w Polsce. Niniejsza publikacja skierowana jest do student\u00f3w studi\u00f3w dziennych i zaocznych wy\u017cszych uczelni ekonomicznych, jak r\u00f3wnie\u017c mo\u017ce by\u0107 wykorzystywana przez student\u00f3w kierunk\u00f3w proekonomicznych i nieekonomicznych. Pozycja ta stanowi uzupe\u0142nienie szerokiej literatury przedmiotu, dost\u0119pnej na rynku polskim. Przy opracowaniu poszczeg\u00f3lnych zagadnie\u0144 autorka wzorowa\u0142a si\u0119 na pozycjach literatury krajowej, jak i zagranicznej, kt\u00f3ra zosta\u0142a uwzgl\u0119dniona w bibliografii.<\/p>\n<p>Ksi\u0105\u017cka zosta\u0142a podzielona na dziewi\u0119\u0107 rozdzia\u0142\u00f3w, kt\u00f3rych konstrukcja jest jednolita i sk\u0142ada si\u0119 z nast\u0119puj\u0105cych element\u00f3w:<\/p>\n<p>zarys teoretyczny problematyki \u2013 gdzie dokonano analizy teoretycznej podstawowych zagadnie\u0144 mikroekonomicznych,<\/p>\n<p>zadania i \u0107wiczenia \u2013 gdzie zagadnienia teoretyczne, zosta\u0142y przedstawione w postaci zada\u0144 opisowych, liczbowych i graficznych oraz test\u00f3w wielokrotnego wyboru, jak i zada\u0144 typu prawda-fa\u0142sz,<\/p>\n<p>odpowiedzi \u2013 kt\u00f3re pozwalaj\u0105 na weryfikacj\u0119 zdobytej wiedzy.<\/p>\n<p>Podr\u0119cznik ma za zadanie wprowadzi\u0107 czytelnika w zagadnienia mikroekonomiczne, kt\u00f3re przedstawiono w spos\u00f3b jasny, prosty oraz wzbogacony szerok\u0105 analiz\u0105 teoretyczn\u0105 i graficzn\u0105. Dla u\u0142atwienia pracy z podr\u0119cznikiem zastosowano skr\u00f3ty podstawowych wielko\u015bci mikroekonomicznych, wzoruj\u0105c si\u0119 na nazewnictwie angloj\u0119zycznym.<\/p>\n","protected":false},"excerpt":{"rendered":"<p>Katarzyna Sieradzka ISBN: 978-83-62805-17-4 Liczba stron: 222 Format: B5 Oprawa: [&hellip;]<\/p>\n","protected":false},"featured_media":7580,"template":"","meta":[],"product_brand":[],"product_cat":[17,7499],"product_tag":[337,338,347,348],"class_list":{"0":"post-5547","1":"product","2":"type-product","3":"status-publish","4":"has-post-thumbnail","6":"product_cat-ekonomia","7":"product_cat-makro-i-mikroekonomia","8":"product_tag-ekonomia","9":"product_tag-mikroekonomia","10":"product_tag-podrecznik","11":"product_tag-zbior-zadan","13":"first","14":"instock","15":"shipping-taxable","16":"purchasable","17":"product-type-simple"},"_links":{"self":[{"href":"https:\/\/ksiegarnia-akademicka.pl\/index.php\/wp-json\/wp\/v2\/product\/5547","targetHints":{"allow":["GET"]}}],"collection":[{"href":"https:\/\/ksiegarnia-akademicka.pl\/index.php\/wp-json\/wp\/v2\/product"}],"about":[{"href":"https:\/\/ksiegarnia-akademicka.pl\/index.php\/wp-json\/wp\/v2\/types\/product"}],"wp:featuredmedia":[{"embeddable":true,"href":"https:\/\/ksiegarnia-akademicka.pl\/index.php\/wp-json\/wp\/v2\/media\/7580"}],"wp:attachment":[{"href":"https:\/\/ksiegarnia-akademicka.pl\/index.php\/wp-json\/wp\/v2\/media?parent=5547"}],"wp:term":[{"taxonomy":"product_brand","embeddable":true,"href":"https:\/\/ksiegarnia-akademicka.pl\/index.php\/wp-json\/wp\/v2\/product_brand?post=5547"},{"taxonomy":"product_cat","embeddable":true,"href":"https:\/\/ksiegarnia-akademicka.pl\/index.php\/wp-json\/wp\/v2\/product_cat?post=5547"},{"taxonomy":"product_tag","embeddable":true,"href":"https:\/\/ksiegarnia-akademicka.pl\/index.php\/wp-json\/wp\/v2\/product_tag?post=5547"}],"curies":[{"name":"wp","href":"https:\/\/api.w.org\/{rel}","templated":true}]}}