{"id":5478,"date":"2018-05-22T12:53:28","date_gmt":"2018-05-22T10:53:28","guid":{"rendered":"http:\/\/ksiegarnia-akademicka.pl\/index.php\/product\/eurosystem-a-instrumenty-polskiej-i-czeskiej-polityki-pienieznej\/"},"modified":"2018-07-25T09:47:12","modified_gmt":"2018-07-25T07:47:12","slug":"eurosystem-a-instrumenty-polskiej-i-czeskiej-polityki-pienieznej","status":"publish","type":"product","link":"https:\/\/ksiegarnia-akademicka.pl\/index.php\/product\/eurosystem-a-instrumenty-polskiej-i-czeskiej-polityki-pienieznej\/","title":{"rendered":"Eurosystem a instrumenty polskiej i czeskiej polityki pieni\u0119\u017cnej"},"content":{"rendered":"<p>Autor:<br \/>\nWies\u0142awa Przybylska-Kapu\u015bci\u0144ska<br \/>\nWydawca: CeDeWu<br \/>\nOprawa: Mi\u0119kka<br \/>\nFormat: 17.0&#215;24.0cm<br \/>\nLiczba stron: 112<br \/>\nWydanie: 1<br \/>\nRok wydania: 2009<\/p>\n<p>Przedstawione opracowanie ilustruje funkcjonowanie wsp\u00f3\u0142czesnych narz\u0119dzi polityki pieni\u0119\u017cnej w ramach Eurosystemu oraz w dw\u00f3ch pa\u0144stwach (od 1.05.2004 r. nowych cz\u0142onkach Unii Europejskiej) \u2013, Polsce i Czechach. Jego celem jest prezentacja trzech najwa\u017cniejszych instrument\u00f3w polityki pieni\u0119\u017cnej, do kt\u00f3rych nale\u017c\u0105:\u2022, rezerwa obowi\u0105zkowa,\u2022, operacje otwartego rynku,\u2022, transakcje kredytowo-depozytowe na koniec dnia.Opracowanie stanowi analiz\u0119 por\u00f3wnawcz\u0105 instrument\u00f3w stosowanych w Eurosystemie oraz w Narodowym Banku Polskim i Narodowym Banku Czech. Jednocze\u015bnie wskazuje na stopie\u0144 dostosowania instrument\u00f3w polityki monetarnej tych bank\u00f3w do standard\u00f3w, norm i procedur obowi\u0105zuj\u0105cych w ramach ESBC.Stopie\u0144 harmonizacji instrument\u00f3w w badanych dw\u00f3ch bankach centralnych Europy \u015arodkowo-Wschodniej nie jest jednakowy, zar\u00f3wno w stosunku do konkretnych instrument\u00f3w, jak i rozwi\u0105za\u0144 techniczno-proceduralnych funkcjonowania tych narz\u0119dzi. Przed obydwoma bankami centralnymi \u2013, Polski i Czech \u2013, nadal pozostaj\u0105 dalsze dzia\u0142ania dostosowawcze do standard\u00f3w Eurosystemu.<\/p>\n","protected":false},"excerpt":{"rendered":"<p>Autor: Wies\u0142awa Przybylska-Kapu\u015bci\u0144ska Wydawca: CeDeWu Oprawa: Mi\u0119kka Format: 17.0&#215;24.0cm Liczba [&hellip;]<\/p>\n","protected":false},"featured_media":8270,"template":"","meta":[],"product_brand":[],"product_cat":[20,7503,7504],"product_tag":[411,472,340],"class_list":{"0":"post-5478","1":"product","2":"type-product","3":"status-publish","4":"has-post-thumbnail","6":"product_cat-bankowosc","7":"product_cat-bankowosc-i-prawo-bankowe","8":"product_cat-rynek-pieniezny-i-kapitalowy","9":"product_tag-bankowosc","10":"product_tag-finanse-publiczne","11":"product_tag-polityka-pieniezna","13":"first","14":"instock","15":"sale","16":"shipping-taxable","17":"purchasable","18":"product-type-simple"},"_links":{"self":[{"href":"https:\/\/ksiegarnia-akademicka.pl\/index.php\/wp-json\/wp\/v2\/product\/5478","targetHints":{"allow":["GET"]}}],"collection":[{"href":"https:\/\/ksiegarnia-akademicka.pl\/index.php\/wp-json\/wp\/v2\/product"}],"about":[{"href":"https:\/\/ksiegarnia-akademicka.pl\/index.php\/wp-json\/wp\/v2\/types\/product"}],"wp:featuredmedia":[{"embeddable":true,"href":"https:\/\/ksiegarnia-akademicka.pl\/index.php\/wp-json\/wp\/v2\/media\/8270"}],"wp:attachment":[{"href":"https:\/\/ksiegarnia-akademicka.pl\/index.php\/wp-json\/wp\/v2\/media?parent=5478"}],"wp:term":[{"taxonomy":"product_brand","embeddable":true,"href":"https:\/\/ksiegarnia-akademicka.pl\/index.php\/wp-json\/wp\/v2\/product_brand?post=5478"},{"taxonomy":"product_cat","embeddable":true,"href":"https:\/\/ksiegarnia-akademicka.pl\/index.php\/wp-json\/wp\/v2\/product_cat?post=5478"},{"taxonomy":"product_tag","embeddable":true,"href":"https:\/\/ksiegarnia-akademicka.pl\/index.php\/wp-json\/wp\/v2\/product_tag?post=5478"}],"curies":[{"name":"wp","href":"https:\/\/api.w.org\/{rel}","templated":true}]}}