{"id":5476,"date":"2018-05-22T12:53:28","date_gmt":"2018-05-22T10:53:28","guid":{"rendered":"http:\/\/ksiegarnia-akademicka.pl\/index.php\/product\/konsolidacja-sprawozdan-finansowych-rozliczanie-polaczen-i-podzialow-w-swietle-mssf-msr\/"},"modified":"2018-05-22T12:53:28","modified_gmt":"2018-05-22T10:53:28","slug":"konsolidacja-sprawozdan-finansowych-rozliczanie-polaczen-i-podzialow-w-swietle-mssf-msr","status":"publish","type":"product","link":"https:\/\/ksiegarnia-akademicka.pl\/index.php\/product\/konsolidacja-sprawozdan-finansowych-rozliczanie-polaczen-i-podzialow-w-swietle-mssf-msr\/","title":{"rendered":"Konsolidacja sprawozda\u0144 finansowych Rozliczanie po\u0142\u0105cze\u0144 i podzia\u0142\u00f3w w \u015bwietle MSSF\/MSR"},"content":{"rendered":"","protected":false},"excerpt":{"rendered":"","protected":false},"featured_media":0,"template":"","meta":[],"product_brand":[],"product_cat":[16],"product_tag":[6301,1496,6766],"class_list":{"0":"post-5476","1":"product","2":"type-product","3":"status-publish","5":"product_cat-ksiegarnia-akademicka-radom","6":"product_tag-konsolidacja-sprawozdan-finansowych","7":"product_tag-rachunkowosc","8":"product_tag-standardy-mssf-msr","10":"first","11":"instock","12":"shipping-taxable","13":"purchasable","14":"product-type-simple"},"_links":{"self":[{"href":"https:\/\/ksiegarnia-akademicka.pl\/index.php\/wp-json\/wp\/v2\/product\/5476","targetHints":{"allow":["GET"]}}],"collection":[{"href":"https:\/\/ksiegarnia-akademicka.pl\/index.php\/wp-json\/wp\/v2\/product"}],"about":[{"href":"https:\/\/ksiegarnia-akademicka.pl\/index.php\/wp-json\/wp\/v2\/types\/product"}],"wp:attachment":[{"href":"https:\/\/ksiegarnia-akademicka.pl\/index.php\/wp-json\/wp\/v2\/media?parent=5476"}],"wp:term":[{"taxonomy":"product_brand","embeddable":true,"href":"https:\/\/ksiegarnia-akademicka.pl\/index.php\/wp-json\/wp\/v2\/product_brand?post=5476"},{"taxonomy":"product_cat","embeddable":true,"href":"https:\/\/ksiegarnia-akademicka.pl\/index.php\/wp-json\/wp\/v2\/product_cat?post=5476"},{"taxonomy":"product_tag","embeddable":true,"href":"https:\/\/ksiegarnia-akademicka.pl\/index.php\/wp-json\/wp\/v2\/product_tag?post=5476"}],"curies":[{"name":"wp","href":"https:\/\/api.w.org\/{rel}","templated":true}]}}