{"id":5461,"date":"2018-05-22T12:53:25","date_gmt":"2018-05-22T10:53:25","guid":{"rendered":"http:\/\/ksiegarnia-akademicka.pl\/index.php\/product\/mediacje-teoria-i-praktyka\/"},"modified":"2022-12-09T09:43:56","modified_gmt":"2022-12-09T08:43:56","slug":"mediacje-teoria-i-praktyka","status":"publish","type":"product","link":"https:\/\/ksiegarnia-akademicka.pl\/index.php\/product\/mediacje-teoria-i-praktyka\/","title":{"rendered":"Mediacje Teoria i praktyka"},"content":{"rendered":"<p>Autor:<br \/>\nRafa\u0142 Morek<br \/>\nEwa Gmurzy\u0144ska<br \/>\nWydawca: Wolters Kluwer<br \/>\nOprawa: Mi\u0119kka<br \/>\nFormat: 16.5&#215;24.0cm<br \/>\nLiczba stron: 552<br \/>\nRok wydania: 2019<br \/>\nJ\u0119zyk wydania: polski<\/p>\n<p>Przedstawiana publikacja jest najobszerniejszym na polskim rynku wydawniczym podr\u0119cznikiem mediacji. Autorzy \u2013 wyk\u0142adowcy akademiccy i mediatorzy wsp\u00f3\u0142pracuj\u0105cy z Centrum Rozwi\u0105zywania Spor\u00f3w i Konflikt\u00f3w przy Wydziale Prawa i Administracji Uniwersytetu Warszawskiego \u2013 dziel\u0105 si\u0119 z Czytelnikami wiedz\u0105 i praktycznymi wskaz\u00f3wkami dotycz\u0105cymi rozwi\u0105zywania konflikt\u00f3w.<br \/>\nKsi\u0105\u017cka zawiera kompendium wiedzy o mediacji i jej zastosowaniu w r\u00f3\u017cnych dziedzinach stosunk\u00f3w spo\u0142ecznych i prawnych i jest uzupe\u0142niona przyk\u0142adami zaczerpni\u0119tymi z bogatej praktyki mediacyjnej autor\u00f3w, dotycz\u0105cymi mediacji: cywilnych, gospodarczych, rodzinnych, pracowniczych, karnych, administracyjnych, w sporach spo\u0142ecznych i konsumenckich. Czytelnicy znajd\u0105 w niej om\u00f3wienie historycznych i kulturowych uwarunkowa\u0144 mediacji w Polsce oraz kierunk\u00f3w jej potencjalnego rozwoju w przysz\u0142o\u015bci, np. w zakresie spor\u00f3w zwi\u0105zanych z handlem elektronicznym i internetem.<br \/>\nKsi\u0105\u017cka jest skierowana do wszystkich os\u00f3b zainteresowanych mediacj\u0105 i efektywnym rozwi\u0105zywaniem spor\u00f3w, w tym zw\u0142aszcza do: przedsi\u0119biorc\u00f3w i mened\u017cer\u00f3w, s\u0119dzi\u00f3w, notariuszy, adwokat\u00f3w, radc\u00f3w prawnych, aplikant\u00f3w, student\u00f3w, a tak\u017ce do mediator\u00f3w oraz rosn\u0105cego grona uczestnik\u00f3w mediacji, kt\u00f3rzy chcieliby wzbogaci\u0107 swoj\u0105 wiedz\u0119 na jej temat.<\/p>\n","protected":false},"excerpt":{"rendered":"<p>Autor: Rafa\u0142 Morek Ewa Gmurzy\u0144ska Wydawca: Wolters Kluwer Oprawa: Mi\u0119kka [&hellip;]<\/p>\n","protected":false},"featured_media":14445,"template":"","meta":[],"product_brand":[],"product_cat":[7511,7514,30,7513],"product_tag":[4697,559,269,541],"class_list":{"0":"post-5461","1":"product","2":"type-product","3":"status-publish","4":"has-post-thumbnail","6":"product_cat-kierowanie-i-zarzadzanie","7":"product_cat-negocjacje","8":"product_cat-zarzadzanie","9":"product_cat-zarzadzanie-zasobami-ludzkimi","10":"product_tag-mediacje","11":"product_tag-negocjacje","12":"product_tag-podrecznik-akademicki","13":"product_tag-zarzadzanie","15":"first","16":"outofstock","17":"sale","18":"shipping-taxable","19":"purchasable","20":"product-type-simple"},"_links":{"self":[{"href":"https:\/\/ksiegarnia-akademicka.pl\/index.php\/wp-json\/wp\/v2\/product\/5461","targetHints":{"allow":["GET"]}}],"collection":[{"href":"https:\/\/ksiegarnia-akademicka.pl\/index.php\/wp-json\/wp\/v2\/product"}],"about":[{"href":"https:\/\/ksiegarnia-akademicka.pl\/index.php\/wp-json\/wp\/v2\/types\/product"}],"wp:featuredmedia":[{"embeddable":true,"href":"https:\/\/ksiegarnia-akademicka.pl\/index.php\/wp-json\/wp\/v2\/media\/14445"}],"wp:attachment":[{"href":"https:\/\/ksiegarnia-akademicka.pl\/index.php\/wp-json\/wp\/v2\/media?parent=5461"}],"wp:term":[{"taxonomy":"product_brand","embeddable":true,"href":"https:\/\/ksiegarnia-akademicka.pl\/index.php\/wp-json\/wp\/v2\/product_brand?post=5461"},{"taxonomy":"product_cat","embeddable":true,"href":"https:\/\/ksiegarnia-akademicka.pl\/index.php\/wp-json\/wp\/v2\/product_cat?post=5461"},{"taxonomy":"product_tag","embeddable":true,"href":"https:\/\/ksiegarnia-akademicka.pl\/index.php\/wp-json\/wp\/v2\/product_tag?post=5461"}],"curies":[{"name":"wp","href":"https:\/\/api.w.org\/{rel}","templated":true}]}}