{"id":5377,"date":"2018-05-22T12:53:10","date_gmt":"2018-05-22T10:53:10","guid":{"rendered":"http:\/\/ksiegarnia-akademicka.pl\/index.php\/product\/kodeks-wyborczy-komentarz\/"},"modified":"2018-10-08T09:29:37","modified_gmt":"2018-10-08T07:29:37","slug":"kodeks-wyborczy-komentarz","status":"publish","type":"product","link":"https:\/\/ksiegarnia-akademicka.pl\/index.php\/product\/kodeks-wyborczy-komentarz\/","title":{"rendered":"Kodeks wyborczy Komentarz"},"content":{"rendered":"<p>Nale\u017cy do serii:<br \/>\nKOMENTARZE BECKA<br \/>\nAutor:<br \/>\nBogus\u0142aw Banaszak<br \/>\nWydawca: C.H. Beck<br \/>\nOprawa: Twarda<br \/>\nFormat: 13.0&#215;20.5cm<br \/>\nLiczba stron: 828<br \/>\nWydanie: 3<br \/>\nRok wydania: 2018<\/p>\n<p>Komentarz do ustawy z 5.1.2011 r. \u2013 Kodeks wyborczy autorstwa wybitnego specjalisty w zakresie prawa konstytucyjnego oraz administracyjnego, \u015a. P. prof. dr hab. Bogus\u0142awa Banaszaka stanowi szczeg\u00f3\u0142owe i kompleksowe om\u00f3wienie wszystkich zagadnie\u0144 omawianej tematyki, uwzgl\u0119dniaj\u0105c i prezentuj\u0105c najnowszy stan sprawny, w\u0142\u0105cznie ze zmianami.<\/p>\n<p>W spos\u00f3b wyczerpuj\u0105cy i zarazem praktyczny Komentarz pozwala zapozna\u0107 si\u0119 z kwestiami dotycz\u0105cymi m.in.:<br \/>\nzasad przeprowadzania wybor\u00f3w do Sejmu, Senatu, Parlamentu Europejskiego<br \/>\nwyboru Prezydenta RP<br \/>\nwybor\u00f3w do organ\u00f3w stanowi\u0105cych i wykonawczych samorz\u0105du terytorialnego<br \/>\norganizacji i zasad funkcjonowania organ\u00f3w wyborczych oraz administracji wyborczej<br \/>\nzasad finansowania wybor\u00f3w z bud\u017cetu pa\u0144stwa.<\/p>\n<p>Nowe, 3. wydanie Komentarza uwzgl\u0119dnia i szczeg\u00f3\u0142owo prezentuje om\u00f3wienie najnowszych zmian, w tym m.in.:<br \/>\nbezwzgl\u0119dny nakaz przeprowadzenia wybor\u00f3w w ci\u0105gu jednego dnia wolnego od pracy<br \/>\nwy\u0142\u0105czenie mo\u017cliwo\u015bci g\u0142osowania korespondencyjnego<br \/>\nnowa definicja znaku \u201eX\u201d, okre\u015blaj\u0105ca go jako co najmniej dwie linie, kt\u00f3re przecinaj\u0105 si\u0119 w obr\u0119bie kratki<br \/>\nuznawalno\u015b\u0107 g\u0142osu za wa\u017cny o ile w kt\u00f3rej\u015b z kratek przy kandydacie pojawi si\u0119 znak \u201eX\u201d niezale\u017cnie od innych zaznacze\u0144 na karcie<br \/>\nwprowadzenie w wyborach na w\u00f3jta ( i pozosta\u0142ych w\u0142odarzy) zasady dwukadencyjno\u015bci oraz wyd\u0142u\u017cenie czasu trwania jednej kadencji z 4 do 5 lat<br \/>\nnowy spos\u00f3b wy\u0142aniania komisarzy wyborczych<br \/>\nzmiana sk\u0142adu Pa\u0144stwowej Komisji Wyborczej<\/p>\n<p>Komentarz prezentuje w spos\u00f3b wszechstronny dorobek doktryny i judykatury oraz obejmuje najnowsze orzecznictwo.<\/p>\n<p>Ponadto, uwzgl\u0119dniono aktualne pi\u015bmiennictwo z komentowanej dziedziny i dziedzin pokrewnych. Dla wygody Czytelnik\u00f3w, u\u0142atwiaj\u0105c szybk\u0105 orientacj\u0119 w tek\u015bcie, niniejszy Komentarz wyr\u00f3\u017cnia si\u0119 szczeg\u00f3\u0142ow\u0105 struktur\u0105 wewn\u0119trzn\u0105, z precyzyjnym, przejrzystym i jednolitym podzia\u0142em zagadnie\u0144.<\/p>\n<p>Komentarz adresowany jest do:<br \/>\nPa\u0144stwowej Komisji Wyborczej wraz z Komisarzami Wyborczymi,<br \/>\nka\u017cdego praktykuj\u0105cego prawnika (adwokaci, radcowie prawni, prokuratorzy, s\u0119dziowie), w szczeg\u00f3lno\u015bci obs\u0142uguj\u0105cego jednostki administracji pa\u0144stwowej i samorz\u0105dowej (np. rady gminy, powiatu, sejmik wojew\u00f3dztwa, w\u00f3jt, burmistrz, marsza\u0142ek wojew\u00f3dztwa),<br \/>\nbezpo\u015brednio do jednostek administracji pa\u0144stwowej i samorz\u0105dowej, przeprowadzaj\u0105cej wybory na swoim terenie,<br \/>\nkomitet\u00f3w wyborczych poszczeg\u00f3lnych partii i organizacji zg\u0142aszaj\u0105cych kandydat\u00f3w na wybierane stanowiska, jak r\u00f3wnie\u017c dla doktorant\u00f3w i student\u00f3w prawa, administracji, politologii zainteresowanych pog\u0142\u0119bianiem wiedzy z zakresu prawa konstytucyjnego.<\/p>\n","protected":false},"excerpt":{"rendered":"<p>Nale\u017cy do serii: KOMENTARZE BECKA Autor: Bogus\u0142aw Banaszak Wydawca: C.H. [&hellip;]<\/p>\n","protected":false},"featured_media":8682,"template":"","meta":[],"product_brand":[],"product_cat":[7492,7496,18],"product_tag":[873,932,484],"class_list":{"0":"post-5377","1":"product","2":"type-product","3":"status-publish","4":"has-post-thumbnail","6":"product_cat-administracyjne","7":"product_cat-konstytucyjne","8":"product_cat-prawo","9":"product_tag-prawo-konstytucyjne","10":"product_tag-prawo-wyborcze","11":"product_tag-seria-komentarze-becka","13":"first","14":"instock","15":"sale","16":"shipping-taxable","17":"purchasable","18":"product-type-simple"},"_links":{"self":[{"href":"https:\/\/ksiegarnia-akademicka.pl\/index.php\/wp-json\/wp\/v2\/product\/5377","targetHints":{"allow":["GET"]}}],"collection":[{"href":"https:\/\/ksiegarnia-akademicka.pl\/index.php\/wp-json\/wp\/v2\/product"}],"about":[{"href":"https:\/\/ksiegarnia-akademicka.pl\/index.php\/wp-json\/wp\/v2\/types\/product"}],"wp:featuredmedia":[{"embeddable":true,"href":"https:\/\/ksiegarnia-akademicka.pl\/index.php\/wp-json\/wp\/v2\/media\/8682"}],"wp:attachment":[{"href":"https:\/\/ksiegarnia-akademicka.pl\/index.php\/wp-json\/wp\/v2\/media?parent=5377"}],"wp:term":[{"taxonomy":"product_brand","embeddable":true,"href":"https:\/\/ksiegarnia-akademicka.pl\/index.php\/wp-json\/wp\/v2\/product_brand?post=5377"},{"taxonomy":"product_cat","embeddable":true,"href":"https:\/\/ksiegarnia-akademicka.pl\/index.php\/wp-json\/wp\/v2\/product_cat?post=5377"},{"taxonomy":"product_tag","embeddable":true,"href":"https:\/\/ksiegarnia-akademicka.pl\/index.php\/wp-json\/wp\/v2\/product_tag?post=5377"}],"curies":[{"name":"wp","href":"https:\/\/api.w.org\/{rel}","templated":true}]}}