{"id":5345,"date":"2018-05-22T12:53:05","date_gmt":"2018-05-22T10:53:05","guid":{"rendered":"http:\/\/ksiegarnia-akademicka.pl\/index.php\/product\/anatomia-narzadow-wewnetrznych-i-ukladu-nerwowego-czlowieka-przewodnik-do-cwiczen\/"},"modified":"2021-09-23T14:37:31","modified_gmt":"2021-09-23T12:37:31","slug":"anatomia-narzadow-wewnetrznych-i-ukladu-nerwowego-czlowieka-przewodnik-do-cwiczen","status":"publish","type":"product","link":"https:\/\/ksiegarnia-akademicka.pl\/index.php\/product\/anatomia-narzadow-wewnetrznych-i-ukladu-nerwowego-czlowieka-przewodnik-do-cwiczen\/","title":{"rendered":"Anatomia narz\u0105d\u00f3w wewn\u0119trznych i uk\u0142adu nerwowego cz\u0142owieka Przewodnik do \u0107wicze\u0144"},"content":{"rendered":"<p>Z. Ignasiak, J. Domaradzki<br \/>\nwyd. II<br \/>\nliczba stron\t182<br \/>\nrok wydania\t2014<br \/>\nformat\t215 X 297, opr. broszurowa<br \/>\nISBN\t978-83-7609-907-1<\/p>\n<p>Zeszyt do zaj\u0119\u0107 praktycznych uzupe\u0142niony o nowe ryciny.<\/p>\n","protected":false},"excerpt":{"rendered":"<p>Z. Ignasiak, J. Domaradzki wyd. II liczba stron 182 rok [&hellip;]<\/p>\n","protected":false},"featured_media":14684,"template":"","meta":[],"product_brand":[],"product_cat":[7963,7493],"product_tag":[6681,3994,6682],"class_list":{"0":"post-5345","1":"product","2":"type-product","3":"status-publish","4":"has-post-thumbnail","6":"product_cat-anatomia","7":"product_cat-medycyna","8":"product_tag-anatomia-narzadow-wewnetrznych","9":"product_tag-medycyna","10":"product_tag-przewodnik-do-cwiczen","12":"first","13":"instock","14":"sale","15":"shipping-taxable","16":"purchasable","17":"product-type-simple"},"_links":{"self":[{"href":"https:\/\/ksiegarnia-akademicka.pl\/index.php\/wp-json\/wp\/v2\/product\/5345","targetHints":{"allow":["GET"]}}],"collection":[{"href":"https:\/\/ksiegarnia-akademicka.pl\/index.php\/wp-json\/wp\/v2\/product"}],"about":[{"href":"https:\/\/ksiegarnia-akademicka.pl\/index.php\/wp-json\/wp\/v2\/types\/product"}],"wp:featuredmedia":[{"embeddable":true,"href":"https:\/\/ksiegarnia-akademicka.pl\/index.php\/wp-json\/wp\/v2\/media\/14684"}],"wp:attachment":[{"href":"https:\/\/ksiegarnia-akademicka.pl\/index.php\/wp-json\/wp\/v2\/media?parent=5345"}],"wp:term":[{"taxonomy":"product_brand","embeddable":true,"href":"https:\/\/ksiegarnia-akademicka.pl\/index.php\/wp-json\/wp\/v2\/product_brand?post=5345"},{"taxonomy":"product_cat","embeddable":true,"href":"https:\/\/ksiegarnia-akademicka.pl\/index.php\/wp-json\/wp\/v2\/product_cat?post=5345"},{"taxonomy":"product_tag","embeddable":true,"href":"https:\/\/ksiegarnia-akademicka.pl\/index.php\/wp-json\/wp\/v2\/product_tag?post=5345"}],"curies":[{"name":"wp","href":"https:\/\/api.w.org\/{rel}","templated":true}]}}