{"id":5344,"date":"2018-05-22T12:53:05","date_gmt":"2018-05-22T10:53:05","guid":{"rendered":"http:\/\/ksiegarnia-akademicka.pl\/index.php\/product\/anatomia-narzadow-wewnetrznych-i-ukladu-nerwowego-czlowieka\/"},"modified":"2021-09-23T14:34:59","modified_gmt":"2021-09-23T12:34:59","slug":"anatomia-narzadow-wewnetrznych-i-ukladu-nerwowego-czlowieka","status":"publish","type":"product","link":"https:\/\/ksiegarnia-akademicka.pl\/index.php\/product\/anatomia-narzadow-wewnetrznych-i-ukladu-nerwowego-czlowieka\/","title":{"rendered":"Anatomia narz\u0105d\u00f3w wewn\u0119trznych i uk\u0142adu nerwowego cz\u0142owieka"},"content":{"rendered":"<p>Z. Ignasiak<br \/>\nwyd. II<br \/>\nliczba stron\t266<br \/>\nrok wydania\t2014<br \/>\nformat\t215 x 290, opr. broszurowa<br \/>\nISBN\t978-83-7609-986-6<\/p>\n<p>Podr\u0119cznik stanowi kontynuacj\u0119 ksi\u0105\u017cki Anatomia uk\u0142adu ruchu, ukierunkowan\u0105 na budow\u0119 narz\u0105d\u00f3w wewn\u0119trznych i uk\u0142adu nerwowego. Liczne barwne, przejrzyste ryciny i schematy (zaczerpni\u0119te z Atlasu anatomii Sobotty) w po\u0142\u0105czeniu z przyst\u0119pnym tekstem u\u0142atwiaj\u0105 nauk\u0119 i zach\u0119caj\u0105 do zg\u0142\u0119biania wiedzy. Publikacja skierowana jest przede wszystkim do student\u00f3w fizjoterapii i innych kierunk\u00f3w akademii wychowania fizycznego.<\/p>\n<p>Drugie wydanie uzupe\u0142nione o nowe ryciny.<\/p>\n","protected":false},"excerpt":{"rendered":"<p>Z. Ignasiak wyd. II liczba stron 266 rok wydania 2014 [&hellip;]<\/p>\n","protected":false},"featured_media":14682,"template":"","meta":[],"product_brand":[],"product_cat":[7963,7493],"product_tag":[6681,3994,269],"class_list":{"0":"post-5344","1":"product","2":"type-product","3":"status-publish","4":"has-post-thumbnail","6":"product_cat-anatomia","7":"product_cat-medycyna","8":"product_tag-anatomia-narzadow-wewnetrznych","9":"product_tag-medycyna","10":"product_tag-podrecznik-akademicki","12":"first","13":"instock","14":"sale","15":"shipping-taxable","16":"purchasable","17":"product-type-simple"},"_links":{"self":[{"href":"https:\/\/ksiegarnia-akademicka.pl\/index.php\/wp-json\/wp\/v2\/product\/5344","targetHints":{"allow":["GET"]}}],"collection":[{"href":"https:\/\/ksiegarnia-akademicka.pl\/index.php\/wp-json\/wp\/v2\/product"}],"about":[{"href":"https:\/\/ksiegarnia-akademicka.pl\/index.php\/wp-json\/wp\/v2\/types\/product"}],"wp:featuredmedia":[{"embeddable":true,"href":"https:\/\/ksiegarnia-akademicka.pl\/index.php\/wp-json\/wp\/v2\/media\/14682"}],"wp:attachment":[{"href":"https:\/\/ksiegarnia-akademicka.pl\/index.php\/wp-json\/wp\/v2\/media?parent=5344"}],"wp:term":[{"taxonomy":"product_brand","embeddable":true,"href":"https:\/\/ksiegarnia-akademicka.pl\/index.php\/wp-json\/wp\/v2\/product_brand?post=5344"},{"taxonomy":"product_cat","embeddable":true,"href":"https:\/\/ksiegarnia-akademicka.pl\/index.php\/wp-json\/wp\/v2\/product_cat?post=5344"},{"taxonomy":"product_tag","embeddable":true,"href":"https:\/\/ksiegarnia-akademicka.pl\/index.php\/wp-json\/wp\/v2\/product_tag?post=5344"}],"curies":[{"name":"wp","href":"https:\/\/api.w.org\/{rel}","templated":true}]}}