{"id":532,"date":"2018-05-22T12:41:38","date_gmt":"2018-05-22T10:41:38","guid":{"rendered":"http:\/\/ksiegarnia-akademicka.pl\/index.php\/product\/makroekonomia-teoretyczne-i-praktyczne-aspekty-gospodarki-rynkowej\/"},"modified":"2018-12-10T14:51:08","modified_gmt":"2018-12-10T13:51:08","slug":"makroekonomia-teoretyczne-i-praktyczne-aspekty-gospodarki-rynkowej","status":"publish","type":"product","link":"https:\/\/ksiegarnia-akademicka.pl\/index.php\/product\/makroekonomia-teoretyczne-i-praktyczne-aspekty-gospodarki-rynkowej\/","title":{"rendered":"Makroekonomia. Teoretyczne i praktyczne aspekty gospodarki rynkowej"},"content":{"rendered":"<p>Autor:<br \/>\nEulalia Skawi\u0144ska<br \/>\nKatarzyna Sobiech<br \/>\nKatarzyna Nawrot<br \/>\nWydawca: PWE<br \/>\nOprawa: Mi\u0119kka<br \/>\nFormat: 16.5&#215;23.5cm<br \/>\nLiczba stron: 316<br \/>\nWydanie: 2<br \/>\nRok wydania: 2010<\/p>\n<p>Podr\u0119cznik obejmuje podstawow\u0105 wiedz\u0119 z makroekonomii. Autorzy przedstawili: wsp\u00f3\u0142czesne nurty my\u015blenia w makroekonomii (m.in. neoklasyczny, postkeynesowski, monetarystyczny); teori\u0119 i praktyk\u0119 gospodarki rynkowej (m.in. system gospodarki rynkowej i jej typy, rola pa\u0144stwa w takiej gospodarce); funkcjonowanie gospodarki rynkowej (m.in. sprawno\u015b\u0107 gospodarki, rozw\u00f3j i wzrost gospodarczy, rola pieni\u0105dza i polityka pieni\u0119\u017cna, nier\u00f3wnowaga we wsp\u00f3\u0142czesnej gospodarce, bud\u017cet pa\u0144stwa, restrukturyzacja polskiej gospodarki); makroekonomi\u0119 gospodarki \u015bwiatowej (m.in. globalizacja, mi\u0119dzynarodowa integracja gospodarcza, mi\u0119dzynarodowe stosunki gospodarcze, makroekonomiczne dysproporcje w rozwoju wsp\u00f3\u0142czesnej gospodarki \u015bwiatowej). <\/p>\n<p>Podr\u0119cznik jest przeznaczony przede wszystkim dla student\u00f3w wy\u017cszych uczelni technicznych na r\u00f3\u017cnych poziomach i typach kszta\u0142cenia, ale tak\u017ce dla student\u00f3w uczelni ekonomicznych i rolniczych<\/p>\n","protected":false},"excerpt":{"rendered":"<p>Autor: Eulalia Skawi\u0144ska Katarzyna Sobiech Katarzyna Nawrot Wydawca: PWE Oprawa: [&hellip;]<\/p>\n","protected":false},"featured_media":9339,"template":"","meta":[],"product_brand":[],"product_cat":[17,7499],"product_tag":[1431,342,1432],"class_list":{"0":"post-532","1":"product","2":"type-product","3":"status-publish","4":"has-post-thumbnail","6":"product_cat-ekonomia","7":"product_cat-makro-i-mikroekonomia","8":"product_tag-gospodarka-rynkowa","9":"product_tag-makroekonomia","10":"product_tag-rola-panstwa","12":"first","13":"instock","14":"sale","15":"shipping-taxable","16":"purchasable","17":"product-type-simple"},"_links":{"self":[{"href":"https:\/\/ksiegarnia-akademicka.pl\/index.php\/wp-json\/wp\/v2\/product\/532","targetHints":{"allow":["GET"]}}],"collection":[{"href":"https:\/\/ksiegarnia-akademicka.pl\/index.php\/wp-json\/wp\/v2\/product"}],"about":[{"href":"https:\/\/ksiegarnia-akademicka.pl\/index.php\/wp-json\/wp\/v2\/types\/product"}],"wp:featuredmedia":[{"embeddable":true,"href":"https:\/\/ksiegarnia-akademicka.pl\/index.php\/wp-json\/wp\/v2\/media\/9339"}],"wp:attachment":[{"href":"https:\/\/ksiegarnia-akademicka.pl\/index.php\/wp-json\/wp\/v2\/media?parent=532"}],"wp:term":[{"taxonomy":"product_brand","embeddable":true,"href":"https:\/\/ksiegarnia-akademicka.pl\/index.php\/wp-json\/wp\/v2\/product_brand?post=532"},{"taxonomy":"product_cat","embeddable":true,"href":"https:\/\/ksiegarnia-akademicka.pl\/index.php\/wp-json\/wp\/v2\/product_cat?post=532"},{"taxonomy":"product_tag","embeddable":true,"href":"https:\/\/ksiegarnia-akademicka.pl\/index.php\/wp-json\/wp\/v2\/product_tag?post=532"}],"curies":[{"name":"wp","href":"https:\/\/api.w.org\/{rel}","templated":true}]}}