{"id":5284,"date":"2018-05-22T12:52:54","date_gmt":"2018-05-22T10:52:54","guid":{"rendered":"http:\/\/ksiegarnia-akademicka.pl\/index.php\/product\/zastosowanie-badan-termowizyjnych-w-budownictwie\/"},"modified":"2021-12-28T12:39:53","modified_gmt":"2021-12-28T11:39:53","slug":"zastosowanie-badan-termowizyjnych-w-budownictwie","status":"publish","type":"product","link":"https:\/\/ksiegarnia-akademicka.pl\/index.php\/product\/zastosowanie-badan-termowizyjnych-w-budownictwie\/","title":{"rendered":"Zastosowanie bada\u0144 termowizyjnych w budownictwie"},"content":{"rendered":"<p>Wydawnictwo: Politechnika Wroc\u0142awska<br \/>\nAutor: Nowak Henryk<\/p>\n<p>ISBN 978-83-7493-676-7<\/p>\n<p>Oprawa: twarda, Format: B5, Stron: 332, 2012 r.<\/p>\n<p>Ksi\u0105\u017cka jest przeznaczona dla in\u017cynier\u00f3w i technik\u00f3w, kt\u00f3rzy u\u017cywaj\u0105 kamer termowizyjnych w swojej pracy w diagnostyce termicznej budynk\u00f3w i innych obiekt\u00f3w budowlanych, dla student\u00f3w wy\u017cszych uczelni na kierunkach: budownictwo, architektura i in\u017cynieria \u015brodowiska wy\u017cszych uczelni technicznych, dla in\u017cynier\u00f3w tych specjalno\u015bci oraz dla wszystkich zainteresowanych t\u0105 technik\u0105 pomiarow\u0105.<\/p>\n<p>Autor ma ponad 33-letnie do\u015bwiadczenie w wykonywaniu bada\u0144 termowizyjnych w budownictwie, a swoj\u0105 karier\u0119 pomiarowo-badawcz\u0105 w tym zakresie rozpocz\u0105\u0142 w roku 1978 z kamer\u0105 AGA Thermovision 680. Jest wyk\u0142adowc\u0105 na kursach i szkoleniach w zakresie diagnostyki energetycznej budynk\u00f3w, termomodernizacji i certyfikacji energetycznej budynk\u00f3w oraz zastosowania bada\u0144 termowizyjnych w budownictwie.<\/p>\n<p>Spis tre\u015bci:<\/p>\n<p>Przedmowa<br \/>\nWykaz wa\u017cniejszych oznacze\u0144 <\/p>\n<p>1. Wprowadzenie<br \/>\n1.1. Wst\u0119p<br \/>\n1.2. Cel i zakres ksi\u0105\u017cki <\/p>\n<p>2. Podstawy wymiany ciep\u0142a przez przegrody budowlane<br \/>\n2.1. W\u0142a\u015bciwo\u015bci cieplno-fizyczne materia\u0142\u00f3w budowlanych<br \/>\n2.2. Poj\u0119cia podstawowe wymiany ciep\u0142a<br \/>\n2.2.1. Wymiana ciep\u0142a przez konwencj\u0119<br \/>\n2.2.2. Wymiana ciep\u0142a przez promieniowanie<br \/>\n2.2.3. Wymiana ciep\u0142a przez przewodzenie<br \/>\n2.2.4. Z\u0142o\u017cona wymiana ciep\u0142a<br \/>\n2.3. Podstawy teorii przewodnictwa cieplnego<br \/>\n2.3.1. Pole temperatury<br \/>\n2.3.2. Nieustalone przewodzenie ciep\u0142a w cia\u0142ach sta\u0142ych<br \/>\n2.3.3. Dynamika cieplna przegr\u00f3d budowlanych &#8211; masa termiczna przegr\u00f3d<br \/>\n2.4. Jednokierunkowe ustalone przenikanie ciep\u0142a przez \u015bciank\u0119 p\u0142ask\u0105<br \/>\n2.4.1. Przenikanie ciep\u0142a przez przegrody<br \/>\n2.4.2. Rozk\u0142ad temperatury w przegrodzie<br \/>\n2.4.3. Wp\u0142yw usytuowania warstwy izolacji termicznej na w\u0142a\u015bciwo\u015bci cieplno&#8211;wilgotno\u015bciowe przegrody budowlanej <\/p>\n<p>3. Mostki cieplne w budynkach<br \/>\n3.1. Wst\u0119p<br \/>\n3.2. Mostki cieplne<br \/>\n3.3. B\u0142\u0119dy projektowe i wykonawcze realizacji termicznej obudowy budynk\u00f3w <\/p>\n<p>4. Podstawy teoretyczne bada\u0144 termowizyjnych &#8211; wymiana ciep\u0142a przez promieniowanie<br \/>\n4.1. Odkrycie promieniowania cieplnego<br \/>\n4.2. Widmo promieniowania elektromagnetycznego<br \/>\n4.3. Podstawowe prawa promieniowania cia\u0142a czarnego<br \/>\n4.4. Promieniowanie cieplne obiekt\u00f3w rzeczywistych<br \/>\n4.4.1. Radiacyjne w\u0142a\u015bciwo\u015bci powierzchni cia\u0142 sta\u0142ych<br \/>\n4.4.2. Wsp\u00f3\u0142czynnik emisyjno\u015bci powierzchni cia\u0142 sta\u0142ych<br \/>\n4.4.3. Powierzchnie spektralnie selektywne<br \/>\n4.5. Wymiana ciep\u0142a przez promieniowanie mi\u0119dzy dwiema powierzchniami <\/p>\n<p>5. Radiacyjna wymiana ciep\u0142a budynku z otoczeniem<br \/>\n5.1. Promieniowanie cieplne \u015brodowiska zewn\u0119trznego<br \/>\n5.2. Ch\u0142odzenie radiacyjne zewn\u0119trznych powierzchni przegr\u00f3d budowlanych<br \/>\n5.3. \u015arednia temperatura promieniowania niebosk\u0142onu<br \/>\n5.3.1. Kalorymetryczna temperatura promieniowania niebosk\u0142onu<br \/>\n5.3.2. Spektralna temperatura promieniowania niebosk\u0142onu<br \/>\n5.4. Bilans promieniowania cieplnego zewn\u0119trznej powierzchni przegrody budowlanej<br \/>\n5.5. Poprawka temperaturowa do obliczeniowej temperatury powietrza zewn\u0119trznego <\/p>\n<p>6. Badania termowizyjne w budownictwie<br \/>\n6.1. Diagnostyka termiczna budynk\u00f3w<br \/>\n6.2. Badania termowizyjne a badania nieniszcz\u0105ce<br \/>\n6.2.1. Wst\u0119p<br \/>\n6.2.2. Termografia pasywna<br \/>\n6.2.3. Termografia aktywna<br \/>\n6.3. Istota bada\u0144 termowizyjnych<br \/>\n6.3.1. Wst\u0119p<br \/>\n6.3.2. Podstawa pomiaru termowizyjnego<br \/>\n6.3.3. Zalety i ograniczenia bada\u0144 termowizyjnych<br \/>\n6.3.4. Procedura wykonywania bada\u0144 termowizyjnych<br \/>\n6.3.5. Zasady wykonywania bada\u0144 termowizyjnych<br \/>\n6.3.6. Termowizyjne badania ilo\u015bciowe<br \/>\n6.4. Czynniki wp\u0142ywaj\u0105ce na dok\u0142adno\u015b\u0107 pomiar\u00f3w termowizyjnych<br \/>\n6.4. l. Czynniki \u015brodowiskowe oraz zwi\u0105zane z kamer\u0105 i z obiektem bada\u0144<br \/>\n6.4.2. Wsp\u00f3\u0142czynnik emisyjno\u015bci powierzchni<br \/>\n6.5. Przyczyny b\u0142\u0119d\u00f3w pomiarowych<br \/>\n6.6. Interpretacja termogram\u00f3w<br \/>\n6.7. Badania termowizyjne w budownictwie<br \/>\n6.7.1. Zakres termowizyjnych bada\u0144 w budownictwie<br \/>\n6.7.2. Badania budynk\u00f3w mieszkalnych i u\u017cyteczno\u015bci publicznej<br \/>\n6.7.3. Badania okien, drzwi balkonowych i fasad przeszklonych<br \/>\n6.7.4. Balkony<br \/>\n6.7.5. Po\u0142acie dachowe<br \/>\n6.7.6. Stropodachy<br \/>\n6.7.7. Instalacje centralnego ogrzewania, posadzki z ogrzewaniem pod\u0142ogowym<br \/>\n6.7.8. Przyk\u0142ady r\u00f3\u017cne<br \/>\n6.7.9. Jak nie nale\u017cy wykonywa\u0107 bada\u0144 termowizyjnych<br \/>\n6.7.10 Termografia lotnicza<br \/>\n6.7.11. Badania obiekt\u00f3w mostowych<br \/>\n6.8. Zakres raportu termograficznego<br \/>\n6.9. Czy zawsze badania kamer\u0105 termowizyjn\u0105<br \/>\n6.10. Standaryzacja kwalifikacji zawodowych personelu termograficznego <\/p>\n<p>7. Podsumowanie <\/p>\n<p>Literatura<br \/>\nStreszczenie w j\u0119zyku angielskim<\/p>\n","protected":false},"excerpt":{"rendered":"<p>Wydawnictwo: Politechnika Wroc\u0142awska Autor: Nowak Henryk ISBN 978-83-7493-676-7 Oprawa: twarda, [&hellip;]<\/p>\n","protected":false},"featured_media":8954,"template":"","meta":[],"product_brand":[],"product_cat":[7812,7836],"product_tag":[1453,6651,6650],"class_list":{"0":"post-5284","1":"product","2":"type-product","3":"status-publish","4":"has-post-thumbnail","6":"product_cat-architektura-i-budownictwo","7":"product_cat-budownictwo","8":"product_tag-budownictwo","9":"product_tag-diagnostyka-termowizyjna-budynkow","10":"product_tag-termowizja","12":"first","13":"outofstock","14":"sale","15":"shipping-taxable","16":"purchasable","17":"product-type-simple"},"_links":{"self":[{"href":"https:\/\/ksiegarnia-akademicka.pl\/index.php\/wp-json\/wp\/v2\/product\/5284","targetHints":{"allow":["GET"]}}],"collection":[{"href":"https:\/\/ksiegarnia-akademicka.pl\/index.php\/wp-json\/wp\/v2\/product"}],"about":[{"href":"https:\/\/ksiegarnia-akademicka.pl\/index.php\/wp-json\/wp\/v2\/types\/product"}],"wp:featuredmedia":[{"embeddable":true,"href":"https:\/\/ksiegarnia-akademicka.pl\/index.php\/wp-json\/wp\/v2\/media\/8954"}],"wp:attachment":[{"href":"https:\/\/ksiegarnia-akademicka.pl\/index.php\/wp-json\/wp\/v2\/media?parent=5284"}],"wp:term":[{"taxonomy":"product_brand","embeddable":true,"href":"https:\/\/ksiegarnia-akademicka.pl\/index.php\/wp-json\/wp\/v2\/product_brand?post=5284"},{"taxonomy":"product_cat","embeddable":true,"href":"https:\/\/ksiegarnia-akademicka.pl\/index.php\/wp-json\/wp\/v2\/product_cat?post=5284"},{"taxonomy":"product_tag","embeddable":true,"href":"https:\/\/ksiegarnia-akademicka.pl\/index.php\/wp-json\/wp\/v2\/product_tag?post=5284"}],"curies":[{"name":"wp","href":"https:\/\/api.w.org\/{rel}","templated":true}]}}